{"id":72361,"date":"2024-10-18T10:49:41","date_gmt":"2024-10-18T08:49:41","guid":{"rendered":"https:\/\/dacasas.es\/?page_id=72361"},"modified":"2025-02-10T18:11:04","modified_gmt":"2025-02-10T16:11:04","slug":"acheter-maison-denia","status":"publish","type":"page","link":"https:\/\/dacasas.es\/fr\/huis-kopen-denia\/","title":{"rendered":"Acheter une maison \u00e0 Denia"},"content":{"rendered":"<figure class=\"wp-block-image size-large\"><img fetchpriority=\"high\" decoding=\"async\" width=\"1024\" height=\"1024\" src=\"https:\/\/dacasas.es\/wp-content\/uploads\/2025\/02\/huis-kopen-denia-1024x1024.jpg\" alt=\"Acheter une maison \u00e0 Denia, c&#039;est possible avec Dacasas\" class=\"wp-image-72816\" title=\"\" srcset=\"https:\/\/dacasas.es\/wp-content\/uploads\/2025\/02\/huis-kopen-denia-1024x1024.jpg 1024w, https:\/\/dacasas.es\/wp-content\/uploads\/2025\/02\/huis-kopen-denia-300x300.jpg 300w, https:\/\/dacasas.es\/wp-content\/uploads\/2025\/02\/huis-kopen-denia-150x150.jpg 150w, https:\/\/dacasas.es\/wp-content\/uploads\/2025\/02\/huis-kopen-denia-768x768.jpg 768w, https:\/\/dacasas.es\/wp-content\/uploads\/2025\/02\/huis-kopen-denia-1536x1536.jpg 1536w, https:\/\/dacasas.es\/wp-content\/uploads\/2025\/02\/huis-kopen-denia-210x210.jpg 210w, https:\/\/dacasas.es\/wp-content\/uploads\/2025\/02\/huis-kopen-denia.jpg 1800w\" sizes=\"(max-width: 1024px) 100vw, 1024px\" \/><\/figure>\n\n\n\n<h2 class=\"wp-block-heading\"><strong>Acheter une maison \u00e0 Denia ? <\/strong><\/h2>\n\n\n\n<p><strong>D\u00e9couvrez comment acheter en toute s\u00e9curit\u00e9 et avec succ\u00e8s une propri\u00e9t\u00e9 dans cette belle ville c\u00f4ti\u00e8re.<\/strong><\/p>\n\n\n\n<p>Denia, situ\u00e9e sur l'\u00eele de <strong><a href=\"https:\/\/nl.wikipedia.org\/wiki\/Costa_Blanca\" target=\"_blank\" rel=\"noreferrer noopener\">Costa Blanca<\/a><\/strong>L'Espagne est l'un des plus beaux endroits o\u00f9 acheter une maison. Avec ses <strong>port pittoresque, plages de sable dor\u00e9 et vieille ville pittoresque<\/strong> Denia attire \u00e0 la fois les acheteurs internationaux et les Espagnols \u00e0 la recherche d'un endroit o\u00f9 vivre. <strong>Mode de vie m\u00e9diterran\u00e9en<\/strong>.<\/p>\n\n\n\n<p>Que vous ayez un <strong>maison de vacances, r\u00e9sidence permanente ou bien d'investissement<\/strong> Pour ce qui est de la recherche de logement, Denia offre un large \u00e9ventail d'options. Dans ce guide, vous d\u00e9couvrirez pourquoi l'achat d'une maison \u00e0 Denia est un choix judicieux, quels sont les meilleurs quartiers et comment mener \u00e0 bien le processus d'achat.<\/p>\n\n\n\n<h2 class=\"wp-block-heading\"><strong>Pourquoi acheter une maison Denia ?<\/strong><\/h2>\n\n\n\n<p>Denia est une <strong>lieu unique<\/strong> avec un m\u00e9lange parfait de nature, de culture et d'\u00e9quipements modernes. Voici quelques-unes des raisons pour lesquelles de plus en plus de personnes choisissent une propri\u00e9t\u00e9 \u00e0 Denia :<\/p>\n\n\n\n<ul class=\"wp-block-list\">\n<li><strong>Plus de 320 jours de soleil par an<\/strong>Les conditions climatiques sont id\u00e9ales tout au long de l'ann\u00e9e.<\/li>\n\n\n\n<li><strong>Belles plages et nature<\/strong>Les plages de sable fin, les criques escarp\u00e9es et l'impressionnant paysage de la mer d'Aral sont autant d'exemples de ce qu'il est possible de faire. <strong>Monts Montg\u00f3<\/strong>.<\/li>\n\n\n\n<li><strong>Caract\u00e8re espagnol authentique<\/strong>Les villes d'Europe : des bars \u00e0 tapas accueillants, un ch\u00e2teau historique et des march\u00e9s anim\u00e9s.<\/li>\n\n\n\n<li><strong>Excellentes installations<\/strong>Les services de sant\u00e9 et d'\u00e9ducation : magasins, restaurants, \u00e9coles internationales et soins de sant\u00e9.<\/li>\n\n\n\n<li><strong>Situation id\u00e9ale<\/strong>Entre Valence et Alicante, avec deux a\u00e9roports internationaux facilement accessibles.<\/li>\n\n\n\n<li><strong>Un march\u00e9 immobilier solide<\/strong>La Commission europ\u00e9enne a adopt\u00e9 un plan d'action pour l'avenir de l'Union europ\u00e9enne.<\/li>\n<\/ul>\n\n\n\n<p>Denia est l'un des rares endroits o\u00f9 l'on peut encore <strong>D\u00e9couvrez l'Espagne authentique<\/strong>tout en b\u00e9n\u00e9ficiant de toutes les commodit\u00e9s modernes.<\/p>\n\n\n\n<h2 class=\"wp-block-heading\"><strong>Quel type d'achat de maison Denia ?<\/strong><\/h2>\n\n\n\n<p>Denia propose une offre de logement vari\u00e9e, allant des villas de luxe avec vue sur la mer aux appartements abordables.<\/p>\n\n\n\n<h3 class=\"wp-block-heading\"><strong>Villas dans Denia<\/strong><\/h3>\n\n\n\n<p>Parfait pour ceux qui recherchent <strong>intimit\u00e9, luxe et espace<\/strong>. De nombreuses villas ont <strong>une piscine, de grands jardins et une vue spectaculaire sur la mer ou la montagne<\/strong>.<\/p>\n\n\n\n<p><strong>Les meilleurs quartiers pour les villas :<\/strong> Las Rotas, San Juan, Montg\u00f3, La Sella Golf<\/p>\n\n\n\n<h3 class=\"wp-block-heading\"><strong>Appartements dans le centre et pr\u00e8s de la plage<\/strong><\/h3>\n\n\n\n<p>Id\u00e9al pour ceux qui veulent tout avoir \u00e0 port\u00e9e de main. Les appartements situ\u00e9s dans le centre-ville ou au bord de la plage sont tr\u00e8s pris\u00e9s, que ce soit pour un usage personnel ou pour la location.<\/p>\n\n\n\n<p><strong>Les meilleurs endroits :<\/strong> Centre de Denia, Las Marinas, zone portuaire, El Puerto<\/p>\n\n\n\n<h3 class=\"wp-block-heading\"><strong>Fincas et maisons rurales<\/strong><\/h3>\n\n\n\n<p>Pour qui <strong>la paix et la nature<\/strong> recherche, il existe de magnifiques fincas et maisons de campagne juste \u00e0 l'ext\u00e9rieur de Denia. Souvent avec <strong>grandes parcelles de terrain, vignes et oliviers<\/strong>.<\/p>\n\n\n\n<p><strong>Les meilleures r\u00e9gions :<\/strong> Jes\u00fas Pobre, La Xara, Pedreguer<\/p>\n\n\n\n<h3 class=\"wp-block-heading\"><strong>Nouveaux b\u00e2timents et maisons modernes<\/strong><\/h3>\n\n\n\n<p>Voulez-vous un <strong>maison toute neuve<\/strong> avec des finitions modernes ? De nouveaux projets de construction voient r\u00e9guli\u00e8rement le jour \u00e0 Denia, qu'il s'agisse de villas de luxe ou d'appartements avec piscine commune.<\/p>\n\n\n\n<p><strong>Les meilleures zones de construction neuve :<\/strong> La Pedrera, El Verger, Las Marinas<\/p>\n\n\n\n<h2 class=\"wp-block-heading\"><strong>Comment acheter une maison \u00e0 Denia ?<\/strong><\/h2>\n\n\n\n<p>L'achat d'une maison en Espagne ne se fait pas de la m\u00eame mani\u00e8re qu'aux Pays-Bas ou en Belgique. Voici un <strong>feuille de route<\/strong> Pour que le processus se d\u00e9roule sans heurts.<\/p>\n\n\n\n<h3 class=\"wp-block-heading\"><strong>1. D\u00e9terminer votre budget et votre financement<\/strong><\/h3>\n\n\n\n<p>Avant de commencer \u00e0 chercher, il est important de garder votre <strong>budget<\/strong> d\u00e9terminer. Tenir compte des co\u00fbts suppl\u00e9mentaires tels que<\/p>\n\n\n\n<ul class=\"wp-block-list\">\n<li><strong>Droits de mutation (6-10%)<\/strong><\/li>\n\n\n\n<li><strong>Frais de notaire et d'enregistrement (1-3%)<\/strong><\/li>\n\n\n\n<li><strong>Conseils hypoth\u00e9caires et frais bancaires (1-2%)<\/strong><\/li>\n<\/ul>\n\n\n\n<p>Si vous avez besoin d'un pr\u00eat hypoth\u00e9caire, vous pouvez obtenir jusqu'\u00e0 <strong>70% du financement de la valeur du logement<\/strong> en tant que non-r\u00e9sident.<\/p>\n\n\n\n<h3 class=\"wp-block-heading\"><strong>2. Choisir le bon emplacement \u00e0 Denia<\/strong><\/h3>\n\n\n\n<p>Denia compte plusieurs quartiers, chacun avec son propre charme :<\/p>\n\n\n\n<ul class=\"wp-block-list\">\n<li><strong>Centre de Denia et zone portuaire<\/strong>Le quartier : vivant, tout est accessible \u00e0 pied.<\/li>\n\n\n\n<li><strong>Las Marinas<\/strong>Les maisons de vacances en bord de mer sont tr\u00e8s pris\u00e9es.<\/li>\n\n\n\n<li><strong>Les rotations<\/strong>Les villas exclusives sont situ\u00e9es dans un environnement verdoyant.<\/li>\n\n\n\n<li><strong>Montg\u00f3<\/strong>: Des vues \u00e0 couper le souffle et des villas de luxe.<\/li>\n\n\n\n<li><strong>La Sella Golf<\/strong>Pour les amateurs de golf et de tranquillit\u00e9.<\/li>\n<\/ul>\n\n\n\n<h3 class=\"wp-block-heading\"><strong>3. Trouver un agent immobilier fiable<\/strong><\/h3>\n\n\n\n<p>A <strong>bon courtier<\/strong> vous aide \u00e0 \u00e9viter les pi\u00e8ges et \u00e0 trouver la bonne propri\u00e9t\u00e9. Choisissez un agent immobilier qui :<\/p>\n\n\n\n<ul class=\"wp-block-list\">\n<li><strong>N\u00e9erlandophone ou anglophone<\/strong><\/li>\n\n\n\n<li><strong>est transparent sur les co\u00fbts et les conditions<\/strong><\/li>\n\n\n\n<li><strong>Bonne connaissance du march\u00e9 local<\/strong><\/li>\n<\/ul>\n\n\n\n<h3 class=\"wp-block-heading\"><strong>4. Visualiser et comparer les logements<\/strong><\/h3>\n\n\n\n<p>Planifiez les visites et v\u00e9rifiez que tout va bien :<\/p>\n\n\n\n<ul class=\"wp-block-list\">\n<li><strong>\u00c9tat architectural<\/strong> - Y a-t-il des vices cach\u00e9s ?<\/li>\n\n\n\n<li><strong>Documents relatifs \u00e0 la propri\u00e9t\u00e9<\/strong> - Le bien est-il correctement enregistr\u00e9 ?<\/li>\n\n\n\n<li><strong>Licences<\/strong> - Particuli\u00e8rement important dans les maisons anciennes et les transformations.<\/li>\n<\/ul>\n\n\n\n<h3 class=\"wp-block-heading\"><strong>5. N\u00e9gocier et faire une offre<\/strong><\/h3>\n\n\n\n<p>En Espagne, il s'agit de <strong>habitude de n\u00e9gocier<\/strong>. Discutez avec votre courtier d'une <strong>offre r\u00e9aliste<\/strong> Bas\u00e9 sur :<\/p>\n\n\n\n<ul class=\"wp-block-list\">\n<li>Prix de vente comparables \u00e0 proximit\u00e9.<\/li>\n\n\n\n<li>Co\u00fbts de r\u00e9novation possibles.<\/li>\n\n\n\n<li>Qu'est-ce qui est inclus ? (meubles, piscine, extras)<\/li>\n<\/ul>\n\n\n\n<p>Apr\u00e8s accord, vous signez un <strong>contrat de r\u00e9servation (Contrato de Reserva)<\/strong> et vous payez un acompte.<\/p>\n\n\n\n<h3 class=\"wp-block-heading\"><strong>6. Contr\u00f4le juridique et contrat de vente<\/strong><\/h3>\n\n\n\n<p>Un espagnol <strong>avocat<\/strong> des contr\u00f4les :<\/p>\n\n\n\n<ul class=\"wp-block-list\">\n<li><strong>L'existence de dettes sur le bien.<\/strong><\/li>\n\n\n\n<li><strong>Si tous les permis sont en r\u00e8gle.<\/strong><\/li>\n\n\n\n<li><strong>Les conditions de l'acte de vente.<\/strong><\/li>\n<\/ul>\n\n\n\n<p>Ensuite, vous dessinez le <strong>contrat de vente pr\u00e9liminaire (Contrato de Arras)<\/strong> et vous payez g\u00e9n\u00e9ralement <strong>10% acompte<\/strong>.<\/p>\n\n\n\n<h3 class=\"wp-block-heading\"><strong>7. Transfert officiel chez le notaire<\/strong><\/h3>\n\n\n\n<p>La derni\u00e8re \u00e9tape est la signature du <strong>escritura p\u00fablica (acte de vente officiel)<\/strong> chez le notaire. Vous payez le solde du prix d'achat et recevez les cl\u00e9s.<\/p>\n\n\n\n<h2 class=\"wp-block-heading\"><strong>Questions fr\u00e9quemment pos\u00e9es sur l'achat d'une maison \u00e0 Denia<\/strong><\/h2>\n\n\n\n<h3 class=\"wp-block-heading\"><strong>Combien co\u00fbte en moyenne une maison \u00e0 Denia ?<\/strong><\/h3>\n\n\n\n<ul class=\"wp-block-list\">\n<li><strong>Appartement dans le centre ville :<\/strong> \u00e0 partir de 150 000 euros<\/li>\n\n\n\n<li><strong>Villa avec vue sur la mer :<\/strong> \u00e0 partir de 400 000 euros<\/li>\n\n\n\n<li><strong>Appartement nouvellement construit :<\/strong> \u00e0 partir de 180 000<\/li>\n<\/ul>\n\n\n\n<h3 class=\"wp-block-heading\"><strong>Puis-je acheter une maison en Espagne en tant qu'\u00e9tranger ?<\/strong><\/h3>\n\n\n\n<p>Oui, en tant qu'\u00e9tranger, vous pouvez acheter une propri\u00e9t\u00e9 en Espagne sans restrictions. Vous avez besoin d'un <strong>Num\u00e9ro NIE<\/strong> n\u00e9cessaires.<\/p>\n\n\n\n<h3 class=\"wp-block-heading\"><strong>Puis-je obtenir un pr\u00eat hypoth\u00e9caire en Espagne ?<\/strong><\/h3>\n\n\n\n<p>Oui, les banques espagnoles accordent des pr\u00eats hypoth\u00e9caires jusqu'\u00e0 <strong>70% de la valeur de la maison<\/strong>.<\/p>\n\n\n\n<h3 class=\"wp-block-heading\"><strong>Quels sont les frais suppl\u00e9mentaires li\u00e9s \u00e0 l'achat d'une maison \u00e0 Denia ?<\/strong><\/h3>\n\n\n\n<ul class=\"wp-block-list\">\n<li><strong>Droits de mutation :<\/strong> 6-10%<\/li>\n\n\n\n<li><strong>Frais de notaire :<\/strong> 1-3%<\/li>\n\n\n\n<li><strong>Frais de justice :<\/strong> 1-2%<\/li>\n\n\n\n<li><strong>Frais de constitution de l'hypoth\u00e8que :<\/strong> 1-2%<\/li>\n<\/ul>\n\n\n\n<h2 class=\"wp-block-heading\"><strong>Conclusion - acheter la maison de vos r\u00eaves \u00e0 Denia ? Commencez ici !<\/strong><\/h2>\n\n\n\n<p>Que vous ayez un <strong>une maison de vacances, un investissement ou une r\u00e9sidence permanente<\/strong> cherche, Denia offre tout : le soleil, la mer, la culture et un march\u00e9 immobilier florissant.<\/p>\n\n\n\n<p>Envie de d\u00e9couvrir les meilleures propri\u00e9t\u00e9s ? <strong>Contact <\/strong><a href=\"https:\/\/dacasas.es\/fr\/\"><strong>Dacasas.es<\/strong><\/a> pour des offres exclusives et des conseils professionnels ! <\/p>","protected":false},"excerpt":{"rendered":"<p>Vous achetez une maison \u00e0 Denia ? D\u00e9couvrez comment acheter en toute s\u00e9curit\u00e9 et avec succ\u00e8s une propri\u00e9t\u00e9 dans cette belle ville c\u00f4ti\u00e8re. Denia, situ\u00e9e sur la Costa Blanca, est l'un des plus beaux endroits o\u00f9 acheter une maison en Espagne. Avec son port pittoresque, ses plages de sable dor\u00e9 et sa vieille ville pittoresque, Denia attire \u00e0 la fois les acheteurs internationaux et les...<\/p>","protected":false},"author":2,"featured_media":0,"parent":0,"menu_order":0,"comment_status":"closed","ping_status":"closed","template":"","meta":{"footnotes":""},"class_list":["post-72361","page","type-page","status-publish","hentry"],"_links":{"self":[{"href":"https:\/\/dacasas.es\/fr\/wp-json\/wp\/v2\/pages\/72361","targetHints":{"allow":["GET"]}}],"collection":[{"href":"https:\/\/dacasas.es\/fr\/wp-json\/wp\/v2\/pages"}],"about":[{"href":"https:\/\/dacasas.es\/fr\/wp-json\/wp\/v2\/types\/page"}],"author":[{"embeddable":true,"href":"https:\/\/dacasas.es\/fr\/wp-json\/wp\/v2\/users\/2"}],"replies":[{"embeddable":true,"href":"https:\/\/dacasas.es\/fr\/wp-json\/wp\/v2\/comments?post=72361"}],"version-history":[{"count":8,"href":"https:\/\/dacasas.es\/fr\/wp-json\/wp\/v2\/pages\/72361\/revisions"}],"predecessor-version":[{"id":72826,"href":"https:\/\/dacasas.es\/fr\/wp-json\/wp\/v2\/pages\/72361\/revisions\/72826"}],"wp:attachment":[{"href":"https:\/\/dacasas.es\/fr\/wp-json\/wp\/v2\/media?parent=72361"}],"curies":[{"name":"wp","href":"https:\/\/api.w.org\/{rel}","templated":true}]}}