{"id":72357,"date":"2024-10-18T10:49:20","date_gmt":"2024-10-18T08:49:20","guid":{"rendered":"https:\/\/dacasas.es\/?page_id=72357"},"modified":"2024-11-22T12:56:23","modified_gmt":"2024-11-22T10:56:23","slug":"achat-dune-maison-en-costa-blanca","status":"publish","type":"page","link":"https:\/\/dacasas.es\/fr\/huis-kopen-aan-de-costa-blanca\/","title":{"rendered":"Acheter une maison sur la Costa Blanca"},"content":{"rendered":"<figure class=\"wp-block-image size-large\"><img fetchpriority=\"high\" decoding=\"async\" width=\"1024\" height=\"768\" src=\"https:\/\/dacasas.es\/wp-content\/uploads\/2024\/11\/huis-kopen-costa-blanca-1024x768.jpg\" alt=\"Acheter une maison sur la Costa Blanca avec Dacasas\" class=\"wp-image-72505\" title=\"\" srcset=\"https:\/\/dacasas.es\/wp-content\/uploads\/2024\/11\/huis-kopen-costa-blanca-1024x768.jpg 1024w, https:\/\/dacasas.es\/wp-content\/uploads\/2024\/11\/huis-kopen-costa-blanca-300x225.jpg 300w, https:\/\/dacasas.es\/wp-content\/uploads\/2024\/11\/huis-kopen-costa-blanca-768x576.jpg 768w, https:\/\/dacasas.es\/wp-content\/uploads\/2024\/11\/huis-kopen-costa-blanca-150x113.jpg 150w, https:\/\/dacasas.es\/wp-content\/uploads\/2024\/11\/huis-kopen-costa-blanca-680x510.jpg 680w, https:\/\/dacasas.es\/wp-content\/uploads\/2024\/11\/huis-kopen-costa-blanca.jpg 1400w\" sizes=\"(max-width: 1024px) 100vw, 1024px\" \/><\/figure>\n\n\n\n<p>Les <a href=\"https:\/\/nl.wikipedia.org\/wiki\/Costa_Blanca\" target=\"_blank\" data-type=\"link\" data-id=\"https:\/\/nl.wikipedia.org\/wiki\/Costa_Blanca\" rel=\"noreferrer noopener\">Costa Blanca<\/a> est l'une des r\u00e9gions les plus populaires d'Espagne pour ceux qui recherchent une r\u00e9sidence secondaire, une r\u00e9sidence permanente ou un investissement immobilier intelligent. Ce magnifique littoral, qui s'\u00e9tend de Denia au nord \u00e0 Pilar de la Horadada au sud, offre une combinaison de soleil, de mer, de culture et de style de vie d\u00e9contract\u00e9. A <strong>Dacasas<\/strong> nous sommes heureux de vous aider \u00e0 acheter une maison sur la Costa Blanca.<\/p>\n\n\n\n<h2 class=\"wp-block-heading\"><strong>Pourquoi choisir la Costa Blanca ?<\/strong><\/h2>\n\n\n\n<p>La Costa Blanca a tout ce qu'il faut pour une vie pleine de confort et de plaisir. Voici quelques-unes des raisons pour lesquelles cette r\u00e9gion est si populaire :<\/p>\n\n\n\n<ol class=\"wp-block-list\">\n<li><strong>Climat ensoleill\u00e9 :<\/strong> Avec plus de 300 jours de soleil par an, vous b\u00e9n\u00e9ficierez ici d'un climat m\u00e9diterran\u00e9en agr\u00e9able.<\/li>\n\n\n\n<li><strong>De belles plages :<\/strong> Des longues plages de sable aux criques cach\u00e9es, le littoral est id\u00e9al pour la d\u00e9tente et les sports nautiques.<\/li>\n\n\n\n<li><strong>Villages authentiques :<\/strong> D\u00e9couvrez de charmants villages comme Altea, Moraira et Javea, chacun avec son atmosph\u00e8re unique.<\/li>\n\n\n\n<li><strong>Bonnes installations :<\/strong> La r\u00e9gion dispose d'excellentes infrastructures, d'h\u00f4pitaux modernes et d'un large \u00e9ventail de magasins, de restaurants et d'\u00e9coles.<\/li>\n\n\n\n<li><strong>Accessibilit\u00e9 :<\/strong> Avec les a\u00e9roports internationaux d'Alicante et de Valence, la Costa Blanca est facilement accessible depuis toute l'Europe.<\/li>\n<\/ol>\n\n\n\n<h3 class=\"wp-block-heading\">Achat d'une maison <strong>sur la Costa Blanca<\/strong> - Notre offre<\/h3>\n\n\n\n<p>Au <strong>Dacasas<\/strong> nous proposons un large \u00e9ventail de propri\u00e9t\u00e9s pour r\u00e9pondre aux diff\u00e9rents go\u00fbts et budgets. Que vous recherchiez un appartement moderne, une villa de luxe avec piscine ou une finca traditionnelle \u00e0 l'int\u00e9rieur des terres, nous avons la propri\u00e9t\u00e9 id\u00e9ale pour vous.<\/p>\n\n\n\n<p>Notre portefeuille comprend<\/p>\n\n\n\n<ul class=\"wp-block-list\">\n<li><strong>Les appartements :<\/strong> Id\u00e9al pour ceux qui souhaitent vivre \u00e0 proximit\u00e9 des commodit\u00e9s et de la c\u00f4te.<\/li>\n\n\n\n<li><strong>Villas :<\/strong> Des maisons spacieuses avec des piscines priv\u00e9es et des vues magnifiques.<\/li>\n\n\n\n<li><strong>Fincas :<\/strong> Des maisons rurales authentiques, parfaites pour ceux qui aiment la paix et la nature.<\/li>\n\n\n\n<li><strong>Nouveaux projets de construction :<\/strong> Des maisons modernes dot\u00e9es des derni\u00e8res technologies et de mat\u00e9riaux durables.<\/li>\n<\/ul>\n\n\n\n<div id=\"ere_shortcode_1\"  class=\"ere_latest_properties_ajax ere_ele_property_ajax_target\"><div class=\"home-properties-section-inner-target\"><div class=\"listing-layout inspiry-shortcode\"><div class=\"list-container clearfix\">\n<article class=\"rh_list_card\">\n\n\t<div class=\"rh_list_card__wrap\">\n\n\t\t<figure class=\"rh_list_card__thumbnail\">\n            <div class=\"rh_figure_property_list_one\">\n\t\t\t\n\t\t\t<a href=\"https:\/\/dacasas.es\/fr\/woning\/appartementen-las-vilas-villajoyosa\/\">\n\t\t\t\t\t\t\t\t\t\t\t\t\t\t<div class=\"post_thumbnail\" style=\"background: url('https:\/\/fakeimg.pl\/680x510?&#038;text=Dacasas') 50% 50% no-repeat; background-size: cover;\"><\/div>\n\t\t\t\t\t<!-- \/.post_thumbnail -->\n\t\t\t\t\t\t\t<\/a>\n\n\t\t\t<div class=\"rh_overlay\"><\/div>\n\t\t\t<div class=\"rh_overlay__contents rh_overlay__fadeIn-bottom\">\n\t\t\t\t<a href=\"https:\/\/dacasas.es\/fr\/woning\/appartementen-las-vilas-villajoyosa\/\">Plus d'informations<\/a>\n\t\t\t<\/div>\n\t\t\t<!-- \/.rh_overlay__contents -->\n\n\t\t\t            <\/div>\n\n            <div class=\"rh_list_card__btns\">\n\t\t\t\t            <\/div>\n\t\t\t<!-- \/.rh_list_card__btns -->\n\t\t<\/figure>\n\t\t<!-- \/.rh_list_card__thumbnail -->\n\n\t\t<div class=\"rh_list_card__details_wrap\">\n\n\t\t\t<div class=\"rh_list_card__details\">\n\n\t\t\t\t<h3>\n\t\t\t\t\t<a href=\"https:\/\/dacasas.es\/fr\/woning\/appartementen-las-vilas-villajoyosa\/\">Appartements Villajoyosa<\/a>\n\t\t\t\t<\/h3>\n\t\t\t\t<p class=\"rh_list_card__excerpt\">Complexe de 32 appartements avec...<\/p>\n\t\t\t\t<!-- \/.rh_list_card__excerpt -->\n\n\t\t\t\t<div class=\"rh_list_card__meta_wrap\">\n\n\t\t\t\t\t\n\t\t\t\t\t\n\t\t\t\t\t\n\t\t\t\t<\/div>\n\t\t\t\t<!-- \/.rh_list_card__meta_wrap -->\n\n\t\t\t<\/div>\n\t\t\t<!-- \/.rh_list_card__details -->\n\n\t\t\t<div class=\"rh_list_card__priceLabel\">\n\n\t\t\t\t<div class=\"rh_list_card__price\">\n\t\t\t\t\t<h4 class=\"status\">\n\t\t\t\t\t\tVendu !\t\t\t\t\t<\/h4>\n\t\t\t\t\t<!-- \/.rh_prop_card__type -->\n\n\t\t\t\t\t<p class=\"price\">\n\t\t\t\t\t\t\u00e0 partir de 175 000 euros \t\t\t\t\t<\/p>\n\t\t\t\t\t<!-- \/.price -->\n\t\t\t\t<\/div>\n\t\t\t\t<!-- \/.rh_list_card__price -->\n\n\t\t\t\t<p class=\"rh_list_card__author\">\n\t\t\t\t\tPar\t\t\t\t\t<span class=\"author\">\n\t\t\t\t\t\tDacasas\t\t\t\t\t<\/span>\n\t\t\t\t\t<!-- \/.name -->\n\t\t\t\t<\/p>\n\t\t\t\t<!-- \/.rh_list_card__author -->\n\n\t\t\t<\/div>\n\t\t\t<!-- \/.rh_list_card__priceLabel -->\n\n\t\t<\/div>\n\t\t<!-- \/.rh_list_card__details_wrap -->\n\n\t<\/div>\n\t<!-- \/.rh_list_card__wrap -->\n\n<\/article>\n<!-- \/.rh_list_card -->\n\n<article class=\"rh_list_card\">\n\n\t<div class=\"rh_list_card__wrap\">\n\n\t\t<figure class=\"rh_list_card__thumbnail\">\n            <div class=\"rh_figure_property_list_one\">\n\t\t\t\n\t\t\t<a href=\"https:\/\/dacasas.es\/fr\/woning\/appartement-aan-de-haven-van-denia\/\">\n\t\t\t\t\t\t\t\t\t\t\t\t\t\t<div class=\"post_thumbnail\" style=\"background: url('https:\/\/dacasas.es\/wp-content\/uploads\/2024\/05\/Dacasas-Denia-5-488x326.jpg') 50% 50% no-repeat; background-size: cover;\"><\/div>\n\t\t\t\t\t<!-- \/.post_thumbnail -->\n\t\t\t\t\t\t\t<\/a>\n\n\t\t\t<div class=\"rh_overlay\"><\/div>\n\t\t\t<div class=\"rh_overlay__contents rh_overlay__fadeIn-bottom\">\n\t\t\t\t<a href=\"https:\/\/dacasas.es\/fr\/woning\/appartement-aan-de-haven-van-denia\/\">Plus d'informations<\/a>\n\t\t\t<\/div>\n\t\t\t<!-- \/.rh_overlay__contents -->\n\n\t\t\t            <\/div>\n\n            <div class=\"rh_list_card__btns\">\n\t\t\t\t            <\/div>\n\t\t\t<!-- \/.rh_list_card__btns -->\n\t\t<\/figure>\n\t\t<!-- \/.rh_list_card__thumbnail -->\n\n\t\t<div class=\"rh_list_card__details_wrap\">\n\n\t\t\t<div class=\"rh_list_card__details\">\n\n\t\t\t\t<h3>\n\t\t\t\t\t<a href=\"https:\/\/dacasas.es\/fr\/woning\/appartement-aan-de-haven-van-denia\/\">Appartement au port de Denia<\/a>\n\t\t\t\t<\/h3>\n\t\t\t\t<p class=\"rh_list_card__excerpt\">Bel appartement sur le port...<\/p>\n\t\t\t\t<!-- \/.rh_list_card__excerpt -->\n\n\t\t\t\t<div class=\"rh_list_card__meta_wrap\">\n\n\t\t\t\t\t\t\t\t\t\t\t<div class=\"rh_list_card__meta\">\n\t\t\t\t\t\t\t<h4>Chambres<\/h4>\n\t\t\t\t\t\t\t<div>\n\t\t\t\t\t\t\t\t<svg class=\"rh_svg\" xmlns=\"http:\/\/www.w3.org\/2000\/svg\" width=\"24\" height=\"24\" viewbox=\"0 0 24 24\">\n  <path d=\"M1111.91,600.993h16.17a2.635,2.635,0,0,1,2.68,1.773l1.21,11.358a2.456,2.456,0,0,1-2.61,2.875h-18.73a2.46,2.46,0,0,1-2.61-2.875l1.21-11.358A2.635,2.635,0,0,1,1111.91,600.993Zm0.66-7.994h3.86c1.09,0,2.57.135,2.57,1l0.01,3.463c0.14,0.838-1.72,1.539-2.93,1.539h-4.17c-1.21,0-2.07-.7-1.92-1.539l0.37-3.139A2.146,2.146,0,0,1,1112.57,593Zm11,0h3.86a2.123,2.123,0,0,1,2.2,1.325l0.38,3.139c0.14,0.838-.72,1.539-1.93,1.539h-5.17c-1.21,0-2.07-.7-1.92-1.539L1121,594C1121,593.1,1122.48,593,1123.57,593Z\" transform=\"translate(-1108 -593)\"\/>\n<\/svg>\t\t\t\t\t\t\t\t<span class=\"figure\">2<\/span>\n\t\t\t\t\t\t\t<\/div>\n\t\t\t\t\t\t<\/div>\n\t\t\t\t\t\t<!-- \/.rh_list_card__meta -->\n\t\t\t\t\t\n\t\t\t\t\t\t\t\t\t\t\t<div class=\"rh_list_card__meta\">\n\t\t\t\t\t\t\t<h4>Salles de bain<\/h4>\n\t\t\t\t\t\t\t<div>\n\t\t\t\t\t\t\t\t<svg class=\"rh_svg\" xmlns=\"http:\/\/www.w3.org\/2000\/svg\" width=\"23.69\" height=\"24\" viewbox=\"0 0 23.69 24\">\n  <path d=\"M1204,601a8,8,0,0,1,16,0v16h-2V601a6,6,0,0,0-12,0v1h-2v-1Zm7,6a6,6,0,0,0-12,0h12Zm-6,2a1,1,0,0,1,1,1v1a1,1,0,0,1-2,0v-1A1,1,0,0,1,1205,609Zm0,5a1,1,0,0,1,1,1v1a1,1,0,0,1-2,0v-1A1,1,0,0,1,1205,614Zm4.94-5.343a1,1,0,0,1,1.28.6l0.69,0.878a1,1,0,0,1-1.88.685l-0.69-.879A1,1,0,0,1,1209.94,608.657Zm2.05,4.638a1,1,0,0,1,1.28.6l0.35,0.94a1.008,1.008,0,0,1-.6,1.282,1,1,0,0,1-1.28-.6l-0.35-.939A1.008,1.008,0,0,1,1211.99,613.295Zm-11.93-4.638a1,1,0,0,1,.6,1.282l-0.69.879a1,1,0,1,1-1.87-.682l0.68-.88A1,1,0,0,1,1200.06,608.657Zm-2.05,4.639a1,1,0,0,1,.6,1.281l-0.34.941a1,1,0,0,1-1.88-.683l0.34-.94A1,1,0,0,1,1198.01,613.3Z\" transform=\"translate(-1196.31 -593)\"\/>\n<\/svg>\n\t\t\t\t\t\t\t\t<span class=\"figure\">2<\/span>\n\t\t\t\t\t\t\t<\/div>\n\t\t\t\t\t\t<\/div>\n\t\t\t\t\t\t<!-- \/.rh_list_card__meta -->\n\t\t\t\t\t\n\t\t\t\t\t\t\t\t\t\t\t<div class=\"rh_list_card__meta\">\n\t\t\t\t\t\t\t<h4>Surface<\/h4>\n\t\t\t\t\t\t\t<div>\n\t\t\t\t\t\t\t\t<svg class=\"rh_svg\" version=\"1.1\" xmlns=\"http:\/\/www.w3.org\/2000\/svg\" xmlns:xlink=\"http:\/\/www.w3.org\/1999\/xlink\" x=\"0px\" y=\"0px\"\n\t width=\"24px\" height=\"24px\" viewbox=\"0 0 24 24\" enable-background=\"new 0 0 24 24\" xml:space=\"preserve\">\n<g>\n\t<circle cx=\"2\" cy=\"2\" r=\"2\"\/>\n<\/g>\n<g>\n\t<circle cx=\"2\" cy=\"22\" r=\"2\"\/>\n<\/g>\n<g>\n\t<circle cx=\"22\" cy=\"2\" r=\"2\"\/>\n<\/g>\n<rect x=\"1\" y=\"1\" width=\"2\" height=\"22\"\/>\n<rect x=\"1\" y=\"1\" width=\"22\" height=\"2\"\/>\n<path opacity=\"0.5\" d=\"M23,20.277V1h-2v19.277C20.7,20.452,20.452,20.7,20.277,21H1v2h19.277c0.347,0.596,0.984,1,1.723,1\tc1.104,0,2-0.896,2-2C24,21.262,23.596,20.624,23,20.277z\"\/>\n<\/svg>\n\t\t\t\t\t\t\t\t<span class=\"figure\">\n\t\t\t\t\t\t\t\t\t80\t\t\t\t\t\t\t\t<\/span>\n\t\t\t\t\t\t\t\t\t\t\t\t\t\t\t\t\t<span class=\"label\">\n\t\t\t\t\t\t\t\t\t\tm\u00b2\t\t\t\t\t\t\t\t\t<\/span>\n\t\t\t\t\t\t\t\t\t\t\t\t\t\t\t<\/div>\n\t\t\t\t\t\t<\/div>\n\t\t\t\t\t\t<!-- \/.rh_list_card__meta -->\n\t\t\t\t\t\n\t\t\t\t<\/div>\n\t\t\t\t<!-- \/.rh_list_card__meta_wrap -->\n\n\t\t\t<\/div>\n\t\t\t<!-- \/.rh_list_card__details -->\n\n\t\t\t<div class=\"rh_list_card__priceLabel\">\n\n\t\t\t\t<div class=\"rh_list_card__price\">\n\t\t\t\t\t<h4 class=\"status\">\n\t\t\t\t\t\tVendu !\t\t\t\t\t<\/h4>\n\t\t\t\t\t<!-- \/.rh_prop_card__type -->\n\n\t\t\t\t\t<p class=\"price\">\n\t\t\t\t\t\t \u20ac183.000 \t\t\t\t\t<\/p>\n\t\t\t\t\t<!-- \/.price -->\n\t\t\t\t<\/div>\n\t\t\t\t<!-- \/.rh_list_card__price -->\n\n\t\t\t\t<p class=\"rh_list_card__author\">\n\t\t\t\t\tPar\t\t\t\t\t<span class=\"author\">\n\t\t\t\t\t\tDacasas\t\t\t\t\t<\/span>\n\t\t\t\t\t<!-- \/.name -->\n\t\t\t\t<\/p>\n\t\t\t\t<!-- \/.rh_list_card__author -->\n\n\t\t\t<\/div>\n\t\t\t<!-- \/.rh_list_card__priceLabel -->\n\n\t\t<\/div>\n\t\t<!-- \/.rh_list_card__details_wrap -->\n\n\t<\/div>\n\t<!-- \/.rh_list_card__wrap -->\n\n<\/article>\n<!-- \/.rh_list_card -->\n\n<article class=\"rh_list_card\">\n\n\t<div class=\"rh_list_card__wrap\">\n\n\t\t<figure class=\"rh_list_card__thumbnail\">\n            <div class=\"rh_figure_property_list_one\">\n\t\t\t\n\t\t\t<a href=\"https:\/\/dacasas.es\/fr\/woning\/half-open-bebouwing-els-poblets\/\">\n\t\t\t\t\t\t\t\t\t\t\t\t\t\t<div class=\"post_thumbnail\" style=\"background: url('https:\/\/dacasas.es\/wp-content\/uploads\/2023\/09\/Dacasas-Denia-sold-488x326.jpg') 50% 50% no-repeat; background-size: cover;\"><\/div>\n\t\t\t\t\t<!-- \/.post_thumbnail -->\n\t\t\t\t\t\t\t<\/a>\n\n\t\t\t<div class=\"rh_overlay\"><\/div>\n\t\t\t<div class=\"rh_overlay__contents rh_overlay__fadeIn-bottom\">\n\t\t\t\t<a href=\"https:\/\/dacasas.es\/fr\/woning\/half-open-bebouwing-els-poblets\/\">Plus d'informations<\/a>\n\t\t\t<\/div>\n\t\t\t<!-- \/.rh_overlay__contents -->\n\n\t\t\t            <span style=\"background: #dd3333\"                  class='property-label'>Vendu !<\/span>\n\t\t\t            <\/div>\n\n            <div class=\"rh_list_card__btns\">\n\t\t\t\t            <\/div>\n\t\t\t<!-- \/.rh_list_card__btns -->\n\t\t<\/figure>\n\t\t<!-- \/.rh_list_card__thumbnail -->\n\n\t\t<div class=\"rh_list_card__details_wrap\">\n\n\t\t\t<div class=\"rh_list_card__details\">\n\n\t\t\t\t<h3>\n\t\t\t\t\t<a href=\"https:\/\/dacasas.es\/fr\/woning\/half-open-bebouwing-els-poblets\/\">D\u00e9veloppement semi-ouvert Els Poblets<\/a>\n\t\t\t\t<\/h3>\n\t\t\t\t<p class=\"rh_list_card__excerpt\">R\u00e9sidentiel de 15 maisons jumel\u00e9es et...<\/p>\n\t\t\t\t<!-- \/.rh_list_card__excerpt -->\n\n\t\t\t\t<div class=\"rh_list_card__meta_wrap\">\n\n\t\t\t\t\t\n\t\t\t\t\t\n\t\t\t\t\t\n\t\t\t\t<\/div>\n\t\t\t\t<!-- \/.rh_list_card__meta_wrap -->\n\n\t\t\t<\/div>\n\t\t\t<!-- \/.rh_list_card__details -->\n\n\t\t\t<div class=\"rh_list_card__priceLabel\">\n\n\t\t\t\t<div class=\"rh_list_card__price\">\n\t\t\t\t\t<h4 class=\"status\">\n\t\t\t\t\t\tA vendre\t\t\t\t\t<\/h4>\n\t\t\t\t\t<!-- \/.rh_prop_card__type -->\n\n\t\t\t\t\t<p class=\"price\">\n\t\t\t\t\t\t\u00e0 partir de 199 000 euros \t\t\t\t\t<\/p>\n\t\t\t\t\t<!-- \/.price -->\n\t\t\t\t<\/div>\n\t\t\t\t<!-- \/.rh_list_card__price -->\n\n\t\t\t\t<p class=\"rh_list_card__author\">\n\t\t\t\t\tPar\t\t\t\t\t<span class=\"author\">\n\t\t\t\t\t\tDacasas\t\t\t\t\t<\/span>\n\t\t\t\t\t<!-- \/.name -->\n\t\t\t\t<\/p>\n\t\t\t\t<!-- \/.rh_list_card__author -->\n\n\t\t\t<\/div>\n\t\t\t<!-- \/.rh_list_card__priceLabel -->\n\n\t\t<\/div>\n\t\t<!-- \/.rh_list_card__details_wrap -->\n\n\t<\/div>\n\t<!-- \/.rh_list_card__wrap -->\n\n<\/article>\n<!-- \/.rh_list_card -->\n<\/div><\/div><div class='ere_pagination_wrapper'><div class='pagination ere-pagination-clean'><a href=\"https:\/\/dacasas.es\/fr\/wp-json\/wp\/v2\/pages\/72357\/\" class=\"real-btn current\">1<\/a> <a href=\"https:\/\/dacasas.es\/fr\/wp-json\/wp\/v2\/pages\/72357\/page\/2\/\" class=\"real-btn\">2<\/a> <a href=\"https:\/\/dacasas.es\/fr\/wp-json\/wp\/v2\/pages\/72357\/page\/3\/\" class=\"real-btn\">3<\/a> <a href=\"https:\/\/dacasas.es\/fr\/wp-json\/wp\/v2\/pages\/72357\/page\/4\/\" class=\"real-btn\">4<\/a> <a href=\"https:\/\/dacasas.es\/fr\/wp-json\/wp\/v2\/pages\/72357\/page\/2\/\" class=\"real-btn\">Suivant <\/a> <a href=\"https:\/\/dacasas.es\/fr\/wp-json\/wp\/v2\/pages\/72357\/page\/44\/\" class=\"real-btn\">Derni\u00e8re <\/a> <\/div><\/div><\/div><\/div>\n\n\n\n<h3 class=\"wp-block-heading\"><strong>O\u00f9 aimeriez-vous vivre sur la Costa Blanca ?<\/strong><\/h3>\n\n\n\n<p>La Costa Blanca offre une grande diversit\u00e9 de lieux de r\u00e9sidence, chacun avec son propre charme :<\/p>\n\n\n\n<ul class=\"wp-block-list\">\n<li><strong>Costa Blanca Nord :<\/strong> Des villes comme Denia, Javea et Altea sont parfaites pour ceux qui aiment la nature et les villages espagnols authentiques. Cette r\u00e9gion est connue pour ses collines verdoyantes, ses falaises et ses baies tranquilles.<\/li>\n\n\n\n<li><strong>Costa Blanca Sud :<\/strong> Des villes comme Torrevieja, Orihuela Costa et Guardamar del Segura offrent de longues plages de sable et une atmosph\u00e8re anim\u00e9e.<\/li>\n\n\n\n<li><strong>Centre de la Costa Blanca :<\/strong> Alicante et Benidorm allient commodit\u00e9 urbaine et acc\u00e8s aux plages et \u00e0 la nature.<\/li>\n<\/ul>\n\n\n\n<h3 class=\"wp-block-heading\"><strong>Pourquoi acheter chez Dacasas ?<\/strong><\/h3>\n\n\n\n<p>L'achat d'une maison \u00e0 l'\u00e9tranger peut s'av\u00e9rer difficile, mais gr\u00e2ce \u00e0 la <strong>Dacasas<\/strong> en tant que partenaire, vous n'avez pas \u00e0 vous inqui\u00e9ter. Nous offrons :<\/p>\n\n\n\n<ul class=\"wp-block-list\">\n<li><strong>Orientation personnelle :<\/strong> De la premi\u00e8re visite au transfert des cl\u00e9s, nous sommes \u00e0 vos c\u00f4t\u00e9s.<\/li>\n\n\n\n<li><strong>Expertise locale :<\/strong> Nous connaissons parfaitement la Costa Blanca et pouvons vous conseiller sur les meilleurs emplacements et propri\u00e9t\u00e9s.<\/li>\n\n\n\n<li><strong>Transparence :<\/strong> Nous veillons \u00e0 ce que vous soyez pleinement inform\u00e9 de toutes les \u00e9tapes du processus d'achat.<\/li>\n\n\n\n<li><strong>Soutien juridique et financier :<\/strong> Notre \u00e9quipe travaille avec des avocats et des banques de confiance afin de faciliter votre achat.<\/li>\n<\/ul>\n\n\n\n<h3 class=\"wp-block-heading\"><strong>Les \u00e9tapes vers la maison de vos r\u00eaves<\/strong><\/h3>\n\n\n\n<p>Chez Dacasas, nous rendons le processus simple et sans stress :<\/p>\n\n\n\n<ol class=\"wp-block-list\">\n<li><strong>Introduction :<\/strong> Nous discuterons de vos besoins et de votre budget afin de vous proposer une s\u00e9lection de biens adapt\u00e9s.<\/li>\n\n\n\n<li><strong>Visites :<\/strong> Planifiez une visite sur la Costa Blanca et nous organiserons des visites des propri\u00e9t\u00e9s qui vous int\u00e9ressent.<\/li>\n\n\n\n<li><strong>Aide \u00e0 l'achat :<\/strong> Nous vous accompagnons dans la n\u00e9gociation du prix, les formalit\u00e9s juridiques et le transfert de la propri\u00e9t\u00e9.<\/li>\n\n\n\n<li><strong>Soins de suivi :<\/strong> M\u00eame apr\u00e8s l'achat, nous restons \u00e0 votre disposition pour vous conseiller et vous aider, par exemple en mati\u00e8re de location ou d'entretien.<\/li>\n<\/ol>\n\n\n\n<p><strong>Conseils aux acheteurs sur la Costa Blanca<\/strong><\/p>\n\n\n\n<ol class=\"wp-block-list\">\n<li><strong>D\u00e9terminez votre budget :<\/strong> Tenez compte des co\u00fbts suppl\u00e9mentaires tels que les taxes, les frais de notaire et les frais d'entretien.<\/li>\n\n\n\n<li><strong>Explorer les environs :<\/strong> Visitez diff\u00e9rents villages et villes pour d\u00e9couvrir celui qui correspond le mieux \u00e0 votre style de vie.<\/li>\n\n\n\n<li><strong>Laissez-vous guider :<\/strong> Faites appel \u00e0 un expert local comme Dacasas pour \u00e9viter de n\u00e9gliger des d\u00e9tails importants.<\/li>\n<\/ol>\n\n\n\n<h3 class=\"wp-block-heading\"><strong>Contacter Dacasas<\/strong><\/h3>\n\n\n\n<p>\u00cates-vous pr\u00eat \u00e0 trouver la maison de vos r\u00eaves sur la Costa Blanca ? Contactez-nous d\u00e8s aujourd'hui via <a href=\"https:\/\/dacasas.es\/fr\/\">Dacasas.es<\/a> et d\u00e9couvrez comment nous pouvons vous aider. Que vous soyez \u00e0 la recherche d'une maison de vacances, d'une r\u00e9sidence permanente ou d'un investissement, nous rendons le processus simple et agr\u00e9able.<\/p>\n\n\n\n<p><em>Dacasas - Votre partenaire pour trouver une maison sur la Costa Blanca.<\/em><\/p>","protected":false},"excerpt":{"rendered":"<p>La Costa Blanca est l'une des r\u00e9gions les plus populaires d'Espagne pour ceux qui recherchent une r\u00e9sidence secondaire, une r\u00e9sidence permanente ou un investissement immobilier intelligent. Ce magnifique littoral, qui s'\u00e9tend de Denia au nord \u00e0 Pilar de la Horadada au sud, offre une combinaison de soleil, de mer, de culture et de...<\/p>","protected":false},"author":2,"featured_media":0,"parent":0,"menu_order":0,"comment_status":"closed","ping_status":"closed","template":"","meta":{"footnotes":""},"class_list":["post-72357","page","type-page","status-publish","hentry"],"_links":{"self":[{"href":"https:\/\/dacasas.es\/fr\/wp-json\/wp\/v2\/pages\/72357","targetHints":{"allow":["GET"]}}],"collection":[{"href":"https:\/\/dacasas.es\/fr\/wp-json\/wp\/v2\/pages"}],"about":[{"href":"https:\/\/dacasas.es\/fr\/wp-json\/wp\/v2\/types\/page"}],"author":[{"embeddable":true,"href":"https:\/\/dacasas.es\/fr\/wp-json\/wp\/v2\/users\/2"}],"replies":[{"embeddable":true,"href":"https:\/\/dacasas.es\/fr\/wp-json\/wp\/v2\/comments?post=72357"}],"version-history":[{"count":8,"href":"https:\/\/dacasas.es\/fr\/wp-json\/wp\/v2\/pages\/72357\/revisions"}],"predecessor-version":[{"id":72513,"href":"https:\/\/dacasas.es\/fr\/wp-json\/wp\/v2\/pages\/72357\/revisions\/72513"}],"wp:attachment":[{"href":"https:\/\/dacasas.es\/fr\/wp-json\/wp\/v2\/media?parent=72357"}],"curies":[{"name":"wp","href":"https:\/\/api.w.org\/{rel}","templated":true}]}}