{"id":72343,"date":"2024-10-18T10:47:13","date_gmt":"2024-10-18T08:47:13","guid":{"rendered":"https:\/\/dacasas.es\/?page_id=72343"},"modified":"2025-02-10T16:45:16","modified_gmt":"2025-02-10T14:45:16","slug":"investissements-costa-blanca","status":"publish","type":"page","link":"https:\/\/dacasas.es\/fr\/costa-blanca-investments\/","title":{"rendered":"Investissements sur la Costa Blanca"},"content":{"rendered":"<figure class=\"wp-block-image size-large\"><img fetchpriority=\"high\" decoding=\"async\" width=\"1024\" height=\"595\" src=\"https:\/\/dacasas.es\/wp-content\/uploads\/2025\/02\/denia-huizen-te-koop-1024x595.jpg\" alt=\"Maisons \u00e0 vendre \u00e0 Denia, comme dans ce dessin d&#039;un nouveau plan de maisons \u00e0 Denia\" class=\"wp-image-72771\" title=\"\" srcset=\"https:\/\/dacasas.es\/wp-content\/uploads\/2025\/02\/denia-huizen-te-koop-1024x595.jpg 1024w, https:\/\/dacasas.es\/wp-content\/uploads\/2025\/02\/denia-huizen-te-koop-300x174.jpg 300w, https:\/\/dacasas.es\/wp-content\/uploads\/2025\/02\/denia-huizen-te-koop-768x446.jpg 768w, https:\/\/dacasas.es\/wp-content\/uploads\/2025\/02\/denia-huizen-te-koop-150x87.jpg 150w, https:\/\/dacasas.es\/wp-content\/uploads\/2025\/02\/denia-huizen-te-koop.jpg 1240w\" sizes=\"(max-width: 1024px) 100vw, 1024px\" \/><figcaption class=\"wp-element-caption\">Denia maisons \u00e0 vendre<\/figcaption><\/figure>\n\n\n\n<h2 class=\"wp-block-heading\"><strong><strong>Investir intelligemment dans l'immobilier espagnol<\/strong><\/strong><\/h2>\n\n\n\n<h4 class=\"wp-block-heading\"><strong>Pourquoi investir dans l'immobilier sur la Costa Blanca ?<\/strong><\/h4>\n\n\n\n<p>Les <strong>Costa Blanca<\/strong> est l'une des r\u00e9gions d'Espagne les plus populaires aupr\u00e8s des investisseurs immobiliers. Avec <strong>plus de 300 jours de soleil par an, une industrie touristique forte et des prix immobiliers attractifs<\/strong> ce littoral offre d'excellentes opportunit\u00e9s aux investisseurs priv\u00e9s et institutionnels.<\/p>\n\n\n\n<p>Que vous cherchiez <strong>une maison de vacances \u00e0 haut rendement, une villa de luxe pour une appr\u00e9ciation \u00e0 long terme ou un projet de r\u00e9novation pour la revente<\/strong>Le march\u00e9 immobilier de la Costa Blanca offre de nombreuses opportunit\u00e9s.<\/p>\n\n\n\n<p>Dans ce guide, vous d\u00e9couvrirez pourquoi <strong>Investissements sur la Costa Blanca<\/strong> est un choix judicieux, quelles sont les r\u00e9gions les plus rentables et comment r\u00e9aliser un investissement rentable \u00e9tape par \u00e9tape.<\/p>\n\n\n\n<h2 class=\"wp-block-heading\"><strong><strong>Pourquoi des investissements sur la Costa Blanca ?<\/strong><\/strong><\/h2>\n\n\n\n<p>La Costa Blanca n'est pas seulement une destination populaire pour les touristes et les expatri\u00e9s, c'est aussi un march\u00e9 immobilier stable et en pleine croissance. Voici les principaux avantages d'un investissement dans cette r\u00e9gion :<\/p>\n\n\n\n<ul class=\"wp-block-list\">\n<li><strong>Forte demande de logements locatifs<\/strong>Location \u00e0 court terme et \u00e0 long terme : Location \u00e0 court terme et \u00e0 long terme.<\/li>\n\n\n\n<li><strong>Prix de l'immobilier abordables<\/strong>Les prix d'entr\u00e9e sont moins \u00e9lev\u00e9s que dans d'autres r\u00e9gions c\u00f4ti\u00e8res espagnoles.<\/li>\n\n\n\n<li><strong>Retour sur investissement<\/strong>Les revenus locatifs et l'augmentation de la valeur des biens immobiliers offrent des rendements solides.<\/li>\n\n\n\n<li><strong>Environnement fiscal favorable<\/strong>Les imp\u00f4ts sont moins \u00e9lev\u00e9s que dans beaucoup d'autres pays de l'UE.<\/li>\n\n\n\n<li><strong>Excellente infrastructure<\/strong>: A\u00e9roports internationaux, trains \u00e0 grande vitesse et autoroutes.<\/li>\n<\/ul>\n\n\n\n<p>Que vous soyez \u00e0 la recherche d'un <strong>investissement immobilier \u00e0 Alicante, Benidorm, J\u00e1vea ou Moraira<\/strong>La Costa Blanca offre de nombreuses possibilit\u00e9s \u00e0 ceux qui souhaitent investir intelligemment.<\/p>\n\n\n\n<h2 class=\"wp-block-heading\"><strong><strong>Les 4 principaux types d'investissement sur la Costa Blanca<\/strong><\/strong><\/h2>\n\n\n\n<h3 class=\"wp-block-heading\"><strong>1. Maisons de vacances \u00e0 haut rendement<\/strong><\/h3>\n\n\n\n<p>L'un des investissements les plus rentables sur la Costa Blanca est le suivant <strong>location \u00e0 court terme<\/strong> par le biais de plateformes telles que Airbnb et Booking.com. Les lieux touristiques populaires tels que <strong>Alicante, Benidorm et Denia<\/strong> attirent des millions de visiteurs chaque ann\u00e9e, ce qui cr\u00e9e une forte demande de logements locatifs bien situ\u00e9s.<\/p>\n\n\n\n<p><strong>Avantages :<\/strong><\/p>\n\n\n\n<p>Taux d'occupation \u00e9lev\u00e9 en haute saison<\/p>\n\n\n\n<p>\u2714 Possibilit\u00e9 d'utiliser le bien soi-m\u00eame et de le louer le reste de l'ann\u00e9e<\/p>\n\n\n\n<p>\u2714 Un d\u00e9lai de remboursement rapide gr\u00e2ce \u00e0 un tourisme en plein essor<\/p>\n\n\n\n<p><strong>Les meilleurs endroits pour investir :<\/strong><\/p>\n\n\n\n<ul class=\"wp-block-list\">\n<li><a href=\"https:\/\/dacasas.es\/fr\/emplacement-de-la-maison\/alicante\/\" data-type=\"property-city\" data-id=\"113\"><em>Alicante<\/em><\/a><\/li>\n\n\n\n<li><a href=\"https:\/\/dacasas.es\/fr\/emplacement-de-la-maison\/denia\/\" data-type=\"property-city\" data-id=\"79\"><em>D\u00e9nia<\/em><\/a><\/li>\n\n\n\n<li><a href=\"https:\/\/dacasas.es\/fr\/emplacement-de-la-maison\/calpe\/\" data-type=\"property-city\" data-id=\"103\"><em>Calpe<\/em><\/a><\/li>\n\n\n\n<li><a href=\"https:\/\/dacasas.es\/fr\/emplacement-de-la-maison\/javea\/\" data-type=\"property-city\" data-id=\"109\"><em>J\u00e1vea<\/em><\/a><\/li>\n<\/ul>\n\n\n\n<h3 class=\"wp-block-heading\"><strong>2. Villas de luxe et immobilier haut de gamme<\/strong><\/h3>\n\n\n\n<p>Pour ceux qui s'adressent \u00e0 un public exclusif, les villas de luxe situ\u00e9es dans des r\u00e9gions telles que <strong>Altea Hills, Moraira et Las Colinas Golf<\/strong> un choix int\u00e9ressant. Ce type de propri\u00e9t\u00e9 est recherch\u00e9 par les acheteurs internationaux et offre <strong>augmentation de la valeur \u00e0 long terme<\/strong>.<\/p>\n\n\n\n<p><strong>Avantages :<\/strong><\/p>\n\n\n\n<ul class=\"wp-block-list\">\n<li>Augmentation stable du prix de 5-8% par an<\/li>\n\n\n\n<li>Forte demande de la part des acheteurs \u00e9trangers<\/li>\n\n\n\n<li>Moins de concurrence que sur le march\u00e9 de masse<\/li>\n<\/ul>\n\n\n\n<p><strong>Les meilleurs endroits pour investir :<\/strong><\/p>\n\n\n\n<ul class=\"wp-block-list\">\n<li><em><a href=\"https:\/\/dacasas.es\/fr\/emplacement-de-la-maison\/moraira\/\" data-type=\"property-city\" data-id=\"294\">Moraira<\/a><\/em><\/li>\n\n\n\n<li><a href=\"https:\/\/dacasas.es\/fr\/emplacement-de-la-maison\/altea\/\" data-type=\"property-city\" data-id=\"78\"><em>Altea<\/em><\/a><\/li>\n\n\n\n<li><em><a href=\"https:\/\/dacasas.es\/fr\/maison\/luxery-apartment-in-las-colinas\/\" data-type=\"property\" data-id=\"66626\">Las Colinas Golf<\/a><\/em><\/li>\n\n\n\n<li><em><a href=\"https:\/\/dacasas.es\/fr\/emplacement-de-la-maison\/cumbre-del-sol-benitachell\/\" data-type=\"property-city\" data-id=\"115\">Cumbre del Sol<\/a><\/em><\/li>\n<\/ul>\n\n\n\n<h3 class=\"wp-block-heading\"><strong>3. Appartements destin\u00e9s \u00e0 la location \u00e0 long terme<\/strong><\/h3>\n\n\n\n<p>Pour les investisseurs qui souhaitent prendre moins de risques <strong>appartements en location \u00e0 long terme<\/strong> une excellente option. En particulier dans les villes telles que <strong>Alicante et Elche<\/strong> il existe une demande constante de logements locatifs abordables, \u00e9manant d'expatri\u00e9s et de r\u00e9sidents locaux.<\/p>\n\n\n\n<p><strong>Avantages :<\/strong><\/p>\n\n\n\n<ul class=\"wp-block-list\">\n<li>Moins saisonnier que les locations de vacances<\/li>\n\n\n\n<li>Revenu stable sans trop de vacance<\/li>\n\n\n\n<li>Co\u00fbts de gestion moins \u00e9lev\u00e9s et r\u00e9glementation moins contraignante que pour les locations touristiques<\/li>\n<\/ul>\n\n\n\n<p><strong>Les meilleurs endroits pour investir :<\/strong><\/p>\n\n\n\n<ul class=\"wp-block-list\">\n<li><em><a href=\"https:\/\/dacasas.es\/fr\/emplacement-de-la-maison\/alicante\/\" data-type=\"property-city\" data-id=\"113\">Alicante<\/a><\/em><\/li>\n\n\n\n<li><em><a href=\"https:\/\/nl.wikipedia.org\/wiki\/Elche\" target=\"_blank\" rel=\"noreferrer noopener\">Elche<\/a><\/em><\/li>\n\n\n\n<li><em><a href=\"https:\/\/dacasas.es\/fr\/emplacement-de-la-maison\/torrevieja\/\" data-type=\"property-city\" data-id=\"302\">Torrevieja<\/a><\/em><\/li>\n\n\n\n<li>Guardamar del Segura<\/li>\n<\/ul>\n\n\n\n<h3 class=\"wp-block-heading\"><strong>4. Projets de r\u00e9novation et d\u00e9veloppement immobilier<\/strong><\/h3>\n\n\n\n<p>Pour les investisseurs exp\u00e9riment\u00e9s ou les promoteurs immobiliers, nous proposons <strong>projets de r\u00e9novation et nouvelles constructions<\/strong> d'excellentes opportunit\u00e9s de profit. Les maisons anciennes peuvent \u00eatre achet\u00e9es \u00e0 bas prix, r\u00e9nov\u00e9es et revendues ou lou\u00e9es avec profit.<\/p>\n\n\n\n<p><strong>Avantages :<\/strong><\/p>\n\n\n\n<ul class=\"wp-block-list\">\n<li>Prix d'achat bas<\/li>\n\n\n\n<li>Capacit\u00e9 \u00e0 cr\u00e9er une valeur ajout\u00e9e significative<\/li>\n\n\n\n<li>Opportunit\u00e9s dans les domaines \u00e9mergents<\/li>\n<\/ul>\n\n\n\n<p><strong>Les meilleurs endroits pour investir :<\/strong><\/p>\n\n\n\n<ul class=\"wp-block-list\">\n<li>Orihuela Costa<\/li>\n\n\n\n<li><a href=\"https:\/\/dacasas.es\/fr\/acheter-maison-denia\/\" data-type=\"page\" data-id=\"72361\"><em>D\u00e9nia<\/em><\/a><\/li>\n\n\n\n<li>Benitachell<\/li>\n\n\n\n<li>El Campello<\/li>\n<\/ul>\n\n\n\n<h2 class=\"wp-block-heading\"><strong>Comment investir avec succ\u00e8s dans l'immobilier sur la Costa Blanca ?<\/strong><\/h2>\n\n\n\n<h3 class=\"wp-block-heading\"><strong>1. D\u00e9finir votre strat\u00e9gie d'investissement<\/strong><\/h3>\n\n\n\n<p>Posez-vous les questions suivantes :<\/p>\n\n\n\n<ul class=\"wp-block-list\">\n<li>Vouloir <strong>retour rapide<\/strong> par le biais de locations de vacances ou <strong>cr\u00e9ation de valeur \u00e0 long terme<\/strong> via l'immobilier de luxe ?<\/li>\n\n\n\n<li>Quel est votre <strong>budget<\/strong> et les options de financement ?<\/li>\n\n\n\n<li>Vouloir le bien <strong>le g\u00e9rer soi-m\u00eame ou l'externaliser<\/strong> \u00c0 une soci\u00e9t\u00e9 de location ?<\/li>\n<\/ul>\n\n\n\n<h3 class=\"wp-block-heading\"><strong>2. Travailler avec un agent immobilier fiable<\/strong><\/h3>\n\n\n\n<p>Une personne exp\u00e9riment\u00e9e <strong>Agent immobilier espagnol<\/strong> vous aide \u00e0 obtenir le <strong>meilleures offres<\/strong> trouver et \u00e9viter les pi\u00e8ges. Choisissez un courtier qui :<\/p>\n\n\n\n<ul class=\"wp-block-list\">\n<li><strong>A de l'exp\u00e9rience avec les investisseurs \u00e9trangers<\/strong><\/li>\n\n\n\n<li><strong>Acc\u00e9der \u00e0 des offres exclusives hors march\u00e9<\/strong><\/li>\n\n\n\n<li><strong>est transparente en ce qui concerne les co\u00fbts et les r\u00e9glementations<\/strong><\/li>\n<\/ul>\n\n\n\n<h3 class=\"wp-block-heading\"><strong>3. Contr\u00f4le juridique et financier<\/strong><\/h3>\n\n\n\n<p>Faire appel \u00e0 un sp\u00e9cialiste <strong>avocat en droit immobilier<\/strong> v\u00e9rifier si :<\/p>\n\n\n\n<ul class=\"wp-block-list\">\n<li>Le bien est correctement enregistr\u00e9 et exempt de dettes.<\/li>\n\n\n\n<li>Tous les permis de construire et licences sont en ordre.<\/li>\n\n\n\n<li>La faisabilit\u00e9 financi\u00e8re et les taxes sont claires.<\/li>\n<\/ul>\n\n\n\n<h3 class=\"wp-block-heading\"><strong>4. Financement et hypoth\u00e8que<\/strong><\/h3>\n\n\n\n<p>En tant que non-r\u00e9sident, vous pouvez obtenir une <strong>Hypoth\u00e8que espagnole<\/strong> se rendre <strong>70% de la valeur de la maison<\/strong>. Assurez-vous d'avoir un <strong>Num\u00e9ro NIE<\/strong> (N\u00famero de Identificaci\u00f3n de Extranjero), qui est n\u00e9cessaire pour l'achat.<\/p>\n\n\n\n<h3 class=\"wp-block-heading\"><strong>5. Optimiser la gestion et l'efficacit\u00e9<\/strong><\/h3>\n\n\n\n<p>Vous voulez tirer le meilleur parti de votre investissement ? Une bonne gestion immobili\u00e8re est alors essentielle. Pensez-y :<\/p>\n\n\n\n<ul class=\"wp-block-list\">\n<li><strong>Gestion locative professionnelle<\/strong> pour les locations de vacances.<\/li>\n\n\n\n<li><strong>Entretien r\u00e9gulier<\/strong> pour maintenir la valeur.<\/li>\n\n\n\n<li><strong>Optimisation fiscale<\/strong> par l'interm\u00e9diaire d'un comptable espagnol.<\/li>\n<\/ul>\n\n\n\n<h2 class=\"wp-block-heading\"><strong>Questions fr\u00e9quemment pos\u00e9es sur les investissements sur la Costa Blanca<\/strong><\/h2>\n\n\n\n<h3 class=\"wp-block-heading\"><strong>Quel est le rendement d'un investissement sur la Costa Blanca ?<\/strong><\/h3>\n\n\n\n<p>Cela d\u00e9pend de l'emplacement et du type de propri\u00e9t\u00e9. Les maisons de vacances peuvent \u00eatre <strong>5-10% rendement annuel brut<\/strong> livrer.<\/p>\n\n\n\n<h3 class=\"wp-block-heading\"><strong>Quels sont les co\u00fbts suppl\u00e9mentaires li\u00e9s \u00e0 l'achat d'un bien immobilier en Espagne ?<\/strong><\/h3>\n\n\n\n<p>N'oubliez pas :<\/p>\n\n\n\n<ul class=\"wp-block-list\">\n<li><strong>Taxe de transfert (ITP) :<\/strong> 6-10%<\/li>\n<\/ul>\n\n\n\n<ul class=\"wp-block-list\">\n<li><strong>Frais de notaire :<\/strong> 1-3%<\/li>\n\n\n\n<li><strong>Frais de justice :<\/strong> 1-2%<\/li>\n\n\n\n<li><strong>Frais de constitution de l'hypoth\u00e8que :<\/strong> 1-2%<\/li>\n<\/ul>\n\n\n\n<h3 class=\"wp-block-heading\"><strong>Puis-je investir en Espagne en tant qu'\u00e9tranger ?<\/strong><\/h3>\n\n\n\n<p>Oui, il n'est pas n\u00e9cessaire d'\u00eatre r\u00e9sident espagnol pour acheter un bien immobilier. Vous avez besoin d'un <strong>Num\u00e9ro NIE<\/strong> n\u00e9cessaires.<\/p>\n\n\n\n<p><strong>Conclusion sur les investissements sur la Costa Blanca : c'est le moment !<\/strong><\/p>\n\n\n\n<p>Les <strong>Costa Blanca<\/strong> offre d'excellentes opportunit\u00e9s d'investissement, que vous optiez pour <strong>location de vacances, propri\u00e9t\u00e9 de luxe ou location \u00e0 long terme<\/strong>. Compte tenu de la demande croissante de logements et des tendances favorables du march\u00e9, le moment est venu d'investir.<\/p>\n\n\n\n<p>Vous voulez savoir quels sont les investissements les plus rentables ? <strong>Contact <\/strong><a href=\"https:\/\/dacasas.es\/fr\/\"><strong>Dacasas.es<\/strong><\/a> Pour des offres immobili\u00e8res exclusives et des conseils professionnels ! <\/p>","protected":false},"excerpt":{"rendered":"<p>Investir intelligemment dans l'immobilier espagnol Pourquoi investir dans l'immobilier sur la Costa Blanca ? La Costa Blanca est l'une des r\u00e9gions d'Espagne les plus pris\u00e9es par les investisseurs immobiliers. Avec plus de 300 jours de soleil par an, une industrie touristique forte et des prix immobiliers attractifs, ce littoral offre d'excellentes opportunit\u00e9s pour les investisseurs priv\u00e9s et institutionnels. Que vous...<\/p>","protected":false},"author":2,"featured_media":0,"parent":0,"menu_order":0,"comment_status":"closed","ping_status":"closed","template":"","meta":{"footnotes":""},"class_list":["post-72343","page","type-page","status-publish","hentry"],"_links":{"self":[{"href":"https:\/\/dacasas.es\/fr\/wp-json\/wp\/v2\/pages\/72343","targetHints":{"allow":["GET"]}}],"collection":[{"href":"https:\/\/dacasas.es\/fr\/wp-json\/wp\/v2\/pages"}],"about":[{"href":"https:\/\/dacasas.es\/fr\/wp-json\/wp\/v2\/types\/page"}],"author":[{"embeddable":true,"href":"https:\/\/dacasas.es\/fr\/wp-json\/wp\/v2\/users\/2"}],"replies":[{"embeddable":true,"href":"https:\/\/dacasas.es\/fr\/wp-json\/wp\/v2\/comments?post=72343"}],"version-history":[{"count":8,"href":"https:\/\/dacasas.es\/fr\/wp-json\/wp\/v2\/pages\/72343\/revisions"}],"predecessor-version":[{"id":72805,"href":"https:\/\/dacasas.es\/fr\/wp-json\/wp\/v2\/pages\/72343\/revisions\/72805"}],"wp:attachment":[{"href":"https:\/\/dacasas.es\/fr\/wp-json\/wp\/v2\/media?parent=72343"}],"curies":[{"name":"wp","href":"https:\/\/api.w.org\/{rel}","templated":true}]}}