{"id":72341,"date":"2024-10-18T10:47:03","date_gmt":"2024-10-18T08:47:03","guid":{"rendered":"https:\/\/dacasas.es\/?page_id=72341"},"modified":"2025-02-12T09:10:03","modified_gmt":"2025-02-12T07:10:03","slug":"costa-blanca-maison-a-vendre","status":"publish","type":"page","link":"https:\/\/dacasas.es\/fr\/costa-blanca-huis-te-koop\/","title":{"rendered":"Costa Blanca maison \u00e0 vendre"},"content":{"rendered":"<figure class=\"wp-block-image size-large\"><img fetchpriority=\"high\" decoding=\"async\" width=\"1024\" height=\"737\" src=\"https:\/\/dacasas.es\/wp-content\/uploads\/2024\/11\/costa-blanca-huis-te-koop-1-1024x737.jpg\" alt=\"Costa Blanca maison \u00e0 vendre \u00e0 Dacasas\" class=\"wp-image-72483\" title=\"\" srcset=\"https:\/\/dacasas.es\/wp-content\/uploads\/2024\/11\/costa-blanca-huis-te-koop-1-1024x737.jpg 1024w, https:\/\/dacasas.es\/wp-content\/uploads\/2024\/11\/costa-blanca-huis-te-koop-1-300x216.jpg 300w, https:\/\/dacasas.es\/wp-content\/uploads\/2024\/11\/costa-blanca-huis-te-koop-1-768x553.jpg 768w, https:\/\/dacasas.es\/wp-content\/uploads\/2024\/11\/costa-blanca-huis-te-koop-1-150x108.jpg 150w, https:\/\/dacasas.es\/wp-content\/uploads\/2024\/11\/costa-blanca-huis-te-koop-1.jpg 1500w\" sizes=\"(max-width: 1024px) 100vw, 1024px\" \/><\/figure>\n\n\n\n<p>Costa Blanca house for sale : check out our offer !<\/p>\n\n\n\n<p>Les <a href=\"https:\/\/nl.wikipedia.org\/wiki\/Costa_Blanca#:~:text=De%20Costa%20Blanca%20(Spaans%20voor,totale%20aantal%20stranden%20is%2074.\" target=\"_blank\" rel=\"noreferrer noopener\">Costa Blanca<\/a> est l'une des r\u00e9gions d'Espagne les plus recherch\u00e9es pour l'achat d'une propri\u00e9t\u00e9. Avec ses vastes plages, ses villages pittoresques et son merveilleux climat m\u00e9diterran\u00e9en, elle attire aussi bien les vacanciers que les r\u00e9sidents permanents. Que vous recherchiez une villa moderne, une finca traditionnelle ou un appartement avec vue sur la mer, <strong>Dacasas<\/strong> est l\u00e0 pour vous aider \u00e0 trouver la maison de vos r\u00eaves sur la Costa Blanca.<\/p>\n\n\n\n<h2 class=\"wp-block-heading\"><strong>Pourquoi choisir une maison \u00e0 vendre sur la Costa Blanca ?<\/strong><\/h2>\n\n\n\n<p>La Costa Blanca offre un style de vie incomparable. S'\u00e9tendant de Denia, au nord, \u00e0 Pilar de la Horadada, au sud, la r\u00e9gion a de quoi satisfaire tout le monde. Voici quelques-unes des raisons pour lesquelles les gens choisissent la Costa Blanca :<\/p>\n\n\n\n<ol class=\"wp-block-list\">\n<li><strong>Le climat :<\/strong> Plus de 300 jours de soleil par an en font un lieu id\u00e9al pour vivre ou passer l'hiver.<\/li>\n\n\n\n<li><strong>Nature :<\/strong> Des montagnes et vall\u00e9es int\u00e9rieures aux c\u00f4tes \u00e0 couper le souffle, la Costa Blanca offre un paysage vari\u00e9.<\/li>\n\n\n\n<li><strong>Am\u00e9nagements :<\/strong> La r\u00e9gion dispose d'excellentes infrastructures, d'h\u00f4pitaux modernes, d'\u00e9coles internationales et d'un large \u00e9ventail d'activit\u00e9s de loisirs.<\/li>\n\n\n\n<li><strong>Culture et alimentation :<\/strong> D\u00e9gustez des plats espagnols authentiques tels que la paella et les tapas, ainsi que des \u00e9v\u00e9nements culturels et des f\u00eates traditionnelles.<\/li>\n<\/ol>\n\n\n\n<h3 class=\"wp-block-heading\"><strong>Costa Blanca maison \u00e0 vendre : l'offre<\/strong><\/h3>\n\n\n\n<p>Au <strong>Dacasas<\/strong> nous disposons d'un large \u00e9ventail de propri\u00e9t\u00e9s \u00e0 vendre dans diff\u00e9rentes gammes de prix et de styles. Notre portefeuille comprend<\/p>\n\n\n\n<ul class=\"wp-block-list\">\n<li><strong>Villas de luxe :<\/strong> Maisons modernes avec piscines priv\u00e9es, jardins spacieux et vues sur la M\u00e9diterran\u00e9e.<\/li>\n\n\n\n<li><strong>Fincas traditionnelles :<\/strong> D'authentiques maisons espagnoles \u00e0 l'architecture caract\u00e9ristique, id\u00e9ales pour ceux qui aiment l'atmosph\u00e8re rurale.<\/li>\n\n\n\n<li><strong>Les appartements :<\/strong> Parfait pour ceux qui recherchent une propri\u00e9t\u00e9 n\u00e9cessitant peu d'entretien et donnant acc\u00e8s \u00e0 des installations communes telles que des piscines et des jardins.<\/li>\n<\/ul>\n\n\n\n<p>Chaque propri\u00e9t\u00e9 de notre offre est soigneusement s\u00e9lectionn\u00e9e pour r\u00e9pondre aux besoins de nos clients.<\/p>\n\n\n\n<h2 class=\"wp-block-heading\"><strong>Les villes et villages de la Costa Blanca<\/strong><\/h2>\n\n\n\n<p>La Costa Blanca offre un large \u00e9ventail de villes et de villages, chacun avec son propre charme et ses caract\u00e9ristiques uniques. En voici quelques exemples :<\/p>\n\n\n\n<ul class=\"wp-block-list\">\n<li><strong><em><a href=\"https:\/\/dacasas.es\/fr\/emplacement-de-la-maison\/denia\/\">D\u00e9nia<\/a><\/em>:<\/strong> Connue pour son port de plaisance, sa vieille ville et sa sc\u00e8ne culinaire.<\/li>\n\n\n\n<li><strong><a href=\"https:\/\/dacasas.es\/fr\/emplacement-de-la-maison\/javea\/\"><em>Javea<\/em><\/a>:<\/strong> Un village pittoresque avec de belles baies et une atmosph\u00e8re d\u00e9tendue.<\/li>\n\n\n\n<li><strong><a href=\"https:\/\/dacasas.es\/fr\/emplacement-de-la-maison\/altea\/\"><em>Altea<\/em><\/a>:<\/strong> Une ville d'artistes avec des rues pav\u00e9es et une \u00e9glise blanche caract\u00e9ristique.<\/li>\n\n\n\n<li><strong>Benidorm :<\/strong> Id\u00e9al pour ceux qui recherchent une vie nocturne anim\u00e9e et des \u00e9quipements modernes.<\/li>\n\n\n\n<li><strong><a href=\"https:\/\/dacasas.es\/fr\/emplacement-de-la-maison\/torrevieja\/\"><em>Torrevieja<\/em><\/a>:<\/strong> Populaire aupr\u00e8s des acheteurs internationaux pour ses plages et sa vie sociale anim\u00e9e.<\/li>\n<\/ul>\n\n\n\n<h2 class=\"wp-block-heading\"><strong>Le processus d'achat chez Dacasas<\/strong><\/h2>\n\n\n\n<p>Chez Dacasas, nous vous guidons pas \u00e0 pas dans le processus d'achat :<\/p>\n\n\n\n<ol class=\"wp-block-list\">\n<li><strong>Introduction :<\/strong> Nous commen\u00e7ons par un entretien personnel afin de comprendre vos souhaits et vos besoins.<\/li>\n\n\n\n<li><strong>S\u00e9lection des logements :<\/strong> En fonction de vos pr\u00e9f\u00e9rences, nous vous proposerons une s\u00e9lection de biens adapt\u00e9s.<\/li>\n\n\n\n<li><strong>Visites :<\/strong> Nous organisons les visites et vous fournissons des informations d\u00e9taill\u00e9es sur les biens et leur environnement.<\/li>\n\n\n\n<li><strong>Soutien juridique et financier :<\/strong> Notre \u00e9quipe vous aidera \u00e0 r\u00e9gler toutes les formalit\u00e9s afin que vous deveniez propri\u00e9taire de la maison de vos r\u00eaves en toute tranquillit\u00e9.<\/li>\n<\/ol>\n\n\n\n<h3 class=\"wp-block-heading\">Costa Blanca maison \u00e0 vendre : <strong>Investir<\/strong><\/h3>\n\n\n\n<p>L'achat d'une maison sur la Costa Blanca n'est pas seulement un pas vers une meilleure qualit\u00e9 de vie, c'est aussi un investissement intelligent. La demande de logements dans cette r\u00e9gion ne cesse d'augmenter, ce qui signifie que votre propri\u00e9t\u00e9 est susceptible de prendre de la valeur. En outre, une propri\u00e9t\u00e9 sur la Costa Blanca offre d'excellentes possibilit\u00e9s de location saisonni\u00e8re, en particulier pendant la haute saison.<\/p>\n\n\n\n<h3 class=\"wp-block-heading\"><strong>Conseils pour la vente d'une maison sur la Costa Blanca<\/strong><\/h3>\n\n\n\n<p>Pour faciliter votre recherche d'une maison \u00e0 vendre sur la Costa Blanca, nous vous donnons quelques conseils :<\/p>\n\n\n\n<ul class=\"wp-block-list\">\n<li><strong>D\u00e9terminez votre budget :<\/strong> Tenez compte des co\u00fbts suppl\u00e9mentaires tels que les taxes, les frais de notaire et les frais d'entretien.<\/li>\n\n\n\n<li><strong>Explorer la r\u00e9gion :<\/strong> Visitez diff\u00e9rentes villes pour voir laquelle correspond le mieux \u00e0 votre style de vie.<\/li>\n\n\n\n<li><strong>Obtenir des conseils :<\/strong> Faites appel \u00e0 des experts comme Dacasas pour vous assurer que vous faites le bon choix.<\/li>\n<\/ul>\n\n\n\n<h3 class=\"wp-block-heading\"><strong>Pourquoi Dacasas pour une maison sur la Costa Blanca ?<\/strong><\/h3>\n\n\n\n<p>Chez Dacasas, nous combinons la connaissance du march\u00e9 local avec un service personnalis\u00e9 pour rendre votre recherche de logement sur la Costa Blanca facile et agr\u00e9able. Voici ce qui nous distingue :<\/p>\n\n\n\n<p>- <strong>Orientation personnelle :<\/strong> Chaque client b\u00e9n\u00e9ficie d'une approche sur mesure.<\/p>\n\n\n\n<p>- <strong>Fiabilit\u00e9 :<\/strong> La transparence et l'honn\u00eatet\u00e9 sont nos principales priorit\u00e9s.<\/p>\n\n\n\n<p>- <strong>Expertise locale :<\/strong> Notre exp\u00e9rience et nos contacts dans la r\u00e9gion font toute la diff\u00e9rence.<\/p>\n\n\n\n<h3 class=\"wp-block-heading\"><strong>Contacter Dacasas<\/strong><\/h3>\n\n\n\n<p>Vous souhaitez en savoir plus sur notre offre immobili\u00e8re sur la Costa Blanca ? Contactez-nous d\u00e8s aujourd'hui via <a href=\"https:\/\/dacasas.es\/fr\/contact\/\"><em>Dacasas.es<\/em><\/a> et d\u00e9couvrez comment nous pouvons vous aider \u00e0 trouver la maison de vos r\u00eaves.<\/p>\n\n\n\n<p><em>Dacasas - Votre partenaire pour trouver une maison sur la Costa Blanca.<\/em><\/p>\n\n\n\n<p><\/p>","protected":false},"excerpt":{"rendered":"<p>Maison \u00e0 vendre sur la Costa Blanca : d\u00e9couvrez notre offre ! La Costa Blanca est l'une des r\u00e9gions d'Espagne les plus recherch\u00e9es pour l'achat d'une propri\u00e9t\u00e9. Avec ses vastes plages, ses villages pittoresques et son merveilleux climat m\u00e9diterran\u00e9en, elle attire aussi bien les vacanciers que les r\u00e9sidents permanents. Que vous recherchiez une villa moderne,...<\/p>","protected":false},"author":2,"featured_media":0,"parent":0,"menu_order":0,"comment_status":"closed","ping_status":"closed","template":"","meta":{"footnotes":""},"class_list":["post-72341","page","type-page","status-publish","hentry"],"_links":{"self":[{"href":"https:\/\/dacasas.es\/fr\/wp-json\/wp\/v2\/pages\/72341","targetHints":{"allow":["GET"]}}],"collection":[{"href":"https:\/\/dacasas.es\/fr\/wp-json\/wp\/v2\/pages"}],"about":[{"href":"https:\/\/dacasas.es\/fr\/wp-json\/wp\/v2\/types\/page"}],"author":[{"embeddable":true,"href":"https:\/\/dacasas.es\/fr\/wp-json\/wp\/v2\/users\/2"}],"replies":[{"embeddable":true,"href":"https:\/\/dacasas.es\/fr\/wp-json\/wp\/v2\/comments?post=72341"}],"version-history":[{"count":7,"href":"https:\/\/dacasas.es\/fr\/wp-json\/wp\/v2\/pages\/72341\/revisions"}],"predecessor-version":[{"id":72837,"href":"https:\/\/dacasas.es\/fr\/wp-json\/wp\/v2\/pages\/72341\/revisions\/72837"}],"wp:attachment":[{"href":"https:\/\/dacasas.es\/fr\/wp-json\/wp\/v2\/media?parent=72341"}],"curies":[{"name":"wp","href":"https:\/\/api.w.org\/{rel}","templated":true}]}}