{"id":72339,"date":"2024-10-18T10:46:54","date_gmt":"2024-10-18T08:46:54","guid":{"rendered":"https:\/\/dacasas.es\/?page_id=72339"},"modified":"2025-03-18T10:25:41","modified_gmt":"2025-03-18T08:25:41","slug":"acheter-alicante-house-with-pool","status":"publish","type":"page","link":"https:\/\/dacasas.es\/fr\/alicante-huis-met-zwembad-kopen\/","title":{"rendered":"Acheter Alicante house with pool"},"content":{"rendered":"<figure class=\"wp-block-image size-large\"><img fetchpriority=\"high\" decoding=\"async\" width=\"1024\" height=\"768\" src=\"https:\/\/dacasas.es\/wp-content\/uploads\/2024\/11\/alicante-huis-met-zwembad-kopen-1-1024x768.jpg\" alt=\"Alicante maison avec piscine \u00e0 acheter avec Dacasas\" class=\"wp-image-72473\" title=\"\" srcset=\"https:\/\/dacasas.es\/wp-content\/uploads\/2024\/11\/alicante-huis-met-zwembad-kopen-1-1024x768.jpg 1024w, https:\/\/dacasas.es\/wp-content\/uploads\/2024\/11\/alicante-huis-met-zwembad-kopen-1-300x225.jpg 300w, https:\/\/dacasas.es\/wp-content\/uploads\/2024\/11\/alicante-huis-met-zwembad-kopen-1-768x576.jpg 768w, https:\/\/dacasas.es\/wp-content\/uploads\/2024\/11\/alicante-huis-met-zwembad-kopen-1-150x113.jpg 150w, https:\/\/dacasas.es\/wp-content\/uploads\/2024\/11\/alicante-huis-met-zwembad-kopen-1-680x510.jpg 680w, https:\/\/dacasas.es\/wp-content\/uploads\/2024\/11\/alicante-huis-met-zwembad-kopen-1.jpg 1500w\" sizes=\"(max-width: 1024px) 100vw, 1024px\" \/><\/figure>\n\n\n\n<p>Acheter une maison avec piscine sur la Costa Blanca est un r\u00eave devenu r\u00e9alit\u00e9. Cette r\u00e9gion offre une combinaison de paysages magnifiques, d'\u00e9quipements modernes et d'un mode de vie d\u00e9contract\u00e9. A <strong>Dacasas<\/strong> nous comprenons que trouver la maison id\u00e9ale est plus qu'un investissement, c'est un pas vers une meilleure qualit\u00e9 de vie.<\/p>\n\n\n\n<h2 class=\"wp-block-heading\"><strong>Pourquoi acheter une maison avec piscine sur la Costa Blanca ?<\/strong><\/h2>\n\n\n\n<p><a href=\"https:\/\/nl.wikipedia.org\/wiki\/Alicante_(stad)\" target=\"_blank\" rel=\"noreferrer noopener\"><em>Alicante<\/em><\/a> (Costa Blanca) offre tout ce qu'un propri\u00e9taire peut souhaiter : des plages \u00e0 perte de vue, des villages pittoresques, un climat m\u00e9diterran\u00e9en doux et une culture riche. Une piscine priv\u00e9e ajoute encore au luxe. Pensez \u00e0 passer vos journ\u00e9es d'\u00e9t\u00e9 dans l'eau, \u00e0 organiser des f\u00eates avec vos amis ou simplement \u00e0 vous d\u00e9tendre apr\u00e8s une longue journ\u00e9e.<\/p>\n\n\n\n<h3 class=\"wp-block-heading\"><strong>Avantages d'une maison avec piscine sur la Costa Blanca :<\/strong><\/h3>\n\n\n\n<ol class=\"wp-block-list\">\n<li><strong>Oasis priv\u00e9e :<\/strong> Profitez du luxe et de l'intimit\u00e9 qu'offre une piscine priv\u00e9e.<\/li>\n\n\n\n<li><strong>Amusement en famille :<\/strong> Id\u00e9ale pour les familles avec enfants, la piscine offre des heures de divertissement.<\/li>\n\n\n\n<li><strong>Valeur immobili\u00e8re plus \u00e9lev\u00e9e :<\/strong> Les propri\u00e9t\u00e9s dot\u00e9es d'une piscine ont tendance \u00e0 mieux conserver leur valeur et sont appr\u00e9ci\u00e9es des locataires et des acheteurs.<\/li>\n\n\n\n<li><strong>Mode de vie :<\/strong> La piscine devient souvent le point central des r\u00e9unions sociales et de la d\u00e9tente.<\/li>\n<\/ol>\n\n\n\n<h3 class=\"wp-block-heading\"><strong>Quelle est votre offre pour l'achat d'une maison avec piscine \u00e0 Costa Blanca ?<\/strong><\/h3>\n\n\n\n<p>Chez Dacasas, nous sommes fiers de notre vaste gamme de maisons avec piscine. Notre portefeuille comprend<\/p>\n\n\n\n<ul class=\"wp-block-list\">\n<li><strong>Villas modernes<\/strong> avec des piscines \u00e0 d\u00e9bordement et des vues sur la M\u00e9diterran\u00e9e.<\/li>\n\n\n\n<li><strong>Fincas traditionnelles<\/strong> avec des jardins spacieux et une charmante ambiance rurale.<\/li>\n\n\n\n<li><strong>Complexes d'appartements<\/strong> avec des piscines communes et d'excellents \u00e9quipements.<\/li>\n<\/ul>\n\n\n\n<p>Chaque propri\u00e9t\u00e9 a \u00e9t\u00e9 soigneusement s\u00e9lectionn\u00e9e pour r\u00e9pondre \u00e0 nos exigences \u00e9lev\u00e9es. Que vous soyez \u00e0 la recherche d'une r\u00e9sidence permanente, d'une maison de vacances ou d'une opportunit\u00e9 d'investissement, nous avons la maison id\u00e9ale pour vous.<\/p>\n\n\n\n<div id=\"ere_shortcode_1\"  class=\"ere_latest_properties_ajax ere_ele_property_ajax_target\"><div class=\"home-properties-section-inner-target\"><div class=\"listing-layout inspiry-shortcode\"><div class=\"list-container clearfix\">\n<article class=\"rh_list_card\">\n\n\t<div class=\"rh_list_card__wrap\">\n\n\t\t<figure class=\"rh_list_card__thumbnail\">\n            <div class=\"rh_figure_property_list_one\">\n\t\t\t\n\t\t\t<a href=\"https:\/\/dacasas.es\/fr\/woning\/villas-panoramic-in-alicante\/\">\n\t\t\t\t\t\t\t\t\t\t\t\t\t\t<div class=\"post_thumbnail\" style=\"background: url('https:\/\/dacasas.es\/wp-content\/uploads\/2022\/04\/Exterior-04-488x326.jpg') 50% 50% no-repeat; background-size: cover;\"><\/div>\n\t\t\t\t\t<!-- \/.post_thumbnail -->\n\t\t\t\t\t\t\t<\/a>\n\n\t\t\t<div class=\"rh_overlay\"><\/div>\n\t\t\t<div class=\"rh_overlay__contents rh_overlay__fadeIn-bottom\">\n\t\t\t\t<a href=\"https:\/\/dacasas.es\/fr\/woning\/villas-panoramic-in-alicante\/\">Plus d'informations<\/a>\n\t\t\t<\/div>\n\t\t\t<!-- \/.rh_overlay__contents -->\n\n\t\t\t            <\/div>\n\n            <div class=\"rh_list_card__btns\">\n\t\t\t\t            <\/div>\n\t\t\t<!-- \/.rh_list_card__btns -->\n\t\t<\/figure>\n\t\t<!-- \/.rh_list_card__thumbnail -->\n\n\t\t<div class=\"rh_list_card__details_wrap\">\n\n\t\t\t<div class=\"rh_list_card__details\">\n\n\t\t\t\t<h3>\n\t\t\t\t\t<a href=\"https:\/\/dacasas.es\/fr\/woning\/villas-panoramic-in-alicante\/\">Villas Panoramiques \u00e0 Alicante<\/a>\n\t\t\t\t<\/h3>\n\t\t\t\t<p class=\"rh_list_card__excerpt\">Villas modernes de grande qualit\u00e9, avec syst\u00e8me de domotique...<\/p>\n\t\t\t\t<!-- \/.rh_list_card__excerpt -->\n\n\t\t\t\t<div class=\"rh_list_card__meta_wrap\">\n\n\t\t\t\t\t\t\t\t\t\t\t<div class=\"rh_list_card__meta\">\n\t\t\t\t\t\t\t<h4>Chambres<\/h4>\n\t\t\t\t\t\t\t<div>\n\t\t\t\t\t\t\t\t<svg class=\"rh_svg\" xmlns=\"http:\/\/www.w3.org\/2000\/svg\" width=\"24\" height=\"24\" viewbox=\"0 0 24 24\">\n  <path d=\"M1111.91,600.993h16.17a2.635,2.635,0,0,1,2.68,1.773l1.21,11.358a2.456,2.456,0,0,1-2.61,2.875h-18.73a2.46,2.46,0,0,1-2.61-2.875l1.21-11.358A2.635,2.635,0,0,1,1111.91,600.993Zm0.66-7.994h3.86c1.09,0,2.57.135,2.57,1l0.01,3.463c0.14,0.838-1.72,1.539-2.93,1.539h-4.17c-1.21,0-2.07-.7-1.92-1.539l0.37-3.139A2.146,2.146,0,0,1,1112.57,593Zm11,0h3.86a2.123,2.123,0,0,1,2.2,1.325l0.38,3.139c0.14,0.838-.72,1.539-1.93,1.539h-5.17c-1.21,0-2.07-.7-1.92-1.539L1121,594C1121,593.1,1122.48,593,1123.57,593Z\" transform=\"translate(-1108 -593)\"\/>\n<\/svg>\t\t\t\t\t\t\t\t<span class=\"figure\">3<\/span>\n\t\t\t\t\t\t\t<\/div>\n\t\t\t\t\t\t<\/div>\n\t\t\t\t\t\t<!-- \/.rh_list_card__meta -->\n\t\t\t\t\t\n\t\t\t\t\t\t\t\t\t\t\t<div class=\"rh_list_card__meta\">\n\t\t\t\t\t\t\t<h4>Salles de bain<\/h4>\n\t\t\t\t\t\t\t<div>\n\t\t\t\t\t\t\t\t<svg class=\"rh_svg\" xmlns=\"http:\/\/www.w3.org\/2000\/svg\" width=\"23.69\" height=\"24\" viewbox=\"0 0 23.69 24\">\n  <path d=\"M1204,601a8,8,0,0,1,16,0v16h-2V601a6,6,0,0,0-12,0v1h-2v-1Zm7,6a6,6,0,0,0-12,0h12Zm-6,2a1,1,0,0,1,1,1v1a1,1,0,0,1-2,0v-1A1,1,0,0,1,1205,609Zm0,5a1,1,0,0,1,1,1v1a1,1,0,0,1-2,0v-1A1,1,0,0,1,1205,614Zm4.94-5.343a1,1,0,0,1,1.28.6l0.69,0.878a1,1,0,0,1-1.88.685l-0.69-.879A1,1,0,0,1,1209.94,608.657Zm2.05,4.638a1,1,0,0,1,1.28.6l0.35,0.94a1.008,1.008,0,0,1-.6,1.282,1,1,0,0,1-1.28-.6l-0.35-.939A1.008,1.008,0,0,1,1211.99,613.295Zm-11.93-4.638a1,1,0,0,1,.6,1.282l-0.69.879a1,1,0,1,1-1.87-.682l0.68-.88A1,1,0,0,1,1200.06,608.657Zm-2.05,4.639a1,1,0,0,1,.6,1.281l-0.34.941a1,1,0,0,1-1.88-.683l0.34-.94A1,1,0,0,1,1198.01,613.3Z\" transform=\"translate(-1196.31 -593)\"\/>\n<\/svg>\n\t\t\t\t\t\t\t\t<span class=\"figure\">2<\/span>\n\t\t\t\t\t\t\t<\/div>\n\t\t\t\t\t\t<\/div>\n\t\t\t\t\t\t<!-- \/.rh_list_card__meta -->\n\t\t\t\t\t\n\t\t\t\t\t\n\t\t\t\t<\/div>\n\t\t\t\t<!-- \/.rh_list_card__meta_wrap -->\n\n\t\t\t<\/div>\n\t\t\t<!-- \/.rh_list_card__details -->\n\n\t\t\t<div class=\"rh_list_card__priceLabel\">\n\n\t\t\t\t<div class=\"rh_list_card__price\">\n\t\t\t\t\t<h4 class=\"status\">\n\t\t\t\t\t\tA vendre\t\t\t\t\t<\/h4>\n\t\t\t\t\t<!-- \/.rh_prop_card__type -->\n\n\t\t\t\t\t<p class=\"price\">\n\t\t\t\t\t\t\u00e0 partir de 450 000 euros \t\t\t\t\t<\/p>\n\t\t\t\t\t<!-- \/.price -->\n\t\t\t\t<\/div>\n\t\t\t\t<!-- \/.rh_list_card__price -->\n\n\t\t\t\t<p class=\"rh_list_card__author\">\n\t\t\t\t\tPar\t\t\t\t\t<span class=\"author\">\n\t\t\t\t\t\tDacasas\t\t\t\t\t<\/span>\n\t\t\t\t\t<!-- \/.name -->\n\t\t\t\t<\/p>\n\t\t\t\t<!-- \/.rh_list_card__author -->\n\n\t\t\t<\/div>\n\t\t\t<!-- \/.rh_list_card__priceLabel -->\n\n\t\t<\/div>\n\t\t<!-- \/.rh_list_card__details_wrap -->\n\n\t<\/div>\n\t<!-- \/.rh_list_card__wrap -->\n\n<\/article>\n<!-- \/.rh_list_card -->\n<\/div><\/div><\/div><\/div>\n\n\n\n<h3 class=\"wp-block-heading\"><strong>Les \u00e9tapes de l'achat d'une maison avec piscine sur la Costa Blanca<\/strong><\/h3>\n\n\n\n<p>L'achat d'une maison \u00e0 l'\u00e9tranger peut sembler complexe, mais chez Dacasas, nous rendons ce processus simple et transparent. Voici comment nous vous aidons :<\/p>\n\n\n\n<ol class=\"wp-block-list\">\n<li><strong>Introduction :<\/strong><br>Nous commen\u00e7ons par un entretien personnel afin de comprendre vos besoins. Souhaitez-vous une maison moderne ou un style plus traditionnel ? Quelle doit \u00eatre la taille de la piscine ? Quels sont les \u00e9quipements qui vous tiennent \u00e0 c\u0153ur ?<\/li>\n\n\n\n<li><strong>S\u00e9lection des logements :<\/strong><br>En fonction de vos pr\u00e9f\u00e9rences, nous vous pr\u00e9sentons une s\u00e9lection de propri\u00e9t\u00e9s. Gr\u00e2ce \u00e0 nos connaissances locales, nous avons acc\u00e8s \u00e0 des propri\u00e9t\u00e9s exclusives qui sont souvent introuvables en ligne.<\/li>\n\n\n\n<li><strong>Visites :<\/strong><br>Lors d'une visite \u00e0 Alicante, nous organisons les visites et vous guidons dans chaque propri\u00e9t\u00e9. Nos experts vous fourniront des informations compl\u00e8tes sur la propri\u00e9t\u00e9, le quartier et les possibilit\u00e9s de r\u00e9novation.<\/li>\n\n\n\n<li><strong>Processus d'achat :<\/strong><br>De la n\u00e9gociation des prix \u00e0 l'assistance juridique et au conseil fiscal, notre \u00e9quipe est \u00e0 vos c\u00f4t\u00e9s. Nous travaillons avec des avocats et des notaires de confiance pour que tout se passe bien.<\/li>\n<\/ol>\n\n\n\n<h3 class=\"wp-block-heading\"><strong>Investir dans une maison avec piscine \u00e0 Alicante<\/strong><\/h3>\n\n\n\n<p>Outre l'achat d'une maison de r\u00eave, l'achat d'une maison avec piscine \u00e0 Alicante est \u00e9galement un investissement judicieux. Le march\u00e9 immobilier de cette r\u00e9gion continue de cro\u00eetre gr\u00e2ce \u00e0 sa popularit\u00e9 aupr\u00e8s des acheteurs internationaux et des touristes. Une maison avec piscine peut g\u00e9n\u00e9rer des revenus locatifs importants, en particulier pendant la haute saison.<\/p>\n\n\n\n<h3 class=\"wp-block-heading\"><strong>Pourquoi choisir Dacasas pour l'achat d'une propri\u00e9t\u00e9 avec piscine sur la Costa Blanca ?<\/strong><\/h3>\n\n\n\n<p>Chez Dacasas, nous avons une mission : aider nos clients \u00e0 trouver la maison de leurs r\u00eaves sans stress. Voici pourquoi nous sommes le partenaire id\u00e9al :<\/p>\n\n\n\n<ul class=\"wp-block-list\">\n<li><strong>Connaissance du march\u00e9 local :<\/strong> Avec des ann\u00e9es d'exp\u00e9rience dans la r\u00e9gion Costa-Blanca, nous connaissons les meilleurs quartiers, les tendances et les prix.<\/li>\n\n\n\n<li><strong>Service personnalis\u00e9 :<\/strong> Chaque client est unique et m\u00e9rite une approche sur mesure.<\/li>\n\n\n\n<li><strong>R\u00e9seau \u00e9tendu :<\/strong> Des agents immobiliers aux avocats en passant par les entrepreneurs et les architectes d'int\u00e9rieur, nous avons les bons contacts pour faire de la maison de vos r\u00eaves une r\u00e9alit\u00e9.<\/li>\n<\/ul>\n\n\n\n<h3 class=\"wp-block-heading\"><strong>Conseils pour l'achat d'une maison avec piscine sur la Costa Blanca<\/strong><\/h3>\n\n\n\n<p>Pour que votre exp\u00e9rience d'achat soit encore plus agr\u00e9able, nous vous donnons quelques conseils :<\/p>\n\n\n\n<ul class=\"wp-block-list\">\n<li><strong>Budget :<\/strong> Fixez un budget pr\u00e9cis et tenez compte des co\u00fbts suppl\u00e9mentaires tels que les frais de notaire, les taxes et les frais d'entretien.<\/li>\n\n\n\n<li><strong>Localisation :<\/strong> R\u00e9fl\u00e9chissez \u00e0 vos priorit\u00e9s : voulez-vous vivre pr\u00e8s de la plage, en centre-ville ou dans une banlieue tranquille ?<\/li>\n\n\n\n<li><strong>Objectifs \u00e0 long terme :<\/strong> D\u00e9terminez si le bien peut servir de r\u00e9sidence permanente, de r\u00e9sidence secondaire ou de bien locatif.<\/li>\n<\/ul>\n\n\n\n<h4 class=\"wp-block-heading\"><strong>Prenez contact avec nous d\u00e8s aujourd'hui<\/strong><\/h4>\n\n\n\n<p>\u00cates-vous pr\u00eat \u00e0 faire le premier pas vers la maison de vos r\u00eaves ? <strong>Dacasas<\/strong> est \u00e0 votre service pour vous fournir des conseils et une assistance d'experts. Contactez-nous via<em> <a href=\"https:\/\/dacasas.es\/fr\/\">Dacasas.es<\/a><\/em> ou <a href=\"\/fr\/contact\/\"><em>planifier une consultation sans engagement<\/em><\/a>.<\/p>\n\n\n\n<p>Ensemble, nous ferons en sorte que votre r\u00eave d'une maison avec piscine sur la Costa Blanca devienne r\u00e9alit\u00e9.<\/p>","protected":false},"excerpt":{"rendered":"<p>Acheter une maison avec piscine sur la Costa Blanca est un r\u00eave devenu r\u00e9alit\u00e9. Cette r\u00e9gion offre une combinaison de paysages magnifiques, d'\u00e9quipements modernes et d'un mode de vie d\u00e9contract\u00e9. Chez Dacasas, nous comprenons que trouver la maison id\u00e9ale est plus qu'un investissement ; c'est un pas vers une meilleure qualit\u00e9 de vie. Pourquoi ?<\/p>","protected":false},"author":2,"featured_media":0,"parent":0,"menu_order":0,"comment_status":"closed","ping_status":"closed","template":"","meta":{"footnotes":""},"class_list":["post-72339","page","type-page","status-publish","hentry"],"_links":{"self":[{"href":"https:\/\/dacasas.es\/fr\/wp-json\/wp\/v2\/pages\/72339","targetHints":{"allow":["GET"]}}],"collection":[{"href":"https:\/\/dacasas.es\/fr\/wp-json\/wp\/v2\/pages"}],"about":[{"href":"https:\/\/dacasas.es\/fr\/wp-json\/wp\/v2\/types\/page"}],"author":[{"embeddable":true,"href":"https:\/\/dacasas.es\/fr\/wp-json\/wp\/v2\/users\/2"}],"replies":[{"embeddable":true,"href":"https:\/\/dacasas.es\/fr\/wp-json\/wp\/v2\/comments?post=72339"}],"version-history":[{"count":9,"href":"https:\/\/dacasas.es\/fr\/wp-json\/wp\/v2\/pages\/72339\/revisions"}],"predecessor-version":[{"id":73084,"href":"https:\/\/dacasas.es\/fr\/wp-json\/wp\/v2\/pages\/72339\/revisions\/73084"}],"wp:attachment":[{"href":"https:\/\/dacasas.es\/fr\/wp-json\/wp\/v2\/media?parent=72339"}],"curies":[{"name":"wp","href":"https:\/\/api.w.org\/{rel}","templated":true}]}}