{"id":68171,"date":"2024-02-06T16:31:36","date_gmt":"2024-02-06T14:31:36","guid":{"rendered":"https:\/\/dacasas.es\/?page_id=68171"},"modified":"2025-01-08T14:17:09","modified_gmt":"2025-01-08T12:17:09","slug":"conditions-de-loffre","status":"publish","type":"page","link":"https:\/\/dacasas.es\/fr\/voorwaarden-aanbieding\/","title":{"rendered":"Conditions de l'offre"},"content":{"rendered":"<p>Dacasas offre une assistance \u00e0 l'achat par l'interm\u00e9diaire de notre gestor, qui s'assure que tous les documents juridiques, fiscaux et administratifs sont examin\u00e9s avant l'achat.<br>Tout cela pour que votre achat se d\u00e9roule en douceur et sans probl\u00e8me.<br>Lors de l'achat d'un bien immobilier en direct<br>- valeur d'achat &lt; 350 000,00 \u20ac 1\/2 remboursement de l&#039;aide \u00e0 l&#039;achat par notre gestatrice.<br>- valeur d'achat &gt; 350 000,00 \u20ac remboursement int\u00e9gral de l'aide \u00e0 l'achat par notre gestor.<br>En cas d'achat d'un bien immobilier en collaboration avec un autre agent immobilier<br>- valeur d'achat &lt; 350 000,00 \u20ac \u00bc remboursement de l&#039;aide \u00e0 l&#039;achat par notre gestatrice.<br>- valeur d'achat &gt; 350 000,00 \u20ac \u00bd remboursement de l'aide \u00e0 l'achat par notre gestatrice.<\/p>","protected":false},"excerpt":{"rendered":"<p>Dacasas offre un service de conseil \u00e0 l'achat par l'interm\u00e9diaire de notre gestor, qui s'assure que tous les documents l\u00e9gaux, fiscaux et administratifs sont v\u00e9rifi\u00e9s avant l'achat.Tout cela pour s'assurer que votre achat peut se d\u00e9rouler en douceur et sans probl\u00e8mes.Avec un achat d'une propri\u00e9t\u00e9 directe- valeur d'achat &lt; \u20ac350 000.00 1\/2 remboursement du service de conseil \u00e0 l&#039;achat par notre gestor.-...<\/p>","protected":false},"author":2,"featured_media":0,"parent":0,"menu_order":0,"comment_status":"closed","ping_status":"closed","template":"","meta":{"footnotes":""},"class_list":["post-68171","page","type-page","status-publish","hentry"],"_links":{"self":[{"href":"https:\/\/dacasas.es\/fr\/wp-json\/wp\/v2\/pages\/68171","targetHints":{"allow":["GET"]}}],"collection":[{"href":"https:\/\/dacasas.es\/fr\/wp-json\/wp\/v2\/pages"}],"about":[{"href":"https:\/\/dacasas.es\/fr\/wp-json\/wp\/v2\/types\/page"}],"author":[{"embeddable":true,"href":"https:\/\/dacasas.es\/fr\/wp-json\/wp\/v2\/users\/2"}],"replies":[{"embeddable":true,"href":"https:\/\/dacasas.es\/fr\/wp-json\/wp\/v2\/comments?post=68171"}],"version-history":[{"count":3,"href":"https:\/\/dacasas.es\/fr\/wp-json\/wp\/v2\/pages\/68171\/revisions"}],"predecessor-version":[{"id":72633,"href":"https:\/\/dacasas.es\/fr\/wp-json\/wp\/v2\/pages\/68171\/revisions\/72633"}],"wp:attachment":[{"href":"https:\/\/dacasas.es\/fr\/wp-json\/wp\/v2\/media?parent=68171"}],"curies":[{"name":"wp","href":"https:\/\/api.w.org\/{rel}","templated":true}]}}