{"id":5100,"date":"2021-11-01T10:18:32","date_gmt":"2021-11-01T08:18:32","guid":{"rendered":"https:\/\/server2.webdesignhq.shockmedia.nl\/~dacasas\/?page_id=5100"},"modified":"2024-09-23T12:23:53","modified_gmt":"2024-09-23T10:23:53","slug":"a-propos-de-nous","status":"publish","type":"page","link":"https:\/\/dacasas.es\/fr\/over-ons\/","title":{"rendered":"A propos de nous"},"content":{"rendered":"<p>Qui sont <a href=\"https:\/\/dacasas.es\/fr\/\">nous<\/a>?<br>Malgr\u00e9 notre jeune \u00e2ge, nous avons toujours r\u00eav\u00e9 de vivre dans un pays au climat merveilleux.<br>Doute ...<br>L'inconnu...<br>Et bien plus encore ...<\/p>\n\n\n\n<p>Mais pourquoi attendre ?<br>Pourquoi ne pas tenter sa chance, et faire un pas vers la vraie vie ?<\/p>\n\n\n\n<p>Nous avons donc pris la d\u00e9cision de franchir le pas, de tout vendre en Belgique ; notre entreprise, notre maison,... et de partir pour une grande aventure... en Espagne avec nos 2 enfants.<\/p>\n\n\n\n<p>Lors de la recherche de la maison de nos r\u00eaves, nous avons constat\u00e9 que de nombreux agents immobiliers \u00e9taient loin d'offrir un service de qualit\u00e9.<\/p>\n\n\n\n<p>Gr\u00e2ce \u00e0 notre connaissance de l'immobilier et de nos partenaires commerciaux en Espagne, l'installation dans nos locaux a \u00e9t\u00e9 rapide.<\/p>\n\n\n\n<p>Nous voulons vous aider avec nos connaissances et notre bon service dans la recherche de la maison de vos r\u00eaves.&nbsp;<br>Et pour les clients, cherchez ce qu'ils recherchent vraiment.<br>Avec le m\u00eame dynamisme que si c'\u00e9tait pour nous !<\/p>\n\n\n\n<p>Vous voulez vendre votre maison ? Bien s\u00fbr, nous pouvons aussi vous aider ! En restant actifs en Belgique et en faisant beaucoup de publicit\u00e9 en Belgique, aux Pays-Bas et en France, nous pensons pouvoir attirer la bonne client\u00e8le.<\/p>","protected":false},"excerpt":{"rendered":"<p>Qui sommes-nous ? Malgr\u00e9 notre jeune \u00e2ge, nous avons toujours eu le r\u00eave de vivre dans un pays au climat merveilleux... Le doute... L'inconnu... Et tant d'autres choses encore... Mais pourquoi attendre... Pourquoi ne pas saisir sa chance, et faire ses premiers pas vers la vraie vie ? Nous avons donc pris la d\u00e9cision de...<\/p>","protected":false},"author":2,"featured_media":0,"parent":0,"menu_order":0,"comment_status":"closed","ping_status":"closed","template":"","meta":{"footnotes":""},"class_list":["post-5100","page","type-page","status-publish","hentry"],"_links":{"self":[{"href":"https:\/\/dacasas.es\/fr\/wp-json\/wp\/v2\/pages\/5100","targetHints":{"allow":["GET"]}}],"collection":[{"href":"https:\/\/dacasas.es\/fr\/wp-json\/wp\/v2\/pages"}],"about":[{"href":"https:\/\/dacasas.es\/fr\/wp-json\/wp\/v2\/types\/page"}],"author":[{"embeddable":true,"href":"https:\/\/dacasas.es\/fr\/wp-json\/wp\/v2\/users\/2"}],"replies":[{"embeddable":true,"href":"https:\/\/dacasas.es\/fr\/wp-json\/wp\/v2\/comments?post=5100"}],"version-history":[{"count":3,"href":"https:\/\/dacasas.es\/fr\/wp-json\/wp\/v2\/pages\/5100\/revisions"}],"predecessor-version":[{"id":71454,"href":"https:\/\/dacasas.es\/fr\/wp-json\/wp\/v2\/pages\/5100\/revisions\/71454"}],"wp:attachment":[{"href":"https:\/\/dacasas.es\/fr\/wp-json\/wp\/v2\/media?parent=5100"}],"curies":[{"name":"wp","href":"https:\/\/api.w.org\/{rel}","templated":true}]}}