{"id":3,"date":"2021-10-12T08:13:48","date_gmt":"2021-10-12T08:13:48","guid":{"rendered":"https:\/\/server2.webdesignhq.shockmedia.nl\/~dacasas\/?page_id=3"},"modified":"2021-11-01T10:14:12","modified_gmt":"2021-11-01T08:14:12","slug":"politique-de-confidentialite","status":"publish","type":"page","link":"https:\/\/dacasas.es\/fr\/privacybeleid\/","title":{"rendered":"Politique de confidentialit\u00e9"},"content":{"rendered":"<p>Politique de confidentialit\u00e9 de Dacasas, propri\u00e9taire de https:\/\/dacasas.online<\/p>\n\n\n\n<p><strong>1) Garanties en mati\u00e8re de protection de la vie priv\u00e9e<\/strong><\/p>\n\n\n\n<p>La protection de la vie priv\u00e9e des visiteurs de https:\/\/dacasas.online est une t\u00e2che importante pour nous. C'est pourquoi nous d\u00e9crivons dans notre politique de confidentialit\u00e9 les informations que nous recueillons et la mani\u00e8re dont nous les utilisons.<\/p>\n\n\n\n<p><strong>2) Consentement<\/strong><\/p>\n\n\n\n<p>En utilisant les informations et les services sur https:\/\/dacasas.online, vous acceptez notre politique de confidentialit\u00e9 et les conditions que nous avons incluses dans le pr\u00e9sent document.<\/p>\n\n\n\n<p><strong>3) Questions<\/strong><\/p>\n\n\n\n<p>Si vous souhaitez recevoir plus d'informations ou si vous avez des questions sur la politique de confidentialit\u00e9 de Dacasas et plus particuli\u00e8rement sur https:\/\/dacasas.online , veuillez nous contacter par courrier \u00e9lectronique. Notre adresse \u00e9lectronique est la suivante : info@dacasas.online<\/p>\n\n\n\n<p><strong>4) Suivi du comportement des visiteurs<\/strong><\/p>\n\n\n\n<p>https:\/\/dacasas.online utilise diverses techniques pour savoir qui visite le site web, comment ce visiteur se comporte sur le site web et quelles pages sont visit\u00e9es. Il s'agit d'une pratique courante pour les sites web, car elle fournit des informations qui contribuent \u00e0 la qualit\u00e9 de l'exp\u00e9rience de l'utilisateur. Les informations que nous enregistrons via les cookies comprennent les adresses IP, le type de navigateur et les pages visit\u00e9es.<\/p>\n\n\n\n<p>Nous savons \u00e9galement o\u00f9 les visiteurs se rendent pour la premi\u00e8re fois sur le site web et \u00e0 partir de quelle page ils quittent le site. Ces informations restent anonymes et ne sont pas li\u00e9es \u00e0 d'autres informations personnelles.<\/p>\n\n\n\n<p><strong>5) Utilisation de cookies<\/strong><\/p>\n\n\n\n<p><a href=\"https:\/\/dacasas.online\" target=\"_blank\" rel=\"noopener\"> https:\/\/dacasas.online<\/a> place des cookies sur les visiteurs. Nous le faisons pour collecter des informations sur les pages que les utilisateurs visitent sur notre site web, pour savoir combien de fois les visiteurs reviennent et pour voir quelles sont les pages qui marchent bien sur le site web. Nous gardons \u00e9galement la trace des informations partag\u00e9es par le navigateur.<\/p>\n\n\n\n<p><strong>6) D\u00e9sactivation des cookies<\/strong><\/p>\n\n\n\n<p>Vous pouvez choisir de d\u00e9sactiver les cookies. Pour ce faire, utilisez les options de votre navigateur. Vous trouverez de plus amples informations sur ces options sur le site web du fournisseur de votre navigateur.<\/p>\n\n\n\n<p><strong>7) Cookies de tiers<\/strong><\/p>\n\n\n\n<p>Des tiers, tels que Google, peuvent faire de la publicit\u00e9 sur notre site web ou nous pouvons utiliser un autre service. Pour ce faire, ces tiers placent parfois des cookies. Ces cookies ne peuvent pas \u00eatre influenc\u00e9s par https:\/\/dacasas.online.<\/p>","protected":false},"excerpt":{"rendered":"<p>Politique de confidentialit\u00e9 de Dacasas, propri\u00e9taire de https:\/\/dacasas.online 1) Protection de la vie priv\u00e9e La protection de la vie priv\u00e9e des visiteurs de https:\/\/dacasas.online est une t\u00e2che importante pour nous. C'est pourquoi nous d\u00e9crivons dans notre politique de confidentialit\u00e9 les informations que nous recueillons et la mani\u00e8re dont nous les utilisons. 2) Consentement En utilisant les informations et les services de https:\/\/dacasas.online, vous acceptez...<\/p>","protected":false},"author":2,"featured_media":0,"parent":0,"menu_order":0,"comment_status":"closed","ping_status":"closed","template":"","meta":{"footnotes":""},"class_list":["post-3","page","type-page","status-publish","hentry"],"_links":{"self":[{"href":"https:\/\/dacasas.es\/fr\/wp-json\/wp\/v2\/pages\/3","targetHints":{"allow":["GET"]}}],"collection":[{"href":"https:\/\/dacasas.es\/fr\/wp-json\/wp\/v2\/pages"}],"about":[{"href":"https:\/\/dacasas.es\/fr\/wp-json\/wp\/v2\/types\/page"}],"author":[{"embeddable":true,"href":"https:\/\/dacasas.es\/fr\/wp-json\/wp\/v2\/users\/2"}],"replies":[{"embeddable":true,"href":"https:\/\/dacasas.es\/fr\/wp-json\/wp\/v2\/comments?post=3"}],"version-history":[{"count":2,"href":"https:\/\/dacasas.es\/fr\/wp-json\/wp\/v2\/pages\/3\/revisions"}],"predecessor-version":[{"id":5085,"href":"https:\/\/dacasas.es\/fr\/wp-json\/wp\/v2\/pages\/3\/revisions\/5085"}],"wp:attachment":[{"href":"https:\/\/dacasas.es\/fr\/wp-json\/wp\/v2\/media?parent=3"}],"curies":[{"name":"wp","href":"https:\/\/api.w.org\/{rel}","templated":true}]}}