{"id":72357,"date":"2024-10-18T10:49:20","date_gmt":"2024-10-18T08:49:20","guid":{"rendered":"https:\/\/dacasas.es\/?page_id=72357"},"modified":"2024-11-22T12:56:23","modified_gmt":"2024-11-22T10:56:23","slug":"comprar-una-casa-en-la-costa-blanca","status":"publish","type":"page","link":"https:\/\/dacasas.es\/es\/huis-kopen-aan-de-costa-blanca\/","title":{"rendered":"Comprar una casa en la Costa Blanca"},"content":{"rendered":"<figure class=\"wp-block-image size-large\"><img fetchpriority=\"high\" decoding=\"async\" width=\"1024\" height=\"768\" src=\"https:\/\/dacasas.es\/wp-content\/uploads\/2024\/11\/huis-kopen-costa-blanca-1024x768.jpg\" alt=\"Comprar una casa Costa Blanca con Dacasas\" class=\"wp-image-72505\" title=\"\" srcset=\"https:\/\/dacasas.es\/wp-content\/uploads\/2024\/11\/huis-kopen-costa-blanca-1024x768.jpg 1024w, https:\/\/dacasas.es\/wp-content\/uploads\/2024\/11\/huis-kopen-costa-blanca-300x225.jpg 300w, https:\/\/dacasas.es\/wp-content\/uploads\/2024\/11\/huis-kopen-costa-blanca-768x576.jpg 768w, https:\/\/dacasas.es\/wp-content\/uploads\/2024\/11\/huis-kopen-costa-blanca-150x113.jpg 150w, https:\/\/dacasas.es\/wp-content\/uploads\/2024\/11\/huis-kopen-costa-blanca-680x510.jpg 680w, https:\/\/dacasas.es\/wp-content\/uploads\/2024\/11\/huis-kopen-costa-blanca.jpg 1400w\" sizes=\"(max-width: 1024px) 100vw, 1024px\" \/><\/figure>\n\n\n\n<p>En <a href=\"https:\/\/nl.wikipedia.org\/wiki\/Costa_Blanca\" target=\"_blank\" data-type=\"link\" data-id=\"https:\/\/nl.wikipedia.org\/wiki\/Costa_Blanca\" rel=\"noreferrer noopener\">Costa Blanca<\/a> es una de las regiones m\u00e1s populares de Espa\u00f1a para quienes buscan una segunda residencia, un hogar permanente o una inversi\u00f3n inmobiliaria inteligente. Esta hermosa costa, que se extiende desde Denia en el norte hasta Pilar de la Horadada en el sur, ofrece una combinaci\u00f3n de sol, mar, cultura y un estilo de vida relajado. En <strong>Dacasas<\/strong> estaremos encantados de ayudarle a comprar una casa en la Costa Blanca.<\/p>\n\n\n\n<h2 class=\"wp-block-heading\"><strong>\u00bfPor qu\u00e9 elegir la Costa Blanca?<\/strong><\/h2>\n\n\n\n<p>La Costa Blanca tiene todo lo necesario para una vida llena de confort y diversi\u00f3n. Estas son algunas de las razones por las que esta regi\u00f3n es tan popular:<\/p>\n\n\n\n<ol class=\"wp-block-list\">\n<li><strong>Clima soleado:<\/strong> Con m\u00e1s de 300 d\u00edas de sol al a\u00f1o, aqu\u00ed disfrutar\u00e1 de un encantador clima mediterr\u00e1neo.<\/li>\n\n\n\n<li><strong>Hermosas playas:<\/strong> Desde largas playas de arena hasta calas escondidas, el litoral es ideal para relajarse y practicar deportes acu\u00e1ticos.<\/li>\n\n\n\n<li><strong>Pueblos aut\u00e9nticos:<\/strong> Descubra pueblos con encanto como Altea, Moraira y J\u00e1vea, cada uno con su propio ambiente.<\/li>\n\n\n\n<li><strong>Buenas instalaciones:<\/strong> La regi\u00f3n cuenta con excelentes infraestructuras, modernos hospitales y una amplia oferta de comercios, restaurantes y escuelas.<\/li>\n\n\n\n<li><strong>Accesibilidad:<\/strong> Con aeropuertos internacionales en Alicante y Valencia, la Costa Blanca es f\u00e1cilmente accesible desde toda Europa.<\/li>\n<\/ol>\n\n\n\n<h3 class=\"wp-block-heading\">Comprar una casa <strong>en la Costa Blanca<\/strong> - Nuestra oferta<\/h3>\n\n\n\n<p>En <strong>Dacasas<\/strong> ofrecemos una amplia gama de propiedades que se adaptan a diferentes gustos y presupuestos. Tanto si busca un piso moderno, un chalet de lujo con piscina o una finca tradicional en el interior, tenemos la propiedad perfecta para usted.<\/p>\n\n\n\n<p>Nuestra cartera incluye:<\/p>\n\n\n\n<ul class=\"wp-block-list\">\n<li><strong>Pisos:<\/strong> Ideal para aquellos que quieren vivir cerca de los servicios y la costa.<\/li>\n\n\n\n<li><strong>Villas:<\/strong> Amplias viviendas con piscina privada y hermosas vistas.<\/li>\n\n\n\n<li><strong>Fincas:<\/strong> Aut\u00e9nticas casas rurales, perfectas para los amantes de la tranquilidad y la naturaleza.<\/li>\n\n\n\n<li><strong>Proyectos de nueva construcci\u00f3n:<\/strong> Viviendas modernas con las \u00faltimas tecnolog\u00edas y materiales sostenibles.<\/li>\n<\/ul>\n\n\n\n<div id=\"ere_shortcode_1\"  class=\"ere_latest_properties_ajax ere_ele_property_ajax_target\"><div class=\"home-properties-section-inner-target\"><div class=\"listing-layout inspiry-shortcode\"><div class=\"list-container clearfix\">\n<article class=\"rh_list_card\">\n\n\t<div class=\"rh_list_card__wrap\">\n\n\t\t<figure class=\"rh_list_card__thumbnail\">\n            <div class=\"rh_figure_property_list_one\">\n\t\t\t\n\t\t\t<a href=\"https:\/\/dacasas.es\/es\/woning\/appartementen-las-vilas-villajoyosa\/\">\n\t\t\t\t\t\t\t\t\t\t\t\t\t\t<div class=\"post_thumbnail\" style=\"background: url('https:\/\/fakeimg.pl\/680x510?&#038;text=Dacasas') 50% 50% no-repeat; background-size: cover;\"><\/div>\n\t\t\t\t\t<!-- \/.post_thumbnail -->\n\t\t\t\t\t\t\t<\/a>\n\n\t\t\t<div class=\"rh_overlay\"><\/div>\n\t\t\t<div class=\"rh_overlay__contents rh_overlay__fadeIn-bottom\">\n\t\t\t\t<a href=\"https:\/\/dacasas.es\/es\/woning\/appartementen-las-vilas-villajoyosa\/\">M\u00e1s informaci\u00f3n<\/a>\n\t\t\t<\/div>\n\t\t\t<!-- \/.rh_overlay__contents -->\n\n\t\t\t            <\/div>\n\n            <div class=\"rh_list_card__btns\">\n\t\t\t\t            <\/div>\n\t\t\t<!-- \/.rh_list_card__btns -->\n\t\t<\/figure>\n\t\t<!-- \/.rh_list_card__thumbnail -->\n\n\t\t<div class=\"rh_list_card__details_wrap\">\n\n\t\t\t<div class=\"rh_list_card__details\">\n\n\t\t\t\t<h3>\n\t\t\t\t\t<a href=\"https:\/\/dacasas.es\/es\/woning\/appartementen-las-vilas-villajoyosa\/\">Pisos Villajoyosa<\/a>\n\t\t\t\t<\/h3>\n\t\t\t\t<p class=\"rh_list_card__excerpt\">Complejo de 32 pisos con...<\/p>\n\t\t\t\t<!-- \/.rh_list_card__excerpt -->\n\n\t\t\t\t<div class=\"rh_list_card__meta_wrap\">\n\n\t\t\t\t\t\n\t\t\t\t\t\n\t\t\t\t\t\n\t\t\t\t<\/div>\n\t\t\t\t<!-- \/.rh_list_card__meta_wrap -->\n\n\t\t\t<\/div>\n\t\t\t<!-- \/.rh_list_card__details -->\n\n\t\t\t<div class=\"rh_list_card__priceLabel\">\n\n\t\t\t\t<div class=\"rh_list_card__price\">\n\t\t\t\t\t<h4 class=\"status\">\n\t\t\t\t\t\t\u00a1Vendido!\t\t\t\t\t<\/h4>\n\t\t\t\t\t<!-- \/.rh_prop_card__type -->\n\n\t\t\t\t\t<p class=\"price\">\n\t\t\t\t\t\tdesde 175.000 euros \t\t\t\t\t<\/p>\n\t\t\t\t\t<!-- \/.price -->\n\t\t\t\t<\/div>\n\t\t\t\t<!-- \/.rh_list_card__price -->\n\n\t\t\t\t<p class=\"rh_list_card__author\">\n\t\t\t\t\tPor\t\t\t\t\t<span class=\"author\">\n\t\t\t\t\t\tDacasas\t\t\t\t\t<\/span>\n\t\t\t\t\t<!-- \/.name -->\n\t\t\t\t<\/p>\n\t\t\t\t<!-- \/.rh_list_card__author -->\n\n\t\t\t<\/div>\n\t\t\t<!-- \/.rh_list_card__priceLabel -->\n\n\t\t<\/div>\n\t\t<!-- \/.rh_list_card__details_wrap -->\n\n\t<\/div>\n\t<!-- \/.rh_list_card__wrap -->\n\n<\/article>\n<!-- \/.rh_list_card -->\n\n<article class=\"rh_list_card\">\n\n\t<div class=\"rh_list_card__wrap\">\n\n\t\t<figure class=\"rh_list_card__thumbnail\">\n            <div class=\"rh_figure_property_list_one\">\n\t\t\t\n\t\t\t<a href=\"https:\/\/dacasas.es\/es\/woning\/appartement-aan-de-haven-van-denia\/\">\n\t\t\t\t\t\t\t\t\t\t\t\t\t\t<div class=\"post_thumbnail\" style=\"background: url('https:\/\/dacasas.es\/wp-content\/uploads\/2024\/05\/Dacasas-Denia-5-488x326.jpg') 50% 50% no-repeat; background-size: cover;\"><\/div>\n\t\t\t\t\t<!-- \/.post_thumbnail -->\n\t\t\t\t\t\t\t<\/a>\n\n\t\t\t<div class=\"rh_overlay\"><\/div>\n\t\t\t<div class=\"rh_overlay__contents rh_overlay__fadeIn-bottom\">\n\t\t\t\t<a href=\"https:\/\/dacasas.es\/es\/woning\/appartement-aan-de-haven-van-denia\/\">M\u00e1s informaci\u00f3n<\/a>\n\t\t\t<\/div>\n\t\t\t<!-- \/.rh_overlay__contents -->\n\n\t\t\t            <\/div>\n\n            <div class=\"rh_list_card__btns\">\n\t\t\t\t            <\/div>\n\t\t\t<!-- \/.rh_list_card__btns -->\n\t\t<\/figure>\n\t\t<!-- \/.rh_list_card__thumbnail -->\n\n\t\t<div class=\"rh_list_card__details_wrap\">\n\n\t\t\t<div class=\"rh_list_card__details\">\n\n\t\t\t\t<h3>\n\t\t\t\t\t<a href=\"https:\/\/dacasas.es\/es\/woning\/appartement-aan-de-haven-van-denia\/\">Piso en el puerto de Denia<\/a>\n\t\t\t\t<\/h3>\n\t\t\t\t<p class=\"rh_list_card__excerpt\">Bonito piso en el puerto...<\/p>\n\t\t\t\t<!-- \/.rh_list_card__excerpt -->\n\n\t\t\t\t<div class=\"rh_list_card__meta_wrap\">\n\n\t\t\t\t\t\t\t\t\t\t\t<div class=\"rh_list_card__meta\">\n\t\t\t\t\t\t\t<h4>Habitaciones<\/h4>\n\t\t\t\t\t\t\t<div>\n\t\t\t\t\t\t\t\t<svg class=\"rh_svg\" xmlns=\"http:\/\/www.w3.org\/2000\/svg\" width=\"24\" height=\"24\" viewbox=\"0 0 24 24\">\n  <path d=\"M1111.91,600.993h16.17a2.635,2.635,0,0,1,2.68,1.773l1.21,11.358a2.456,2.456,0,0,1-2.61,2.875h-18.73a2.46,2.46,0,0,1-2.61-2.875l1.21-11.358A2.635,2.635,0,0,1,1111.91,600.993Zm0.66-7.994h3.86c1.09,0,2.57.135,2.57,1l0.01,3.463c0.14,0.838-1.72,1.539-2.93,1.539h-4.17c-1.21,0-2.07-.7-1.92-1.539l0.37-3.139A2.146,2.146,0,0,1,1112.57,593Zm11,0h3.86a2.123,2.123,0,0,1,2.2,1.325l0.38,3.139c0.14,0.838-.72,1.539-1.93,1.539h-5.17c-1.21,0-2.07-.7-1.92-1.539L1121,594C1121,593.1,1122.48,593,1123.57,593Z\" transform=\"translate(-1108 -593)\"\/>\n<\/svg>\t\t\t\t\t\t\t\t<span class=\"figure\">2<\/span>\n\t\t\t\t\t\t\t<\/div>\n\t\t\t\t\t\t<\/div>\n\t\t\t\t\t\t<!-- \/.rh_list_card__meta -->\n\t\t\t\t\t\n\t\t\t\t\t\t\t\t\t\t\t<div class=\"rh_list_card__meta\">\n\t\t\t\t\t\t\t<h4>Cuartos de ba\u00f1o<\/h4>\n\t\t\t\t\t\t\t<div>\n\t\t\t\t\t\t\t\t<svg class=\"rh_svg\" xmlns=\"http:\/\/www.w3.org\/2000\/svg\" width=\"23.69\" height=\"24\" viewbox=\"0 0 23.69 24\">\n  <path d=\"M1204,601a8,8,0,0,1,16,0v16h-2V601a6,6,0,0,0-12,0v1h-2v-1Zm7,6a6,6,0,0,0-12,0h12Zm-6,2a1,1,0,0,1,1,1v1a1,1,0,0,1-2,0v-1A1,1,0,0,1,1205,609Zm0,5a1,1,0,0,1,1,1v1a1,1,0,0,1-2,0v-1A1,1,0,0,1,1205,614Zm4.94-5.343a1,1,0,0,1,1.28.6l0.69,0.878a1,1,0,0,1-1.88.685l-0.69-.879A1,1,0,0,1,1209.94,608.657Zm2.05,4.638a1,1,0,0,1,1.28.6l0.35,0.94a1.008,1.008,0,0,1-.6,1.282,1,1,0,0,1-1.28-.6l-0.35-.939A1.008,1.008,0,0,1,1211.99,613.295Zm-11.93-4.638a1,1,0,0,1,.6,1.282l-0.69.879a1,1,0,1,1-1.87-.682l0.68-.88A1,1,0,0,1,1200.06,608.657Zm-2.05,4.639a1,1,0,0,1,.6,1.281l-0.34.941a1,1,0,0,1-1.88-.683l0.34-.94A1,1,0,0,1,1198.01,613.3Z\" transform=\"translate(-1196.31 -593)\"\/>\n<\/svg>\n\t\t\t\t\t\t\t\t<span class=\"figure\">2<\/span>\n\t\t\t\t\t\t\t<\/div>\n\t\t\t\t\t\t<\/div>\n\t\t\t\t\t\t<!-- \/.rh_list_card__meta -->\n\t\t\t\t\t\n\t\t\t\t\t\t\t\t\t\t\t<div class=\"rh_list_card__meta\">\n\t\t\t\t\t\t\t<h4>\u00c1rea<\/h4>\n\t\t\t\t\t\t\t<div>\n\t\t\t\t\t\t\t\t<svg class=\"rh_svg\" version=\"1.1\" xmlns=\"http:\/\/www.w3.org\/2000\/svg\" xmlns:xlink=\"http:\/\/www.w3.org\/1999\/xlink\" x=\"0px\" y=\"0px\"\n\t width=\"24px\" height=\"24px\" viewbox=\"0 0 24 24\" enable-background=\"new 0 0 24 24\" xml:space=\"preserve\">\n<g>\n\t<circle cx=\"2\" cy=\"2\" r=\"2\"\/>\n<\/g>\n<g>\n\t<circle cx=\"2\" cy=\"22\" r=\"2\"\/>\n<\/g>\n<g>\n\t<circle cx=\"22\" cy=\"2\" r=\"2\"\/>\n<\/g>\n<rect x=\"1\" y=\"1\" width=\"2\" height=\"22\"\/>\n<rect x=\"1\" y=\"1\" width=\"22\" height=\"2\"\/>\n<path opacity=\"0.5\" d=\"M23,20.277V1h-2v19.277C20.7,20.452,20.452,20.7,20.277,21H1v2h19.277c0.347,0.596,0.984,1,1.723,1\tc1.104,0,2-0.896,2-2C24,21.262,23.596,20.624,23,20.277z\"\/>\n<\/svg>\n\t\t\t\t\t\t\t\t<span class=\"figure\">\n\t\t\t\t\t\t\t\t\t80\t\t\t\t\t\t\t\t<\/span>\n\t\t\t\t\t\t\t\t\t\t\t\t\t\t\t\t\t<span class=\"label\">\n\t\t\t\t\t\t\t\t\t\tm\u00b2\t\t\t\t\t\t\t\t\t<\/span>\n\t\t\t\t\t\t\t\t\t\t\t\t\t\t\t<\/div>\n\t\t\t\t\t\t<\/div>\n\t\t\t\t\t\t<!-- \/.rh_list_card__meta -->\n\t\t\t\t\t\n\t\t\t\t<\/div>\n\t\t\t\t<!-- \/.rh_list_card__meta_wrap -->\n\n\t\t\t<\/div>\n\t\t\t<!-- \/.rh_list_card__details -->\n\n\t\t\t<div class=\"rh_list_card__priceLabel\">\n\n\t\t\t\t<div class=\"rh_list_card__price\">\n\t\t\t\t\t<h4 class=\"status\">\n\t\t\t\t\t\t\u00a1Vendido!\t\t\t\t\t<\/h4>\n\t\t\t\t\t<!-- \/.rh_prop_card__type -->\n\n\t\t\t\t\t<p class=\"price\">\n\t\t\t\t\t\t \u20ac183.000 \t\t\t\t\t<\/p>\n\t\t\t\t\t<!-- \/.price -->\n\t\t\t\t<\/div>\n\t\t\t\t<!-- \/.rh_list_card__price -->\n\n\t\t\t\t<p class=\"rh_list_card__author\">\n\t\t\t\t\tPor\t\t\t\t\t<span class=\"author\">\n\t\t\t\t\t\tDacasas\t\t\t\t\t<\/span>\n\t\t\t\t\t<!-- \/.name -->\n\t\t\t\t<\/p>\n\t\t\t\t<!-- \/.rh_list_card__author -->\n\n\t\t\t<\/div>\n\t\t\t<!-- \/.rh_list_card__priceLabel -->\n\n\t\t<\/div>\n\t\t<!-- \/.rh_list_card__details_wrap -->\n\n\t<\/div>\n\t<!-- \/.rh_list_card__wrap -->\n\n<\/article>\n<!-- \/.rh_list_card -->\n\n<article class=\"rh_list_card\">\n\n\t<div class=\"rh_list_card__wrap\">\n\n\t\t<figure class=\"rh_list_card__thumbnail\">\n            <div class=\"rh_figure_property_list_one\">\n\t\t\t\n\t\t\t<a href=\"https:\/\/dacasas.es\/es\/woning\/half-open-bebouwing-els-poblets\/\">\n\t\t\t\t\t\t\t\t\t\t\t\t\t\t<div class=\"post_thumbnail\" style=\"background: url('https:\/\/dacasas.es\/wp-content\/uploads\/2023\/09\/Dacasas-Denia-sold-488x326.jpg') 50% 50% no-repeat; background-size: cover;\"><\/div>\n\t\t\t\t\t<!-- \/.post_thumbnail -->\n\t\t\t\t\t\t\t<\/a>\n\n\t\t\t<div class=\"rh_overlay\"><\/div>\n\t\t\t<div class=\"rh_overlay__contents rh_overlay__fadeIn-bottom\">\n\t\t\t\t<a href=\"https:\/\/dacasas.es\/es\/woning\/half-open-bebouwing-els-poblets\/\">M\u00e1s informaci\u00f3n<\/a>\n\t\t\t<\/div>\n\t\t\t<!-- \/.rh_overlay__contents -->\n\n\t\t\t            <span style=\"background: #dd3333\"                  class='property-label'>Agotado.<\/span>\n\t\t\t            <\/div>\n\n            <div class=\"rh_list_card__btns\">\n\t\t\t\t            <\/div>\n\t\t\t<!-- \/.rh_list_card__btns -->\n\t\t<\/figure>\n\t\t<!-- \/.rh_list_card__thumbnail -->\n\n\t\t<div class=\"rh_list_card__details_wrap\">\n\n\t\t\t<div class=\"rh_list_card__details\">\n\n\t\t\t\t<h3>\n\t\t\t\t\t<a href=\"https:\/\/dacasas.es\/es\/woning\/half-open-bebouwing-els-poblets\/\">Urbanizaci\u00f3n semiabierta Els Poblets<\/a>\n\t\t\t\t<\/h3>\n\t\t\t\t<p class=\"rh_list_card__excerpt\">Residencial de 15 viviendas adosadas y...<\/p>\n\t\t\t\t<!-- \/.rh_list_card__excerpt -->\n\n\t\t\t\t<div class=\"rh_list_card__meta_wrap\">\n\n\t\t\t\t\t\n\t\t\t\t\t\n\t\t\t\t\t\n\t\t\t\t<\/div>\n\t\t\t\t<!-- \/.rh_list_card__meta_wrap -->\n\n\t\t\t<\/div>\n\t\t\t<!-- \/.rh_list_card__details -->\n\n\t\t\t<div class=\"rh_list_card__priceLabel\">\n\n\t\t\t\t<div class=\"rh_list_card__price\">\n\t\t\t\t\t<h4 class=\"status\">\n\t\t\t\t\t\tSe vende\t\t\t\t\t<\/h4>\n\t\t\t\t\t<!-- \/.rh_prop_card__type -->\n\n\t\t\t\t\t<p class=\"price\">\n\t\t\t\t\t\tdesde 199.000 euros \t\t\t\t\t<\/p>\n\t\t\t\t\t<!-- \/.price -->\n\t\t\t\t<\/div>\n\t\t\t\t<!-- \/.rh_list_card__price -->\n\n\t\t\t\t<p class=\"rh_list_card__author\">\n\t\t\t\t\tPor\t\t\t\t\t<span class=\"author\">\n\t\t\t\t\t\tDacasas\t\t\t\t\t<\/span>\n\t\t\t\t\t<!-- \/.name -->\n\t\t\t\t<\/p>\n\t\t\t\t<!-- \/.rh_list_card__author -->\n\n\t\t\t<\/div>\n\t\t\t<!-- \/.rh_list_card__priceLabel -->\n\n\t\t<\/div>\n\t\t<!-- \/.rh_list_card__details_wrap -->\n\n\t<\/div>\n\t<!-- \/.rh_list_card__wrap -->\n\n<\/article>\n<!-- \/.rh_list_card -->\n<\/div><\/div><div class='ere_pagination_wrapper'><div class='pagination ere-pagination-clean'><a href=\"https:\/\/dacasas.es\/es\/wp-json\/wp\/v2\/pages\/72357\/\" class=\"real-btn current\">1<\/a> <a href=\"https:\/\/dacasas.es\/es\/wp-json\/wp\/v2\/pages\/72357\/page\/2\/\" class=\"real-btn\">2<\/a> <a href=\"https:\/\/dacasas.es\/es\/wp-json\/wp\/v2\/pages\/72357\/page\/3\/\" class=\"real-btn\">3<\/a> <a href=\"https:\/\/dacasas.es\/es\/wp-json\/wp\/v2\/pages\/72357\/page\/4\/\" class=\"real-btn\">4<\/a> <a href=\"https:\/\/dacasas.es\/es\/wp-json\/wp\/v2\/pages\/72357\/page\/2\/\" class=\"real-btn\">Siguiente <\/a> <a href=\"https:\/\/dacasas.es\/es\/wp-json\/wp\/v2\/pages\/72357\/page\/44\/\" class=\"real-btn\">\u00daltimo <\/a> <\/div><\/div><\/div><\/div>\n\n\n\n<h3 class=\"wp-block-heading\"><strong>\u00bfEn qu\u00e9 parte de la Costa Blanca le gustar\u00eda vivir?<\/strong><\/h3>\n\n\n\n<p>La Costa Blanca ofrece una diversidad de lugares residenciales, cada uno con su propio encanto:<\/p>\n\n\n\n<ul class=\"wp-block-list\">\n<li><strong>Costa Blanca Norte:<\/strong> Ciudades como Denia, J\u00e1vea y Altea son perfectas para los amantes de la naturaleza y los aut\u00e9nticos pueblos espa\u00f1oles. Esta regi\u00f3n es conocida por sus verdes colinas, acantilados y tranquilas bah\u00edas.<\/li>\n\n\n\n<li><strong>Costa Blanca Sur:<\/strong> Ciudades como Torrevieja, Orihuela Costa y Guardamar del Segura ofrecen largas playas de arena y un animado ambiente.<\/li>\n\n\n\n<li><strong>Costa Blanca Central:<\/strong> Alicante y Benidorm combinan la comodidad urbana con el acceso a las playas y la naturaleza.<\/li>\n<\/ul>\n\n\n\n<h3 class=\"wp-block-heading\"><strong>\u00bfPor qu\u00e9 comprar a trav\u00e9s de Dacasas?<\/strong><\/h3>\n\n\n\n<p>Comprar una casa en el extranjero puede ser abrumador, pero con <strong>Dacasas<\/strong> como su socio, no tiene por qu\u00e9 preocuparse. Le ofrecemos:<\/p>\n\n\n\n<ul class=\"wp-block-list\">\n<li><strong>Orientaci\u00f3n personal:<\/strong> Desde la primera visita hasta la entrega de llaves, estamos a su lado.<\/li>\n\n\n\n<li><strong>Experiencia local:<\/strong> Conocemos la Costa Blanca al dedillo y podemos aconsejarle sobre las mejores ubicaciones y propiedades.<\/li>\n\n\n\n<li><strong>Transparencia:<\/strong> Nos aseguramos de que est\u00e9 plenamente informado de todos los pasos del proceso de compra.<\/li>\n\n\n\n<li><strong>Apoyo jur\u00eddico y financiero:<\/strong> Nuestro equipo trabaja con abogados y bancos de confianza para que su compra no suponga ning\u00fan problema.<\/li>\n<\/ul>\n\n\n\n<h3 class=\"wp-block-heading\"><strong>Pasos hacia la casa de sus sue\u00f1os<\/strong><\/h3>\n\n\n\n<p>En Dacasas, hacemos que el proceso sea sencillo y sin estr\u00e9s:<\/p>\n\n\n\n<ol class=\"wp-block-list\">\n<li><strong>Introducci\u00f3n:<\/strong> Analizaremos sus necesidades y presupuesto para elaborar una selecci\u00f3n de propiedades adecuadas.<\/li>\n\n\n\n<li><strong>Visitas:<\/strong> Programe una visita a la Costa Blanca y organizaremos visitas a las propiedades que despierten su inter\u00e9s.<\/li>\n\n\n\n<li><strong>Ayuda a la compra:<\/strong> Le guiamos en la negociaci\u00f3n del precio, los tr\u00e1mites legales y la transferencia de la propiedad.<\/li>\n\n\n\n<li><strong>Cuidados posteriores:<\/strong> Incluso despu\u00e9s de la compra, seguimos estando a su disposici\u00f3n para asesorarle y ayudarle, por ejemplo, con el alquiler o el mantenimiento.<\/li>\n<\/ol>\n\n\n\n<p><strong>Consejos para compradores en la Costa Blanca<\/strong><\/p>\n\n\n\n<ol class=\"wp-block-list\">\n<li><strong>Determine su presupuesto:<\/strong> Tenga en cuenta costes adicionales como impuestos, gastos de notar\u00eda y mantenimiento.<\/li>\n\n\n\n<li><strong>Explore los alrededores:<\/strong> Visite distintos pueblos y ciudades para descubrir cu\u00e1l se adapta mejor a su estilo de vida.<\/li>\n\n\n\n<li><strong>D\u00e9jate guiar:<\/strong> Contrate a un experto local como Dacasas para evitar pasar por alto detalles importantes.<\/li>\n<\/ol>\n\n\n\n<h3 class=\"wp-block-heading\"><strong>Contactar con Dacasas<\/strong><\/h3>\n\n\n\n<p>\u00bfEst\u00e1 listo para encontrar la casa de sus sue\u00f1os en la Costa Blanca? P\u00f3ngase en contacto hoy mismo a trav\u00e9s de <a href=\"https:\/\/dacasas.es\/es\/\">Dacasas.es<\/a> y descubra c\u00f3mo podemos ayudarle. Tanto si busca una casa de vacaciones, una vivienda permanente o una inversi\u00f3n, hacemos que el proceso sea sencillo y agradable.<\/p>\n\n\n\n<p><em>Dacasas - Su socio en la b\u00fasqueda de vivienda en la Costa Blanca.<\/em><\/p>","protected":false},"excerpt":{"rendered":"<p>La Costa Blanca es una de las regiones m\u00e1s populares de Espa\u00f1a para aquellos que buscan una segunda residencia, un hogar permanente o una inversi\u00f3n inmobiliaria inteligente. Esta hermosa costa, que se extiende desde Denia en el norte hasta Pilar de la Horadada en el sur, ofrece una combinaci\u00f3n de sol, mar, cultura y...<\/p>","protected":false},"author":2,"featured_media":0,"parent":0,"menu_order":0,"comment_status":"closed","ping_status":"closed","template":"","meta":{"footnotes":""},"class_list":["post-72357","page","type-page","status-publish","hentry"],"_links":{"self":[{"href":"https:\/\/dacasas.es\/es\/wp-json\/wp\/v2\/pages\/72357","targetHints":{"allow":["GET"]}}],"collection":[{"href":"https:\/\/dacasas.es\/es\/wp-json\/wp\/v2\/pages"}],"about":[{"href":"https:\/\/dacasas.es\/es\/wp-json\/wp\/v2\/types\/page"}],"author":[{"embeddable":true,"href":"https:\/\/dacasas.es\/es\/wp-json\/wp\/v2\/users\/2"}],"replies":[{"embeddable":true,"href":"https:\/\/dacasas.es\/es\/wp-json\/wp\/v2\/comments?post=72357"}],"version-history":[{"count":8,"href":"https:\/\/dacasas.es\/es\/wp-json\/wp\/v2\/pages\/72357\/revisions"}],"predecessor-version":[{"id":72513,"href":"https:\/\/dacasas.es\/es\/wp-json\/wp\/v2\/pages\/72357\/revisions\/72513"}],"wp:attachment":[{"href":"https:\/\/dacasas.es\/es\/wp-json\/wp\/v2\/media?parent=72357"}],"curies":[{"name":"wp","href":"https:\/\/api.w.org\/{rel}","templated":true}]}}