{"id":72343,"date":"2024-10-18T10:47:13","date_gmt":"2024-10-18T08:47:13","guid":{"rendered":"https:\/\/dacasas.es\/?page_id=72343"},"modified":"2025-02-10T16:45:16","modified_gmt":"2025-02-10T14:45:16","slug":"inversiones-en-costa-blanca","status":"publish","type":"page","link":"https:\/\/dacasas.es\/es\/costa-blanca-investments\/","title":{"rendered":"Inversiones en la Costa Blanca"},"content":{"rendered":"<figure class=\"wp-block-image size-large\"><img fetchpriority=\"high\" decoding=\"async\" width=\"1024\" height=\"595\" src=\"https:\/\/dacasas.es\/wp-content\/uploads\/2025\/02\/denia-huizen-te-koop-1024x595.jpg\" alt=\"Venta de casas en Denia, como en este dibujo de un nuevo plan de casas en Denia\" class=\"wp-image-72771\" title=\"\" srcset=\"https:\/\/dacasas.es\/wp-content\/uploads\/2025\/02\/denia-huizen-te-koop-1024x595.jpg 1024w, https:\/\/dacasas.es\/wp-content\/uploads\/2025\/02\/denia-huizen-te-koop-300x174.jpg 300w, https:\/\/dacasas.es\/wp-content\/uploads\/2025\/02\/denia-huizen-te-koop-768x446.jpg 768w, https:\/\/dacasas.es\/wp-content\/uploads\/2025\/02\/denia-huizen-te-koop-150x87.jpg 150w, https:\/\/dacasas.es\/wp-content\/uploads\/2025\/02\/denia-huizen-te-koop.jpg 1240w\" sizes=\"(max-width: 1024px) 100vw, 1024px\" \/><figcaption class=\"wp-element-caption\">Venta casas Denia<\/figcaption><\/figure>\n\n\n\n<h2 class=\"wp-block-heading\"><strong><strong>Inversi\u00f3n inteligente en inmuebles en Espa\u00f1a<\/strong><\/strong><\/h2>\n\n\n\n<h4 class=\"wp-block-heading\"><strong>\u00bfPor qu\u00e9 invertir en propiedades en la Costa Blanca?<\/strong><\/h4>\n\n\n\n<p>En <strong>Costa Blanca<\/strong> es una de las regiones m\u00e1s populares de Espa\u00f1a entre los inversores inmobiliarios. Con <strong>m\u00e1s de 300 d\u00edas de sol al a\u00f1o, un potente sector tur\u00edstico y atractivos precios inmobiliarios.<\/strong> esta costa ofrece excelentes oportunidades tanto para inversores privados como institucionales.<\/p>\n\n\n\n<p>Tanto si busca <strong>una casa de vacaciones de alto rendimiento, una villa de lujo para revalorizaci\u00f3n a largo plazo o un proyecto de renovaci\u00f3n para reventa<\/strong>El mercado inmobiliario de la Costa Blanca ofrece muchas oportunidades.<\/p>\n\n\n\n<p>En esta gu\u00eda descubrir\u00e1 por qu\u00e9 <strong>Inversiones en la Costa Blanca<\/strong> es una decisi\u00f3n inteligente, qu\u00e9 regiones ofrecen los mayores rendimientos y c\u00f3mo realizar una inversi\u00f3n rentable paso a paso.<\/p>\n\n\n\n<h2 class=\"wp-block-heading\"><strong><strong>\u00bfPor qu\u00e9 invertir en la Costa Blanca?<\/strong><\/strong><\/h2>\n\n\n\n<p>La Costa Blanca no es s\u00f3lo un destino popular para turistas y expatriados, sino tambi\u00e9n un mercado inmobiliario estable y en crecimiento. Algunas ventajas clave de invertir en esta regi\u00f3n:<\/p>\n\n\n\n<ul class=\"wp-block-list\">\n<li><strong>Gran demanda de viviendas de alquiler<\/strong>: Alquileres tanto a corto como a largo plazo.<\/li>\n\n\n\n<li><strong>Precios inmobiliarios asequibles<\/strong>Precios de entrada m\u00e1s bajos que en otras regiones costeras espa\u00f1olas.<\/li>\n\n\n\n<li><strong>Retorno de la inversi\u00f3n<\/strong>El alquiler y el aumento del valor de los inmuebles ofrecen una s\u00f3lida rentabilidad.<\/li>\n\n\n\n<li><strong>Entorno fiscal favorable<\/strong>Impuestos m\u00e1s bajos que en muchos otros pa\u00edses de la UE.<\/li>\n\n\n\n<li><strong>Excelentes infraestructuras<\/strong>: Aeropuertos internacionales, trenes de alta velocidad y autopistas.<\/li>\n<\/ul>\n\n\n\n<p>Tanto si busca un <strong>inversi\u00f3n inmobiliaria en Alicante, Benidorm, J\u00e1vea o Moraira<\/strong>La Costa Blanca ofrece muchas oportunidades para aquellos que buscan invertir de forma inteligente.<\/p>\n\n\n\n<h2 class=\"wp-block-heading\"><strong><strong>Los 4 mejores tipos de inversi\u00f3n en la Costa Blanca<\/strong><\/strong><\/h2>\n\n\n\n<h3 class=\"wp-block-heading\"><strong>1. Casas de vacaciones de alto rendimiento<\/strong><\/h3>\n\n\n\n<p>Una de las inversiones m\u00e1s rentables en la Costa Blanca es <strong>alquiler a corto plazo<\/strong> a trav\u00e9s de plataformas como Airbnb y Booking.com. Lugares tur\u00edsticos populares como <strong>Alicante, Benidorm y Denia<\/strong> atraen a millones de visitantes cada a\u00f1o, lo que genera una gran demanda de propiedades de alquiler bien situadas.<\/p>\n\n\n\n<p><strong>Ventajas:<\/strong><\/p>\n\n\n\n<p>\u2714 Alto \u00edndice de ocupaci\u00f3n en temporada alta<\/p>\n\n\n\n<p>\u2714 Posibilidad de utilizar la vivienda t\u00fa mismo y alquilarla el resto del a\u00f1o.<\/p>\n\n\n\n<p>\u2714 R\u00e1pida amortizaci\u00f3n gracias al auge del turismo<\/p>\n\n\n\n<p><strong>Los mejores lugares para invertir:<\/strong><\/p>\n\n\n\n<ul class=\"wp-block-list\">\n<li><a href=\"https:\/\/dacasas.es\/es\/ubicacion-de-la-casa\/alicante\/\" data-type=\"property-city\" data-id=\"113\"><em>Alicante<\/em><\/a><\/li>\n\n\n\n<li><a href=\"https:\/\/dacasas.es\/es\/ubicacion-de-la-casa\/denia\/\" data-type=\"property-city\" data-id=\"79\"><em>Denia<\/em><\/a><\/li>\n\n\n\n<li><a href=\"https:\/\/dacasas.es\/es\/ubicacion-de-la-casa\/calpe\/\" data-type=\"property-city\" data-id=\"103\"><em>Calpe<\/em><\/a><\/li>\n\n\n\n<li><a href=\"https:\/\/dacasas.es\/es\/ubicacion-de-la-casa\/javea\/\" data-type=\"property-city\" data-id=\"109\"><em>J\u00e1vea<\/em><\/a><\/li>\n<\/ul>\n\n\n\n<h3 class=\"wp-block-heading\"><strong>2. Villas de lujo e inmuebles de alta gama<\/strong><\/h3>\n\n\n\n<p>Para quienes se dirigen a un p\u00fablico exclusivo, las villas de lujo en zonas como <strong>Altea Hills, Moraira y Las Colinas Golf<\/strong> una opci\u00f3n interesante. Este tipo de propiedad es buscada por compradores internacionales y ofrece <strong>aumento del valor a largo plazo<\/strong>.<\/p>\n\n\n\n<p><strong>Ventajas:<\/strong><\/p>\n\n\n\n<ul class=\"wp-block-list\">\n<li>Aumento estable del precio de 5-8% al a\u00f1o<\/li>\n\n\n\n<li>Gran demanda de compradores extranjeros<\/li>\n\n\n\n<li>Menos competencia que en el mercado de masas<\/li>\n<\/ul>\n\n\n\n<p><strong>Los mejores lugares para invertir:<\/strong><\/p>\n\n\n\n<ul class=\"wp-block-list\">\n<li><em><a href=\"https:\/\/dacasas.es\/es\/ubicacion-de-la-casa\/moraira\/\" data-type=\"property-city\" data-id=\"294\">Moraira<\/a><\/em><\/li>\n\n\n\n<li><a href=\"https:\/\/dacasas.es\/es\/ubicacion-de-la-casa\/altea\/\" data-type=\"property-city\" data-id=\"78\"><em>Altea<\/em><\/a><\/li>\n\n\n\n<li><em><a href=\"https:\/\/dacasas.es\/es\/casa-2\/luxery-apartment-in-las-colinas\/\" data-type=\"property\" data-id=\"66626\">Las Colinas Golf<\/a><\/em><\/li>\n\n\n\n<li><em><a href=\"https:\/\/dacasas.es\/es\/ubicacion-de-la-casa\/cumbre-del-sol-benitachell\/\" data-type=\"property-city\" data-id=\"115\">Cumbre del Sol<\/a><\/em><\/li>\n<\/ul>\n\n\n\n<h3 class=\"wp-block-heading\"><strong>3. Pisos de alquiler a largo plazo<\/strong><\/h3>\n\n\n\n<p>Para inversores que quieren asumir menos riesgos <strong>pisos de alquiler de larga duraci\u00f3n<\/strong> una excelente opci\u00f3n. Especialmente en ciudades como <strong>Alicante y Elche<\/strong> hay una demanda constante de viviendas de alquiler asequible, impulsada por expatriados y residentes locales.<\/p>\n\n\n\n<p><strong>Ventajas:<\/strong><\/p>\n\n\n\n<ul class=\"wp-block-list\">\n<li>Menos estacional que el alquiler vacacional<\/li>\n\n\n\n<li>Ingresos estables sin muchas vacantes<\/li>\n\n\n\n<li>Menores costes de gesti\u00f3n y menos regulaci\u00f3n que el alquiler tur\u00edstico<\/li>\n<\/ul>\n\n\n\n<p><strong>Los mejores lugares para invertir:<\/strong><\/p>\n\n\n\n<ul class=\"wp-block-list\">\n<li><em><a href=\"https:\/\/dacasas.es\/es\/ubicacion-de-la-casa\/alicante\/\" data-type=\"property-city\" data-id=\"113\">Alicante<\/a><\/em><\/li>\n\n\n\n<li><em><a href=\"https:\/\/nl.wikipedia.org\/wiki\/Elche\" target=\"_blank\" rel=\"noreferrer noopener\">Elche<\/a><\/em><\/li>\n\n\n\n<li><em><a href=\"https:\/\/dacasas.es\/es\/ubicacion-de-la-casa\/torrevieja\/\" data-type=\"property-city\" data-id=\"302\">Torrevieja<\/a><\/em><\/li>\n\n\n\n<li>Guardamar del Segura<\/li>\n<\/ul>\n\n\n\n<h3 class=\"wp-block-heading\"><strong>4. Proyectos de renovaci\u00f3n y promoci\u00f3n inmobiliaria<\/strong><\/h3>\n\n\n\n<p>Para inversores o promotores inmobiliarios con experiencia, ofrecemos <strong>proyectos de renovaci\u00f3n y nueva construcci\u00f3n<\/strong> excelentes oportunidades de beneficio. Las casas antiguas pueden comprarse a bajo precio, reformarse y revenderse o alquilarse con beneficios.<\/p>\n\n\n\n<p><strong>Ventajas:<\/strong><\/p>\n\n\n\n<ul class=\"wp-block-list\">\n<li>Bajo precio de compra<\/li>\n\n\n\n<li>Capacidad para crear un valor a\u00f1adido significativo<\/li>\n\n\n\n<li>Oportunidades en \u00e1reas emergentes<\/li>\n<\/ul>\n\n\n\n<p><strong>Los mejores lugares para invertir:<\/strong><\/p>\n\n\n\n<ul class=\"wp-block-list\">\n<li>Orihuela Costa<\/li>\n\n\n\n<li><a href=\"https:\/\/dacasas.es\/es\/comprar-casa-denia\/\" data-type=\"page\" data-id=\"72361\"><em>Denia<\/em><\/a><\/li>\n\n\n\n<li>Benitachell<\/li>\n\n\n\n<li>El Campello<\/li>\n<\/ul>\n\n\n\n<h2 class=\"wp-block-heading\"><strong>\u00bfC\u00f3mo invertir con \u00e9xito en propiedades en la Costa Blanca?<\/strong><\/h2>\n\n\n\n<h3 class=\"wp-block-heading\"><strong>1. Defina su estrategia de inversi\u00f3n<\/strong><\/h3>\n\n\n\n<p>H\u00e1gase las siguientes preguntas:<\/p>\n\n\n\n<ul class=\"wp-block-list\">\n<li>Desea <strong>r\u00e1pido retorno<\/strong> a trav\u00e9s de alquileres vacacionales o <strong>creaci\u00f3n de valor a largo plazo<\/strong> a trav\u00e9s de inmuebles de lujo?<\/li>\n\n\n\n<li>\u00bfCu\u00e1l es su <strong>presupuesto<\/strong> y opciones de financiaci\u00f3n?<\/li>\n\n\n\n<li>Quiero la propiedad <strong>gestionarlo usted mismo o externalizarlo<\/strong> \u00bfA una empresa de alquiler?<\/li>\n<\/ul>\n\n\n\n<h3 class=\"wp-block-heading\"><strong>2. Trabaje con un agente inmobiliario de confianza<\/strong><\/h3>\n\n\n\n<p>Un experimentado <strong>Agente inmobiliario espa\u00f1ol<\/strong> le ayuda a obtener el <strong>mejores ofertas<\/strong> encontrar y evitar escollos. Elija un corredor que:<\/p>\n\n\n\n<ul class=\"wp-block-list\">\n<li><strong>Tiene experiencia con inversores extranjeros<\/strong><\/li>\n\n\n\n<li><strong>Acceda a ofertas exclusivas fuera del mercado<\/strong><\/li>\n\n\n\n<li><strong>Es transparente en cuanto a costes y normativa<\/strong><\/li>\n<\/ul>\n\n\n\n<h3 class=\"wp-block-heading\"><strong>3. Control jur\u00eddico y financiero<\/strong><\/h3>\n\n\n\n<p>Acuda a un especialista <strong>abogado inmobiliario<\/strong> comprueba si:<\/p>\n\n\n\n<ul class=\"wp-block-list\">\n<li>La propiedad est\u00e1 correctamente registrada y libre de deudas.<\/li>\n\n\n\n<li>Todos los permisos y licencias de obra est\u00e1n en regla.<\/li>\n\n\n\n<li>La viabilidad financiera y los impuestos est\u00e1n claros.<\/li>\n<\/ul>\n\n\n\n<h3 class=\"wp-block-heading\"><strong>4. Financiaci\u00f3n e hipoteca<\/strong><\/h3>\n\n\n\n<p>Como no residente, puede obtener un <strong>Hipoteca espa\u00f1ola<\/strong> llegar a <strong>70% del valor de la vivienda<\/strong>. Aseg\u00farese de tener un <strong>N\u00famero NIE<\/strong> (N\u00famero de Identificaci\u00f3n de Extranjero), es necesario para la compra.<\/p>\n\n\n\n<h3 class=\"wp-block-heading\"><strong>5. Optimizar la gesti\u00f3n y la eficacia<\/strong><\/h3>\n\n\n\n<p>\u00bfQuiere sacar el m\u00e1ximo partido a su inversi\u00f3n? Una buena gesti\u00f3n inmobiliaria es esencial. Piense en ello:<\/p>\n\n\n\n<ul class=\"wp-block-list\">\n<li><strong>Gesti\u00f3n profesional del alquiler<\/strong> para alquileres vacacionales.<\/li>\n\n\n\n<li><strong>Mantenimiento regular<\/strong> para mantener el valor.<\/li>\n\n\n\n<li><strong>Optimizaci\u00f3n fiscal<\/strong> a trav\u00e9s de un contable espa\u00f1ol.<\/li>\n<\/ul>\n\n\n\n<h2 class=\"wp-block-heading\"><strong>Preguntas frecuentes sobre inversiones en la Costa Blanca<\/strong><\/h2>\n\n\n\n<h3 class=\"wp-block-heading\"><strong>\u00bfQu\u00e9 rentabilidad puedo esperar de una inversi\u00f3n en la Costa Blanca?<\/strong><\/h3>\n\n\n\n<p>Depende de la ubicaci\u00f3n y del tipo de propiedad. Las casas de vacaciones pueden ser <strong>5-10% rendimiento bruto anual<\/strong> entregar.<\/p>\n\n\n\n<h3 class=\"wp-block-heading\"><strong>\u00bfCu\u00e1les son los costes adicionales al invertir en una propiedad en Espa\u00f1a?<\/strong><\/h3>\n\n\n\n<p>Tenlo en cuenta:<\/p>\n\n\n\n<ul class=\"wp-block-list\">\n<li><strong>Impuesto de transmisiones patrimoniales (ITP):<\/strong> 6-10%<\/li>\n<\/ul>\n\n\n\n<ul class=\"wp-block-list\">\n<li><strong>Gastos de notar\u00eda:<\/strong> 1-3%<\/li>\n\n\n\n<li><strong>Gastos legales:<\/strong> 1-2%<\/li>\n\n\n\n<li><strong>Gastos de constituci\u00f3n de hipoteca:<\/strong> 1-2%<\/li>\n<\/ul>\n\n\n\n<h3 class=\"wp-block-heading\"><strong>\u00bfPuedo invertir en Espa\u00f1a como extranjero?<\/strong><\/h3>\n\n\n\n<p>S\u00ed, no es necesario ser residente espa\u00f1ol para comprar una vivienda. S\u00ed necesita una <strong>N\u00famero NIE<\/strong> necesario.<\/p>\n\n\n\n<p><strong>Conclusi\u00f3n sobre las inversiones en la Costa Blanca: \u00a1\u00e9ste es el momento!<\/strong><\/p>\n\n\n\n<p>En <strong>Costa Blanca<\/strong> ofrece excelentes oportunidades de inversi\u00f3n, tanto si opta por <strong>alquiler de vacaciones, propiedad de lujo o alquiler a largo plazo<\/strong>. Con el aumento de la demanda de viviendas y las tendencias favorables del mercado, ahora es el momento de invertir.<\/p>\n\n\n\n<p>\u00bfQuiere saber cu\u00e1les son las inversiones m\u00e1s rentables? <strong>P\u00f3ngase en contacto con <\/strong><a href=\"https:\/\/dacasas.es\/es\/\"><strong>Dacasas.es<\/strong><\/a> Para ofertas inmobiliarias exclusivas y asesoramiento profesional <\/p>","protected":false},"excerpt":{"rendered":"<p>Inversi\u00f3n inteligente en inmuebles en Espa\u00f1a \u00bfPor qu\u00e9 invertir en inmuebles en la Costa Blanca? La Costa Blanca es una de las regiones espa\u00f1olas m\u00e1s populares entre los inversores inmobiliarios. Con m\u00e1s de 300 d\u00edas de sol al a\u00f1o, una fuerte industria tur\u00edstica y atractivos precios inmobiliarios, esta costa ofrece excelentes oportunidades tanto para inversores privados como institucionales. Tanto si...<\/p>","protected":false},"author":2,"featured_media":0,"parent":0,"menu_order":0,"comment_status":"closed","ping_status":"closed","template":"","meta":{"footnotes":""},"class_list":["post-72343","page","type-page","status-publish","hentry"],"_links":{"self":[{"href":"https:\/\/dacasas.es\/es\/wp-json\/wp\/v2\/pages\/72343","targetHints":{"allow":["GET"]}}],"collection":[{"href":"https:\/\/dacasas.es\/es\/wp-json\/wp\/v2\/pages"}],"about":[{"href":"https:\/\/dacasas.es\/es\/wp-json\/wp\/v2\/types\/page"}],"author":[{"embeddable":true,"href":"https:\/\/dacasas.es\/es\/wp-json\/wp\/v2\/users\/2"}],"replies":[{"embeddable":true,"href":"https:\/\/dacasas.es\/es\/wp-json\/wp\/v2\/comments?post=72343"}],"version-history":[{"count":8,"href":"https:\/\/dacasas.es\/es\/wp-json\/wp\/v2\/pages\/72343\/revisions"}],"predecessor-version":[{"id":72805,"href":"https:\/\/dacasas.es\/es\/wp-json\/wp\/v2\/pages\/72343\/revisions\/72805"}],"wp:attachment":[{"href":"https:\/\/dacasas.es\/es\/wp-json\/wp\/v2\/media?parent=72343"}],"curies":[{"name":"wp","href":"https:\/\/api.w.org\/{rel}","templated":true}]}}