{"id":72341,"date":"2024-10-18T10:47:03","date_gmt":"2024-10-18T08:47:03","guid":{"rendered":"https:\/\/dacasas.es\/?page_id=72341"},"modified":"2025-02-12T09:10:03","modified_gmt":"2025-02-12T07:10:03","slug":"costa-blanca-casa-en-venta","status":"publish","type":"page","link":"https:\/\/dacasas.es\/es\/costa-blanca-huis-te-koop\/","title":{"rendered":"Costa Blanca casa en venta"},"content":{"rendered":"<figure class=\"wp-block-image size-large\"><img fetchpriority=\"high\" decoding=\"async\" width=\"1024\" height=\"737\" src=\"https:\/\/dacasas.es\/wp-content\/uploads\/2024\/11\/costa-blanca-huis-te-koop-1-1024x737.jpg\" alt=\"Costa Blanca casa en venta en Dacasas\" class=\"wp-image-72483\" title=\"\" srcset=\"https:\/\/dacasas.es\/wp-content\/uploads\/2024\/11\/costa-blanca-huis-te-koop-1-1024x737.jpg 1024w, https:\/\/dacasas.es\/wp-content\/uploads\/2024\/11\/costa-blanca-huis-te-koop-1-300x216.jpg 300w, https:\/\/dacasas.es\/wp-content\/uploads\/2024\/11\/costa-blanca-huis-te-koop-1-768x553.jpg 768w, https:\/\/dacasas.es\/wp-content\/uploads\/2024\/11\/costa-blanca-huis-te-koop-1-150x108.jpg 150w, https:\/\/dacasas.es\/wp-content\/uploads\/2024\/11\/costa-blanca-huis-te-koop-1.jpg 1500w\" sizes=\"(max-width: 1024px) 100vw, 1024px\" \/><\/figure>\n\n\n\n<p>Casa en venta en la Costa Blanca: \u00a1consulte nuestra oferta!<\/p>\n\n\n\n<p>En <a href=\"https:\/\/nl.wikipedia.org\/wiki\/Costa_Blanca#:~:text=De%20Costa%20Blanca%20(Spaans%20voor,totale%20aantal%20stranden%20is%2074.\" target=\"_blank\" rel=\"noreferrer noopener\">Costa Blanca<\/a> es una de las regiones espa\u00f1olas m\u00e1s solicitadas para comprar una vivienda. Con sus extensas playas, pueblos pintorescos y maravilloso clima mediterr\u00e1neo, atrae tanto a veraneantes como a residentes permanentes. Tanto si busca una villa moderna, una finca tradicional o un piso con vistas al mar, <strong>Dacasas<\/strong> est\u00e1 aqu\u00ed para ayudarle a encontrar la casa de sus sue\u00f1os en la Costa Blanca.<\/p>\n\n\n\n<h2 class=\"wp-block-heading\"><strong>\u00bfPor qu\u00e9 elegir una casa en venta en la Costa Blanca?<\/strong><\/h2>\n\n\n\n<p>La Costa Blanca ofrece un estilo de vida inigualable. Desde Denia, en el norte, hasta Pilar de la Horadada, en el sur, la zona tiene algo que ofrecer a todo el mundo. Estas son algunas de las razones por las que la gente elige la Costa Blanca:<\/p>\n\n\n\n<ol class=\"wp-block-list\">\n<li><strong>El clima:<\/strong> M\u00e1s de 300 d\u00edas de sol al a\u00f1o hacen de \u00e9ste un lugar ideal para vivir o pasar el invierno.<\/li>\n\n\n\n<li><strong>Naturaleza:<\/strong> Desde monta\u00f1as y valles del interior hasta impresionantes costas, la Costa Blanca ofrece un paisaje diverso.<\/li>\n\n\n\n<li><strong>Comodidades:<\/strong> La regi\u00f3n cuenta con excelentes infraestructuras, modernos hospitales, colegios internacionales y una amplia oferta de actividades recreativas.<\/li>\n\n\n\n<li><strong>Cultura y alimentaci\u00f3n:<\/strong> Disfrute de aut\u00e9nticos platos espa\u00f1oles, como paella y tapas, as\u00ed como de actos culturales y fiestas tradicionales.<\/li>\n<\/ol>\n\n\n\n<h3 class=\"wp-block-heading\"><strong>Costa Blanca casa en venta: la oferta<\/strong><\/h3>\n\n\n\n<p>En <strong>Dacasas<\/strong> tenemos una amplia gama de propiedades en venta en diferentes rangos de precios y estilos. Nuestra cartera incluye:<\/p>\n\n\n\n<ul class=\"wp-block-list\">\n<li><strong>Villas de lujo:<\/strong> Casas modernas con piscina privada, amplios jardines y vistas al Mediterr\u00e1neo.<\/li>\n\n\n\n<li><strong>Fincas tradicionales:<\/strong> Aut\u00e9nticas casas espa\u00f1olas de arquitectura singular, ideales para los amantes del ambiente rural.<\/li>\n\n\n\n<li><strong>Pisos:<\/strong> Perfecto para aquellos que buscan una propiedad de bajo mantenimiento con acceso a instalaciones comunitarias como piscinas y jardines.<\/li>\n<\/ul>\n\n\n\n<p>Cada propiedad de nuestra oferta se selecciona cuidadosamente para satisfacer las necesidades de nuestros clientes.<\/p>\n\n\n\n<h2 class=\"wp-block-heading\"><strong>Las ciudades y pueblos de la Costa Blanca<\/strong><\/h2>\n\n\n\n<p>La Costa Blanca cuenta con un amplio abanico de ciudades y pueblos, cada uno con su propio encanto y caracter\u00edsticas \u00fanicas. \u00c9stos son algunos de los m\u00e1s destacados:<\/p>\n\n\n\n<ul class=\"wp-block-list\">\n<li><strong><em><a href=\"https:\/\/dacasas.es\/es\/ubicacion-de-la-casa\/denia\/\">Denia<\/a><\/em>:<\/strong> Conocida por su puerto deportivo, su casco antiguo y su escena culinaria.<\/li>\n\n\n\n<li><strong><a href=\"https:\/\/dacasas.es\/es\/ubicacion-de-la-casa\/javea\/\"><em>Javea<\/em><\/a>:<\/strong> Un pueblo pintoresco con hermosas bah\u00edas y un ambiente relajado.<\/li>\n\n\n\n<li><strong><a href=\"https:\/\/dacasas.es\/es\/ubicacion-de-la-casa\/altea\/\"><em>Altea<\/em><\/a>:<\/strong> Una ciudad de artistas con calles empedradas y una caracter\u00edstica iglesia blanca.<\/li>\n\n\n\n<li><strong>Benidorm:<\/strong> Ideal para quienes buscan una vibrante vida nocturna y modernas comodidades.<\/li>\n\n\n\n<li><strong><a href=\"https:\/\/dacasas.es\/es\/ubicacion-de-la-casa\/torrevieja\/\"><em>Torrevieja<\/em><\/a>:<\/strong> Popular entre los compradores internacionales por sus playas y su vibrante vida social.<\/li>\n<\/ul>\n\n\n\n<h2 class=\"wp-block-heading\"><strong>El proceso de compra en Dacasas<\/strong><\/h2>\n\n\n\n<p>En Dacasas le guiamos paso a paso en el proceso de compra:<\/p>\n\n\n\n<ol class=\"wp-block-list\">\n<li><strong>Introducci\u00f3n:<\/strong> Empezamos con una reuni\u00f3n personal para conocer sus deseos y necesidades.<\/li>\n\n\n\n<li><strong>Selecci\u00f3n de vivienda:<\/strong> En funci\u00f3n de sus preferencias, elaboraremos una selecci\u00f3n de propiedades adecuadas.<\/li>\n\n\n\n<li><strong>Visitas:<\/strong> Organizamos visitas y le proporcionamos informaci\u00f3n detallada sobre los inmuebles y su entorno.<\/li>\n\n\n\n<li><strong>Apoyo jur\u00eddico y financiero:<\/strong> Nuestro equipo le ayudar\u00e1 a organizar todos los tr\u00e1mites para que se convierta en propietario de la casa de sus sue\u00f1os sin ninguna preocupaci\u00f3n.<\/li>\n<\/ol>\n\n\n\n<h3 class=\"wp-block-heading\">Casa en venta en la Costa Blanca: <strong>Invierta en<\/strong><\/h3>\n\n\n\n<p>Comprar una casa en la Costa Blanca no es s\u00f3lo un paso hacia una mejor calidad de vida, sino tambi\u00e9n una inversi\u00f3n inteligente. La demanda de propiedades en esta regi\u00f3n sigue aumentando, lo que significa que es probable que su propiedad aumente de valor. Adem\u00e1s, una propiedad en la Costa Blanca ofrece excelentes oportunidades para el alquiler vacacional, especialmente durante la temporada alta.<\/p>\n\n\n\n<h3 class=\"wp-block-heading\"><strong>Consejos para Costa Blanca casa en venta<\/strong><\/h3>\n\n\n\n<p>Para que la b\u00fasqueda de una casa en venta en la Costa Blanca sea lo m\u00e1s sencilla posible, compartimos algunos consejos:<\/p>\n\n\n\n<ul class=\"wp-block-list\">\n<li><strong>Determine su presupuesto:<\/strong> Tenga en cuenta costes adicionales como impuestos, gastos de notar\u00eda y mantenimiento.<\/li>\n\n\n\n<li><strong>Explore la regi\u00f3n:<\/strong> Visita distintas ciudades y pueblos para ver cu\u00e1l se adapta mejor a tu estilo de vida.<\/li>\n\n\n\n<li><strong>Pide consejo:<\/strong> Recurra a expertos como Dacasas para asegurarse de que toma la decisi\u00f3n correcta.<\/li>\n<\/ul>\n\n\n\n<h3 class=\"wp-block-heading\"><strong>\u00bfPor qu\u00e9 Dacasas para una casa en la Costa Blanca?<\/strong><\/h3>\n\n\n\n<p>En Dacasas, combinamos el conocimiento del mercado local con un servicio personalizado para que su b\u00fasqueda de vivienda en la Costa Blanca sea f\u00e1cil y agradable. Esto es lo que nos diferencia:<\/p>\n\n\n\n<p>- <strong>Orientaci\u00f3n personal:<\/strong> Cada cliente recibe un enfoque personalizado.<\/p>\n\n\n\n<p>- <strong>Fiabilidad:<\/strong> La transparencia y la honradez son nuestras m\u00e1ximas prioridades.<\/p>\n\n\n\n<p>- <strong>Experiencia local:<\/strong> Nuestra experiencia y contactos en la regi\u00f3n marcan la diferencia.<\/p>\n\n\n\n<h3 class=\"wp-block-heading\"><strong>Contactar con Dacasas<\/strong><\/h3>\n\n\n\n<p>\u00bfQuiere saber m\u00e1s sobre nuestra oferta inmobiliaria en la Costa Blanca? P\u00f3ngase en contacto con nosotros a trav\u00e9s de <a href=\"https:\/\/dacasas.es\/es\/pongase-en-contacto-con\/\"><em>Dacasas.es<\/em><\/a> y descubra c\u00f3mo podemos ayudarle a encontrar la casa de sus sue\u00f1os.<\/p>\n\n\n\n<p><em>Dacasas - Su socio en la b\u00fasqueda de vivienda en la Costa Blanca.<\/em><\/p>\n\n\n\n<p><\/p>","protected":false},"excerpt":{"rendered":"<p>Casa en venta en la Costa Blanca: \u00a1consulte nuestra oferta! La Costa Blanca es una de las regiones espa\u00f1olas m\u00e1s solicitadas para comprar una propiedad. Con sus extensas playas, pueblos pintorescos y maravilloso clima mediterr\u00e1neo, atrae tanto a veraneantes como a residentes permanentes. Tanto si busca una villa moderna,...<\/p>","protected":false},"author":2,"featured_media":0,"parent":0,"menu_order":0,"comment_status":"closed","ping_status":"closed","template":"","meta":{"footnotes":""},"class_list":["post-72341","page","type-page","status-publish","hentry"],"_links":{"self":[{"href":"https:\/\/dacasas.es\/es\/wp-json\/wp\/v2\/pages\/72341","targetHints":{"allow":["GET"]}}],"collection":[{"href":"https:\/\/dacasas.es\/es\/wp-json\/wp\/v2\/pages"}],"about":[{"href":"https:\/\/dacasas.es\/es\/wp-json\/wp\/v2\/types\/page"}],"author":[{"embeddable":true,"href":"https:\/\/dacasas.es\/es\/wp-json\/wp\/v2\/users\/2"}],"replies":[{"embeddable":true,"href":"https:\/\/dacasas.es\/es\/wp-json\/wp\/v2\/comments?post=72341"}],"version-history":[{"count":7,"href":"https:\/\/dacasas.es\/es\/wp-json\/wp\/v2\/pages\/72341\/revisions"}],"predecessor-version":[{"id":72837,"href":"https:\/\/dacasas.es\/es\/wp-json\/wp\/v2\/pages\/72341\/revisions\/72837"}],"wp:attachment":[{"href":"https:\/\/dacasas.es\/es\/wp-json\/wp\/v2\/media?parent=72341"}],"curies":[{"name":"wp","href":"https:\/\/api.w.org\/{rel}","templated":true}]}}