{"id":72339,"date":"2024-10-18T10:46:54","date_gmt":"2024-10-18T08:46:54","guid":{"rendered":"https:\/\/dacasas.es\/?page_id=72339"},"modified":"2025-03-18T10:25:41","modified_gmt":"2025-03-18T08:25:41","slug":"comprar-casa-alicante-con-piscina","status":"publish","type":"page","link":"https:\/\/dacasas.es\/es\/alicante-huis-met-zwembad-kopen\/","title":{"rendered":"Comprar casa Alicante con piscina"},"content":{"rendered":"<figure class=\"wp-block-image size-large\"><img fetchpriority=\"high\" decoding=\"async\" width=\"1024\" height=\"768\" src=\"https:\/\/dacasas.es\/wp-content\/uploads\/2024\/11\/alicante-huis-met-zwembad-kopen-1-1024x768.jpg\" alt=\"Alicante casa con piscina para comprar con Dacasas\" class=\"wp-image-72473\" title=\"\" srcset=\"https:\/\/dacasas.es\/wp-content\/uploads\/2024\/11\/alicante-huis-met-zwembad-kopen-1-1024x768.jpg 1024w, https:\/\/dacasas.es\/wp-content\/uploads\/2024\/11\/alicante-huis-met-zwembad-kopen-1-300x225.jpg 300w, https:\/\/dacasas.es\/wp-content\/uploads\/2024\/11\/alicante-huis-met-zwembad-kopen-1-768x576.jpg 768w, https:\/\/dacasas.es\/wp-content\/uploads\/2024\/11\/alicante-huis-met-zwembad-kopen-1-150x113.jpg 150w, https:\/\/dacasas.es\/wp-content\/uploads\/2024\/11\/alicante-huis-met-zwembad-kopen-1-680x510.jpg 680w, https:\/\/dacasas.es\/wp-content\/uploads\/2024\/11\/alicante-huis-met-zwembad-kopen-1.jpg 1500w\" sizes=\"(max-width: 1024px) 100vw, 1024px\" \/><\/figure>\n\n\n\n<p>Comprar una casa con piscina en la Costa Blanca es un sue\u00f1o hecho realidad. Esta regi\u00f3n, ofrece una combinaci\u00f3n de hermosos paisajes, comodidades modernas, y un estilo de vida relajado. En <strong>Dacasas<\/strong> entendemos que encontrar la casa perfecta es m\u00e1s que una inversi\u00f3n; es un paso hacia una mejor calidad de vida.<\/p>\n\n\n\n<h2 class=\"wp-block-heading\"><strong>\u00bfPor qu\u00e9 comprar una casa con piscina en la Costa Blanca?<\/strong><\/h2>\n\n\n\n<p><a href=\"https:\/\/nl.wikipedia.org\/wiki\/Alicante_(stad)\" target=\"_blank\" rel=\"noreferrer noopener\"><em>Alicante<\/em><\/a> (Costa Blanca) ofrece todo lo que un propietario puede desear: playas interminables, pueblos pintorescos, un suave clima mediterr\u00e1neo y una rica cultura. Una piscina privada a\u00f1ade otra capa de lujo. Piense en pasar los d\u00edas de verano en el agua, organizar fiestas en la piscina con los amigos o simplemente relajarse despu\u00e9s de un largo d\u00eda.<\/p>\n\n\n\n<h3 class=\"wp-block-heading\"><strong>Ventajas de una casa con piscina en la Costa Blanca:<\/strong><\/h3>\n\n\n\n<ol class=\"wp-block-list\">\n<li><strong>Oasis privado:<\/strong> Disfrute del lujo y la intimidad que ofrece una piscina privada.<\/li>\n\n\n\n<li><strong>Diversi\u00f3n en familia:<\/strong> Ideal para familias con ni\u00f1os; una piscina ofrece horas de entretenimiento.<\/li>\n\n\n\n<li><strong>Mayor valor de la propiedad:<\/strong> Las casas con piscina suelen conservar mejor su valor y son populares entre inquilinos y compradores.<\/li>\n\n\n\n<li><strong>Estilo de vida:<\/strong> La piscina se convierte a menudo en el centro de las reuniones sociales y la relajaci\u00f3n.<\/li>\n<\/ol>\n\n\n\n<h3 class=\"wp-block-heading\"><strong>\u00bfCu\u00e1l es la oferta que tiene para comprar una casa con piscina en la Costa Blanca?<\/strong><\/h3>\n\n\n\n<p>En Dacasas, estamos orgullosos de nuestra amplia gama de viviendas con piscina. Nuestra cartera incluye:<\/p>\n\n\n\n<ul class=\"wp-block-list\">\n<li><strong>Villas modernas<\/strong> con piscinas infinitas y vistas al Mediterr\u00e1neo.<\/li>\n\n\n\n<li><strong>Fincas tradicionales<\/strong> con amplios jardines y un encantador ambiente rural.<\/li>\n\n\n\n<li><strong>Complejos de apartamentos<\/strong> con piscinas comunitarias y excelentes instalaciones.<\/li>\n<\/ul>\n\n\n\n<p>Cada propiedad ha sido cuidadosamente seleccionada para satisfacer nuestros altos est\u00e1ndares. Si usted est\u00e1 buscando un hogar permanente, una casa de vacaciones, o una oportunidad de inversi\u00f3n, tenemos la casa perfecta para usted.<\/p>\n\n\n\n<div id=\"ere_shortcode_1\"  class=\"ere_latest_properties_ajax ere_ele_property_ajax_target\"><div class=\"home-properties-section-inner-target\"><div class=\"listing-layout inspiry-shortcode\"><div class=\"list-container clearfix\">\n<article class=\"rh_list_card\">\n\n\t<div class=\"rh_list_card__wrap\">\n\n\t\t<figure class=\"rh_list_card__thumbnail\">\n            <div class=\"rh_figure_property_list_one\">\n\t\t\t\n\t\t\t<a href=\"https:\/\/dacasas.es\/es\/woning\/villas-panoramic-in-alicante\/\">\n\t\t\t\t\t\t\t\t\t\t\t\t\t\t<div class=\"post_thumbnail\" style=\"background: url('https:\/\/dacasas.es\/wp-content\/uploads\/2022\/04\/Exterior-04-488x326.jpg') 50% 50% no-repeat; background-size: cover;\"><\/div>\n\t\t\t\t\t<!-- \/.post_thumbnail -->\n\t\t\t\t\t\t\t<\/a>\n\n\t\t\t<div class=\"rh_overlay\"><\/div>\n\t\t\t<div class=\"rh_overlay__contents rh_overlay__fadeIn-bottom\">\n\t\t\t\t<a href=\"https:\/\/dacasas.es\/es\/woning\/villas-panoramic-in-alicante\/\">M\u00e1s informaci\u00f3n<\/a>\n\t\t\t<\/div>\n\t\t\t<!-- \/.rh_overlay__contents -->\n\n\t\t\t            <\/div>\n\n            <div class=\"rh_list_card__btns\">\n\t\t\t\t            <\/div>\n\t\t\t<!-- \/.rh_list_card__btns -->\n\t\t<\/figure>\n\t\t<!-- \/.rh_list_card__thumbnail -->\n\n\t\t<div class=\"rh_list_card__details_wrap\">\n\n\t\t\t<div class=\"rh_list_card__details\">\n\n\t\t\t\t<h3>\n\t\t\t\t\t<a href=\"https:\/\/dacasas.es\/es\/woning\/villas-panoramic-in-alicante\/\">Villas Panor\u00e1micas en Alicante<\/a>\n\t\t\t\t<\/h3>\n\t\t\t\t<p class=\"rh_list_card__excerpt\">Villas modernas de alta calidad, con sistema dom\u00f3tico...<\/p>\n\t\t\t\t<!-- \/.rh_list_card__excerpt -->\n\n\t\t\t\t<div class=\"rh_list_card__meta_wrap\">\n\n\t\t\t\t\t\t\t\t\t\t\t<div class=\"rh_list_card__meta\">\n\t\t\t\t\t\t\t<h4>Habitaciones<\/h4>\n\t\t\t\t\t\t\t<div>\n\t\t\t\t\t\t\t\t<svg class=\"rh_svg\" xmlns=\"http:\/\/www.w3.org\/2000\/svg\" width=\"24\" height=\"24\" viewbox=\"0 0 24 24\">\n  <path d=\"M1111.91,600.993h16.17a2.635,2.635,0,0,1,2.68,1.773l1.21,11.358a2.456,2.456,0,0,1-2.61,2.875h-18.73a2.46,2.46,0,0,1-2.61-2.875l1.21-11.358A2.635,2.635,0,0,1,1111.91,600.993Zm0.66-7.994h3.86c1.09,0,2.57.135,2.57,1l0.01,3.463c0.14,0.838-1.72,1.539-2.93,1.539h-4.17c-1.21,0-2.07-.7-1.92-1.539l0.37-3.139A2.146,2.146,0,0,1,1112.57,593Zm11,0h3.86a2.123,2.123,0,0,1,2.2,1.325l0.38,3.139c0.14,0.838-.72,1.539-1.93,1.539h-5.17c-1.21,0-2.07-.7-1.92-1.539L1121,594C1121,593.1,1122.48,593,1123.57,593Z\" transform=\"translate(-1108 -593)\"\/>\n<\/svg>\t\t\t\t\t\t\t\t<span class=\"figure\">3<\/span>\n\t\t\t\t\t\t\t<\/div>\n\t\t\t\t\t\t<\/div>\n\t\t\t\t\t\t<!-- \/.rh_list_card__meta -->\n\t\t\t\t\t\n\t\t\t\t\t\t\t\t\t\t\t<div class=\"rh_list_card__meta\">\n\t\t\t\t\t\t\t<h4>Cuartos de ba\u00f1o<\/h4>\n\t\t\t\t\t\t\t<div>\n\t\t\t\t\t\t\t\t<svg class=\"rh_svg\" xmlns=\"http:\/\/www.w3.org\/2000\/svg\" width=\"23.69\" height=\"24\" viewbox=\"0 0 23.69 24\">\n  <path d=\"M1204,601a8,8,0,0,1,16,0v16h-2V601a6,6,0,0,0-12,0v1h-2v-1Zm7,6a6,6,0,0,0-12,0h12Zm-6,2a1,1,0,0,1,1,1v1a1,1,0,0,1-2,0v-1A1,1,0,0,1,1205,609Zm0,5a1,1,0,0,1,1,1v1a1,1,0,0,1-2,0v-1A1,1,0,0,1,1205,614Zm4.94-5.343a1,1,0,0,1,1.28.6l0.69,0.878a1,1,0,0,1-1.88.685l-0.69-.879A1,1,0,0,1,1209.94,608.657Zm2.05,4.638a1,1,0,0,1,1.28.6l0.35,0.94a1.008,1.008,0,0,1-.6,1.282,1,1,0,0,1-1.28-.6l-0.35-.939A1.008,1.008,0,0,1,1211.99,613.295Zm-11.93-4.638a1,1,0,0,1,.6,1.282l-0.69.879a1,1,0,1,1-1.87-.682l0.68-.88A1,1,0,0,1,1200.06,608.657Zm-2.05,4.639a1,1,0,0,1,.6,1.281l-0.34.941a1,1,0,0,1-1.88-.683l0.34-.94A1,1,0,0,1,1198.01,613.3Z\" transform=\"translate(-1196.31 -593)\"\/>\n<\/svg>\n\t\t\t\t\t\t\t\t<span class=\"figure\">2<\/span>\n\t\t\t\t\t\t\t<\/div>\n\t\t\t\t\t\t<\/div>\n\t\t\t\t\t\t<!-- \/.rh_list_card__meta -->\n\t\t\t\t\t\n\t\t\t\t\t\n\t\t\t\t<\/div>\n\t\t\t\t<!-- \/.rh_list_card__meta_wrap -->\n\n\t\t\t<\/div>\n\t\t\t<!-- \/.rh_list_card__details -->\n\n\t\t\t<div class=\"rh_list_card__priceLabel\">\n\n\t\t\t\t<div class=\"rh_list_card__price\">\n\t\t\t\t\t<h4 class=\"status\">\n\t\t\t\t\t\tSe vende\t\t\t\t\t<\/h4>\n\t\t\t\t\t<!-- \/.rh_prop_card__type -->\n\n\t\t\t\t\t<p class=\"price\">\n\t\t\t\t\t\tdesde 450.000 euros \t\t\t\t\t<\/p>\n\t\t\t\t\t<!-- \/.price -->\n\t\t\t\t<\/div>\n\t\t\t\t<!-- \/.rh_list_card__price -->\n\n\t\t\t\t<p class=\"rh_list_card__author\">\n\t\t\t\t\tPor\t\t\t\t\t<span class=\"author\">\n\t\t\t\t\t\tDacasas\t\t\t\t\t<\/span>\n\t\t\t\t\t<!-- \/.name -->\n\t\t\t\t<\/p>\n\t\t\t\t<!-- \/.rh_list_card__author -->\n\n\t\t\t<\/div>\n\t\t\t<!-- \/.rh_list_card__priceLabel -->\n\n\t\t<\/div>\n\t\t<!-- \/.rh_list_card__details_wrap -->\n\n\t<\/div>\n\t<!-- \/.rh_list_card__wrap -->\n\n<\/article>\n<!-- \/.rh_list_card -->\n<\/div><\/div><\/div><\/div>\n\n\n\n<h3 class=\"wp-block-heading\"><strong>Pasos para comprar una casa con piscina en la Costa Blanca<\/strong><\/h3>\n\n\n\n<p>Comprar una casa en el extranjero puede parecer complejo, pero en Dacasas hacemos que este proceso sea sencillo y transparente. As\u00ed es como le ayudamos:<\/p>\n\n\n\n<ol class=\"wp-block-list\">\n<li><strong>Introducci\u00f3n:<\/strong><br>Empezamos con una conversaci\u00f3n personal para entender sus necesidades. \u00bfQuiere una casa moderna o un estilo m\u00e1s tradicional? \u00bfQu\u00e9 tama\u00f1o debe tener la piscina? \u00bfQu\u00e9 servicios son importantes para usted?<\/li>\n\n\n\n<li><strong>Selecci\u00f3n de vivienda:<\/strong><br>Bas\u00e1ndonos en sus preferencias, le presentamos una selecci\u00f3n de propiedades. Gracias a nuestros conocimientos locales, tenemos acceso a propiedades exclusivas que a menudo no se pueden encontrar online.<\/li>\n\n\n\n<li><strong>Visitas:<\/strong><br>Durante una visita a Alicante, organizamos visitas y le guiamos a trav\u00e9s de cada propiedad. Nuestros expertos le proporcionar\u00e1n informaci\u00f3n exhaustiva sobre la propiedad, el barrio y las posibles opciones de reforma.<\/li>\n\n\n\n<li><strong>Proceso de compra:<\/strong><br>Desde la negociaci\u00f3n del precio hasta el apoyo jur\u00eddico y el asesoramiento fiscal, nuestro equipo est\u00e1 a su lado. Trabajamos con abogados y notarios de confianza para que todo vaya sobre ruedas.<\/li>\n<\/ol>\n\n\n\n<h3 class=\"wp-block-heading\"><strong>Invertir en una casa con piscina en Alicante<\/strong><\/h3>\n\n\n\n<p>Adem\u00e1s de adquirir la casa de sus sue\u00f1os, comprar una casa con piscina en Alicante es tambi\u00e9n una inversi\u00f3n inteligente. El mercado inmobiliario en esta regi\u00f3n sigue creciendo gracias a su popularidad tanto entre los compradores internacionales como entre los turistas. Una casa con piscina puede generar importantes ingresos por alquiler, especialmente durante la temporada alta.<\/p>\n\n\n\n<h3 class=\"wp-block-heading\"><strong>\u00bfPor qu\u00e9 elegir Dacasas para comprar una vivienda con piscina en la Costa Blanca?<\/strong><\/h3>\n\n\n\n<p>En Dacasas tenemos una misi\u00f3n: ayudar a nuestros clientes a encontrar la casa de sus sue\u00f1os sin estr\u00e9s. He aqu\u00ed por qu\u00e9 somos el socio ideal:<\/p>\n\n\n\n<ul class=\"wp-block-list\">\n<li><strong>Conocimiento del mercado local:<\/strong> Con a\u00f1os de experiencia en la Costa-Blanca, conocemos los mejores barrios, tendencias y precios.<\/li>\n\n\n\n<li><strong>Servicio personalizado:<\/strong> Cada cliente es \u00fanico y merece un enfoque a su medida.<\/li>\n\n\n\n<li><strong>Amplia red:<\/strong> Desde agentes inmobiliarios y abogados hasta contratistas y dise\u00f1adores de interiores, tenemos los contactos adecuados para hacer realidad la casa de sus sue\u00f1os.<\/li>\n<\/ul>\n\n\n\n<h3 class=\"wp-block-heading\"><strong>Consejos para comprar una casa con piscina en la Costa Blanca<\/strong><\/h3>\n\n\n\n<p>Para que su experiencia de compra sea a\u00fan m\u00e1s fluida, compartimos algunos consejos:<\/p>\n\n\n\n<ul class=\"wp-block-list\">\n<li><strong>Presupuesto:<\/strong> Establezca un presupuesto claro y tenga en cuenta costes adicionales como los gastos de notar\u00eda, impuestos y mantenimiento.<\/li>\n\n\n\n<li><strong>Ubicaci\u00f3n:<\/strong> Piense en sus prioridades: \u00bfquiere vivir cerca de la playa, en el centro de la ciudad o en un barrio tranquilo?<\/li>\n\n\n\n<li><strong>Objetivos a largo plazo:<\/strong> Considere si la propiedad es adecuada como vivienda permanente, de vacaciones o de alquiler.<\/li>\n<\/ul>\n\n\n\n<h4 class=\"wp-block-heading\"><strong>P\u00f3ngase en contacto hoy mismo<\/strong><\/h4>\n\n\n\n<p>\u00bfEst\u00e1 listo para dar el primer paso hacia la casa de sus sue\u00f1os? <strong>Dacasas<\/strong> est\u00e1 a su servicio con asesoramiento y apoyo expertos. P\u00f3ngase en contacto con nosotros a trav\u00e9s de<em> <a href=\"https:\/\/dacasas.es\/es\/\">Dacasas.es<\/a><\/em> o <a href=\"\/es\/pongase-en-contacto-con\/\"><em>programar una consulta no vinculante<\/em><\/a>.<\/p>\n\n\n\n<p>Juntos, nos aseguramos de que su sue\u00f1o de una casa con piscina en la Costa Blanca se haga realidad.<\/p>","protected":false},"excerpt":{"rendered":"<p>Comprar una casa con piscina en la Costa Blanca es un sue\u00f1o hecho realidad. Esta regi\u00f3n, ofrece una combinaci\u00f3n de hermosos paisajes, comodidades modernas, y un estilo de vida relajado. En Dacasas, entendemos que encontrar la casa perfecta es m\u00e1s que una inversi\u00f3n; es un paso hacia una mejor calidad de vida. Por qu\u00e9.<\/p>","protected":false},"author":2,"featured_media":0,"parent":0,"menu_order":0,"comment_status":"closed","ping_status":"closed","template":"","meta":{"footnotes":""},"class_list":["post-72339","page","type-page","status-publish","hentry"],"_links":{"self":[{"href":"https:\/\/dacasas.es\/es\/wp-json\/wp\/v2\/pages\/72339","targetHints":{"allow":["GET"]}}],"collection":[{"href":"https:\/\/dacasas.es\/es\/wp-json\/wp\/v2\/pages"}],"about":[{"href":"https:\/\/dacasas.es\/es\/wp-json\/wp\/v2\/types\/page"}],"author":[{"embeddable":true,"href":"https:\/\/dacasas.es\/es\/wp-json\/wp\/v2\/users\/2"}],"replies":[{"embeddable":true,"href":"https:\/\/dacasas.es\/es\/wp-json\/wp\/v2\/comments?post=72339"}],"version-history":[{"count":9,"href":"https:\/\/dacasas.es\/es\/wp-json\/wp\/v2\/pages\/72339\/revisions"}],"predecessor-version":[{"id":73084,"href":"https:\/\/dacasas.es\/es\/wp-json\/wp\/v2\/pages\/72339\/revisions\/73084"}],"wp:attachment":[{"href":"https:\/\/dacasas.es\/es\/wp-json\/wp\/v2\/media?parent=72339"}],"curies":[{"name":"wp","href":"https:\/\/api.w.org\/{rel}","templated":true}]}}