{"id":5100,"date":"2021-11-01T10:18:32","date_gmt":"2021-11-01T08:18:32","guid":{"rendered":"https:\/\/server2.webdesignhq.shockmedia.nl\/~dacasas\/?page_id=5100"},"modified":"2024-09-23T12:23:53","modified_gmt":"2024-09-23T10:23:53","slug":"acerca-de-nosotros","status":"publish","type":"page","link":"https:\/\/dacasas.es\/es\/over-ons\/","title":{"rendered":"Qui\u00e9nes somos"},"content":{"rendered":"<p>\u00bfQui\u00e9nes son <a href=\"https:\/\/dacasas.es\/es\/\">nosotros<\/a>?<br>A pesar de nuestra corta edad, siempre tuvimos el sue\u00f1o de vivir en un pa\u00eds con un clima maravilloso.<br>Duda ...<br>Lo desconocido...<br>Y mucho m\u00e1s...<\/p>\n\n\n\n<p>Pero, \u00bfpor qu\u00e9 esperar?<br>\u00bfPor qu\u00e9 no aprovechar la oportunidad y dar pasos hacia lo que es la vida real?<\/p>\n\n\n\n<p>As\u00ed que tomamos la decisi\u00f3n de dar el paso, vender todo lo que ten\u00edamos en B\u00e9lgica; nuestro negocio, nuestra casa,... y partir en una gran aventura... a Espa\u00f1a con nuestros 2 hijos.<\/p>\n\n\n\n<p>En la b\u00fasqueda de la casa de nuestros sue\u00f1os, nos dimos cuenta de que muchos agentes inmobiliarios no nos ofrec\u00edan un buen servicio.<\/p>\n\n\n\n<p>Gracias a nuestro conocimiento del sector inmobiliario y a nuestros socios comerciales en Espa\u00f1a, el traslado a nuestra inmobiliaria fue por tanto r\u00e1pido.<\/p>\n\n\n\n<p>Queremos ayudarle con nuestros conocimientos y buen servicio hacia la b\u00fasqueda de la casa de sus sue\u00f1os.&nbsp;<br>Y para los clientes buscar lo que realmente buscan.<br>\u00a1Con el mismo \u00edmpetu que si fuera para nosotros!<\/p>\n\n\n\n<p>\u00bfQuiere vender su casa? Por supuesto, tambi\u00e9n podemos ayudarle. Al seguir activos en B\u00e9lgica y anunciarnos mucho en B\u00e9lgica, Pa\u00edses Bajos y Francia, creemos que podemos atraer a la clientela adecuada.<\/p>","protected":false},"excerpt":{"rendered":"<p>\u00bfQui\u00e9nes somos? A pesar de nuestra corta edad, siempre tuvimos el sue\u00f1o de vivir en un pa\u00eds con un clima maravilloso... La duda... Lo desconocido... Y mucho m\u00e1s... Pero, \u00bfpor qu\u00e9 esperar? \u00bfPor qu\u00e9 no aprovechar la oportunidad y dar los pasos hacia lo que es la vida de verdad? As\u00ed que tomamos la decisi\u00f3n de...<\/p>","protected":false},"author":2,"featured_media":0,"parent":0,"menu_order":0,"comment_status":"closed","ping_status":"closed","template":"","meta":{"footnotes":""},"class_list":["post-5100","page","type-page","status-publish","hentry"],"_links":{"self":[{"href":"https:\/\/dacasas.es\/es\/wp-json\/wp\/v2\/pages\/5100","targetHints":{"allow":["GET"]}}],"collection":[{"href":"https:\/\/dacasas.es\/es\/wp-json\/wp\/v2\/pages"}],"about":[{"href":"https:\/\/dacasas.es\/es\/wp-json\/wp\/v2\/types\/page"}],"author":[{"embeddable":true,"href":"https:\/\/dacasas.es\/es\/wp-json\/wp\/v2\/users\/2"}],"replies":[{"embeddable":true,"href":"https:\/\/dacasas.es\/es\/wp-json\/wp\/v2\/comments?post=5100"}],"version-history":[{"count":3,"href":"https:\/\/dacasas.es\/es\/wp-json\/wp\/v2\/pages\/5100\/revisions"}],"predecessor-version":[{"id":71454,"href":"https:\/\/dacasas.es\/es\/wp-json\/wp\/v2\/pages\/5100\/revisions\/71454"}],"wp:attachment":[{"href":"https:\/\/dacasas.es\/es\/wp-json\/wp\/v2\/media?parent=5100"}],"curies":[{"name":"wp","href":"https:\/\/api.w.org\/{rel}","templated":true}]}}