{"id":3,"date":"2021-10-12T08:13:48","date_gmt":"2021-10-12T08:13:48","guid":{"rendered":"https:\/\/server2.webdesignhq.shockmedia.nl\/~dacasas\/?page_id=3"},"modified":"2021-11-01T10:14:12","modified_gmt":"2021-11-01T08:14:12","slug":"politica-de-privacidad","status":"publish","type":"page","link":"https:\/\/dacasas.es\/es\/privacybeleid\/","title":{"rendered":"Pol\u00edtica de privacidad"},"content":{"rendered":"<p>Pol\u00edtica de privacidad de Dacasas, propietario de https:\/\/dacasas.online<\/p>\n\n\n\n<p><strong>1) Protecci\u00f3n de la intimidad<\/strong><\/p>\n\n\n\n<p>Salvaguardar la privacidad de los visitantes de https:\/\/dacasas.online es una tarea importante para nosotros. Por ello, en nuestra pol\u00edtica de privacidad describimos qu\u00e9 informaci\u00f3n recogemos y c\u00f3mo la utilizamos.<\/p>\n\n\n\n<p><strong>2) Consentimiento<\/strong><\/p>\n\n\n\n<p>Al utilizar la informaci\u00f3n y los servicios de https:\/\/dacasas.online, usted acepta nuestra pol\u00edtica de privacidad y las condiciones aqu\u00ed incluidas.<\/p>\n\n\n\n<p><strong>3) Preguntas<\/strong><\/p>\n\n\n\n<p>Si desea recibir m\u00e1s informaci\u00f3n o tiene alguna pregunta sobre la pol\u00edtica de privacidad de Dacasas y, en concreto, sobre https:\/\/dacasas.online , p\u00f3ngase en contacto con nosotros por correo electr\u00f3nico. Nuestra direcci\u00f3n de correo electr\u00f3nico es info@dacasas.online<\/p>\n\n\n\n<p><strong>4) Seguimiento del comportamiento de los visitantes<\/strong><\/p>\n\n\n\n<p>https:\/\/dacasas.online utiliza diversas t\u00e9cnicas para rastrear qui\u00e9n visita el sitio web, c\u00f3mo se comporta este visitante en el sitio web y qu\u00e9 p\u00e1ginas visita. Se trata de una pr\u00e1ctica habitual en los sitios web, ya que proporciona informaci\u00f3n que contribuye a la calidad de la experiencia del usuario. La informaci\u00f3n que registramos a trav\u00e9s de las cookies incluye direcciones IP, tipo de navegador y p\u00e1ginas visitadas.<\/p>\n\n\n\n<p>Tambi\u00e9n rastreamos d\u00f3nde visitan el sitio web por primera vez los visitantes y desde qu\u00e9 p\u00e1gina lo abandonan. Esta informaci\u00f3n es an\u00f3nima y no est\u00e1 vinculada a ning\u00fan otro dato personal.<\/p>\n\n\n\n<p><strong>5) Uso de cookies<\/strong><\/p>\n\n\n\n<p><a href=\"https:\/\/dacasas.online\" target=\"_blank\" rel=\"noopener\"> https:\/\/dacasas.online<\/a> coloca cookies a los visitantes. Lo hacemos para recopilar informaci\u00f3n sobre las p\u00e1ginas que visitan los usuarios en nuestro sitio web, hacer un seguimiento de la frecuencia con la que vuelven los visitantes y ver qu\u00e9 p\u00e1ginas funcionan bien en el sitio web. Tambi\u00e9n hacemos un seguimiento de la informaci\u00f3n que comparte el navegador.<\/p>\n\n\n\n<p><strong>6) Deshabilitar las cookies<\/strong><\/p>\n\n\n\n<p>Puede desactivar las cookies. Para ello, utilice las opciones de su navegador. Encontrar\u00e1 m\u00e1s informaci\u00f3n sobre estas opciones en el sitio web del proveedor de su navegador.<\/p>\n\n\n\n<p><strong>7) Cookies de terceros<\/strong><\/p>\n\n\n\n<p>Es posible que terceros, como Google, se anuncien en nuestro sitio web o que nosotros utilicemos otro servicio. Para ello, estos terceros en algunos casos colocan cookies. Estas cookies no pueden ser influenciadas por https:\/\/dacasas.online.<\/p>","protected":false},"excerpt":{"rendered":"<p>Pol\u00edtica de privacidad de Dacasas, propietario de https:\/\/dacasas.online 1) Salvaguarda de la privacidad Salvaguardar la privacidad de los visitantes de https:\/\/dacasas.online es una tarea importante para nosotros. Por ello, en nuestra pol\u00edtica de privacidad describimos qu\u00e9 informaci\u00f3n recogemos y c\u00f3mo la utilizamos. 2) Consentimiento Al utilizar la informaci\u00f3n y los servicios de https:\/\/dacasas.online, usted acepta...<\/p>","protected":false},"author":2,"featured_media":0,"parent":0,"menu_order":0,"comment_status":"closed","ping_status":"closed","template":"","meta":{"footnotes":""},"class_list":["post-3","page","type-page","status-publish","hentry"],"_links":{"self":[{"href":"https:\/\/dacasas.es\/es\/wp-json\/wp\/v2\/pages\/3","targetHints":{"allow":["GET"]}}],"collection":[{"href":"https:\/\/dacasas.es\/es\/wp-json\/wp\/v2\/pages"}],"about":[{"href":"https:\/\/dacasas.es\/es\/wp-json\/wp\/v2\/types\/page"}],"author":[{"embeddable":true,"href":"https:\/\/dacasas.es\/es\/wp-json\/wp\/v2\/users\/2"}],"replies":[{"embeddable":true,"href":"https:\/\/dacasas.es\/es\/wp-json\/wp\/v2\/comments?post=3"}],"version-history":[{"count":2,"href":"https:\/\/dacasas.es\/es\/wp-json\/wp\/v2\/pages\/3\/revisions"}],"predecessor-version":[{"id":5085,"href":"https:\/\/dacasas.es\/es\/wp-json\/wp\/v2\/pages\/3\/revisions\/5085"}],"wp:attachment":[{"href":"https:\/\/dacasas.es\/es\/wp-json\/wp\/v2\/media?parent=3"}],"curies":[{"name":"wp","href":"https:\/\/api.w.org\/{rel}","templated":true}]}}