{"id":72769,"date":"2025-02-10T12:21:14","date_gmt":"2025-02-10T10:21:14","guid":{"rendered":"https:\/\/dacasas.es\/?page_id=72769"},"modified":"2025-02-12T09:07:27","modified_gmt":"2025-02-12T07:07:27","slug":"altea-immobilienmakler","status":"publish","type":"page","link":"https:\/\/dacasas.es\/de\/altea-makelaar\/","title":{"rendered":"Altea Immobilienmakler"},"content":{"rendered":"<figure class=\"wp-block-image size-large\"><img fetchpriority=\"high\" decoding=\"async\" width=\"1024\" height=\"1024\" src=\"https:\/\/dacasas.es\/wp-content\/uploads\/2025\/02\/altea-makelaar-1024x1024.jpg\" alt=\"Altea Immobilienmakler Dacasas hilft Ihnen, ein Haus zu kaufen!\" class=\"wp-image-72831\" title=\"\" srcset=\"https:\/\/dacasas.es\/wp-content\/uploads\/2025\/02\/altea-makelaar-1024x1024.jpg 1024w, https:\/\/dacasas.es\/wp-content\/uploads\/2025\/02\/altea-makelaar-300x300.jpg 300w, https:\/\/dacasas.es\/wp-content\/uploads\/2025\/02\/altea-makelaar-150x150.jpg 150w, https:\/\/dacasas.es\/wp-content\/uploads\/2025\/02\/altea-makelaar-768x768.jpg 768w, https:\/\/dacasas.es\/wp-content\/uploads\/2025\/02\/altea-makelaar-210x210.jpg 210w, https:\/\/dacasas.es\/wp-content\/uploads\/2025\/02\/altea-makelaar.jpg 1280w\" sizes=\"(max-width: 1024px) 100vw, 1024px\" \/><\/figure>\n\n\n\n<h2 class=\"wp-block-heading\">Altea Immobilienmakler: <strong>Pers\u00f6nliche Unterst\u00fctzung beim Kauf und Verkauf von H\u00e4usern in Altea<\/strong><\/h2>\n\n\n\n<p>Altea ist kein gew\u00f6hnlicher spanischer Badeort. Es ist eine Stadt, in der <strong>Exklusivit\u00e4t, Kunst und mediterraner Lebensstil<\/strong> konvergieren. Die engen Gassen der Altstadt, der atemberaubende Blick auf das Mittelmeer und die Luxusvillen in Altea Hills machen diese Stadt zu einem der begehrtesten Orte an der Costa Blanca.<\/p>\n\n\n\n<p>Aber <strong>Wie findet man hier die perfekte Wohnung?<\/strong> Ob Sie eine moderne Villa mit Meerblick, eine Wohnung im Yachthafen von Campomanes oder eine authentische spanische Finca in Altea La Vella suchen, <strong>Ein echter Altea-Immobilienmakler<\/strong> ist wichtig, um die beste Immobilie zu finden und einen reibungslosen Kaufprozess zu gew\u00e4hrleisten.<\/p>\n\n\n\n<p>Mit unserem <strong>lokales Know-how, exklusive Verbindungen und pers\u00f6nlicher Ansatz<\/strong> sorgen wir daf\u00fcr, dass Ihre Suche nach einer Immobilie in Altea nicht nur erfolgreich, sondern auch eine angenehme Erfahrung ist.<\/p>\n\n\n\n<h2 class=\"wp-block-heading\"><strong>Warum einen Immobilienmakler f\u00fcr Altea?<\/strong><\/h2>\n\n\n\n<p>Der Immobilienmarkt in Altea ist <strong>anders als in anderen Teilen der Costa Blanca<\/strong>. Viele der sch\u00f6nsten H\u00e4user sind nicht einmal online gelistet, sondern werden diskret \u00fcber Immobilienmakler verkauft. Dar\u00fcber hinaus ist der Rechtsweg in Spanien <strong>komplexer<\/strong> als in den Niederlanden oder Belgien. Ein erfahrener <strong>Altea Immobilienmakler<\/strong> bietet daher:<\/p>\n\n\n\n<p>\u2714 <strong>Zugang zu exklusiven, nicht marktg\u00e4ngigen Immobilien<\/strong> - Sie erhalten Angebote, bevor sie online sind.<\/p>\n\n\n\n<p>\u2714 <strong>Lokale Marktkenntnisse<\/strong> - Wir wissen genau, welche Wohngegenden und Preise realistisch sind.<\/p>\n\n\n\n<p>\u2714 <strong>Ma\u00dfgeschneiderte Verhandlungen<\/strong> - Sparen Sie Tausende von Euro durch strategisches Bieten.<\/p>\n\n\n\n<p>\u2714 <strong>Rechtliche und finanzielle Beratung<\/strong> - Keine \u00dcberraschungen, nur Gewissheit.<\/p>\n\n\n\n<p>\u2714 <strong>Pers\u00f6nlicher Service<\/strong> - Kein Massenverkauf, sondern ma\u00dfgeschneiderte Beratung.<\/p>\n\n\n\n<p>Ob Sie <strong>Kauf, Verkauf oder Investition<\/strong>Wir sorgen daf\u00fcr, dass Sie die beste Wahl treffen.<\/p>\n\n\n\n<h2 class=\"wp-block-heading\"><strong>Die exklusivsten Viertel von <a href=\"https:\/\/nl.wikipedia.org\/wiki\/Altea_(stad)\" target=\"_blank\" rel=\"noopener\">Altea<\/a><\/strong><\/h2>\n\n\n\n<p>Altea hat ein vielf\u00e4ltiges Wohnungsangebot, von Luxusvillen bis hin zu charmanten Stadtwohnungen.<\/p>\n\n\n\n<h3 class=\"wp-block-heading\"><strong>Altea Hills: Hochwertige Villen mit Panoramablick<\/strong><\/h3>\n\n\n\n<p><strong>Altea Hills<\/strong> ist der Ort f\u00fcr exklusives Wohnen an der Costa Blanca. In den H\u00fcgeln \u00fcber Altea gelegen, bietet diese prestigetr\u00e4chtige Wohngegend <strong>beeindruckende moderne Villen mit Infinity-Pools, Privatsph\u00e4re und einer sicheren Gemeinschaft<\/strong>.<\/p>\n\n\n\n<h4 class=\"wp-block-heading\"><strong>Warum Altea Hills?<\/strong><\/h4>\n\n\n\n<ul class=\"wp-block-list\">\n<li>24\/7 Sicherheit und exklusive Atmosph\u00e4re<\/li>\n\n\n\n<li>Blick auf das Meer und die Skyline von Benidorm<\/li>\n\n\n\n<li>Luxuri\u00f6se Ausstattung und moderne Architektur<\/li>\n<\/ul>\n\n\n\n<h3 class=\"wp-block-heading\"><strong>Mascarat &amp; Campomanes : Wohnen am Jachthafen<\/strong><\/h3>\n\n\n\n<p>F\u00fcr diejenigen, die <strong>Wassersport und maritimer Lebensstil<\/strong> h\u00e4lt, ist eine Wohnung in Mascarat oder Campomanes ideal. Diese Gebiete liegen direkt an der <strong>Luxus-Yachthafen in der Marina Greenwich<\/strong>Dort finden Sie Restaurants, Bars und Bootsverleihe.<\/p>\n\n\n\n<h4 class=\"wp-block-heading\"><strong>Warum Mascarat &amp; Campomanes?<\/strong><\/h4>\n\n\n\n<ul class=\"wp-block-list\">\n<li>Direkter Zugang zum Meer und zum Jachthafen<\/li>\n\n\n\n<li>Hochwertige Wohnungen und Penth\u00e4user<\/li>\n\n\n\n<li>Perfekt f\u00fcr Vermietung und Investitionen<\/li>\n<\/ul>\n\n\n\n<h3 class=\"wp-block-heading\"><strong>Altea La Vella: Ruhe, Raum und Natur<\/strong><\/h3>\n\n\n\n<p>Nur wenige Minuten vom Stadtzentrum entfernt liegt <strong>Altea La Vella<\/strong>ein traditionelles spanisches Dorf mit einer entspannten Atmosph\u00e4re. Hier k\u00f6nnen Sie leben <strong>im Herzen der Natur<\/strong>inmitten von Weinbergen und mit dem Golfplatz Don Cayo gleich um die Ecke.<\/p>\n\n\n\n<h4 class=\"wp-block-heading\"><strong>Warum Altea La Vella?<\/strong><\/h4>\n\n\n\n<ul class=\"wp-block-list\">\n<li>Perfekt f\u00fcr alle, die Ruhe und Frieden suchen<\/li>\n\n\n\n<li>Traditionelle Fincas und moderne Villen<\/li>\n\n\n\n<li>In der N\u00e4he von Golfpl\u00e4tzen und Naturschutzgebieten<\/li>\n<\/ul>\n\n\n\n<h3 class=\"wp-block-heading\"><strong>Altea Zentrum: Authentisches Wohnen in der Altstadt<\/strong><\/h3>\n\n\n\n<p>Die Altstadt von Altea mit ihren wei\u00df get\u00fcnchten H\u00e4usern und gepflasterten Stra\u00dfen ist einer der reizvollsten Orte an der Costa Blanca. Hier finden Sie <strong>sch\u00f6ne historische H\u00e4user mit einem einzigartigen Aussehen<\/strong>.<\/p>\n\n\n\n<h4 class=\"wp-block-heading\"><strong>Warum das Zentrum von Altea?<\/strong><\/h4>\n\n\n\n<ul class=\"wp-block-list\">\n<li>Mediterraner Charme und lokale Kultur<\/li>\n\n\n\n<li>N\u00e4he zum Strand und zu belebten Pl\u00e4tzen<\/li>\n\n\n\n<li>Einzigartige H\u00e4user mit Charakter<\/li>\n<\/ul>\n\n\n\n<h2 class=\"wp-block-heading\"><strong>Wie wir Ihr Traumhaus in Altea finden<\/strong><\/h2>\n\n\n\n<p>Wir machen mehr als nur H\u00e4user zeigen. Wir begleiten Sie durch den gesamten Prozess, von der ersten Besichtigung bis zur endg\u00fcltigen Schl\u00fcssel\u00fcbergabe.<\/p>\n\n\n\n<h3 class=\"wp-block-heading\"><strong>1. Pers\u00f6nliches Einf\u00fchrungsgespr\u00e4ch<\/strong><\/h3>\n\n\n\n<p>Wir beginnen mit einer <strong>Pers\u00f6nliches Vorstellungsgespr\u00e4ch<\/strong> Wir wollen Ihre Bed\u00fcrfnisse und Ziele verstehen.<\/p>\n\n\n\n<ul class=\"wp-block-list\">\n<li>Suchen Sie ein Ferienhaus, einen dauerhaften Wohnsitz oder eine Investition?<\/li>\n\n\n\n<li>Welcher Wohnstil spricht Sie an?<\/li>\n\n\n\n<li>Wie sieht Ihr Budget und Ihre finanzielle Situation aus?<\/li>\n<\/ul>\n\n\n\n<h3 class=\"wp-block-heading\"><strong>2. Exklusive Auswahl von Immobilien<\/strong><\/h3>\n\n\n\n<p>Ausgehend von Ihren Anforderungen, suchen wir nach <strong>Optionen f\u00fcr benutzerdefinierte Eigenschaften<\/strong>. Diese k\u00f6nnen sowohl <strong>Immobilien aus unserem Netzwerk als Off-Market-Deals<\/strong> sind.<\/p>\n\n\n\n<ul class=\"wp-block-list\">\n<li>Keine endlose Online-Suche - wir filtern nur die besten Optionen.<\/li>\n\n\n\n<li>Besichtigungen werden vollst\u00e4ndig von uns organisiert.<\/li>\n<\/ul>\n\n\n\n<h3 class=\"wp-block-heading\"><strong>3. Beratung bei Besichtigungen<\/strong><\/h3>\n\n\n\n<p>Wir besichtigen mit Ihnen die ausgew\u00e4hlten Objekte und geben <strong>ehrliche Beratung \u00fcber Vor- und Nachteile<\/strong>.<\/p>\n\n\n\n<ul class=\"wp-block-list\">\n<li>Zustand und Potenzial des Geb\u00e4udes<\/li>\n\n\n\n<li>Standort und Lebensumfeld<\/li>\n\n\n\n<li>M\u00f6glichkeiten zur Wertsteigerung<\/li>\n<\/ul>\n\n\n\n<h3 class=\"wp-block-heading\"><strong>4. Verhandlungs- und Kaufprozess<\/strong><\/h3>\n\n\n\n<p>Wir verhandeln die <strong>bester Preis und beste Konditionen<\/strong> und sicherstellen, dass alles <strong>rechtlich wasserdicht<\/strong> ist.<\/p>\n\n\n\n<ul class=\"wp-block-list\">\n<li>Wir vermeiden versteckte Kosten und Fallstricke<\/li>\n\n\n\n<li>Wir arrangieren alle rechtlichen Dokumente und Vertr\u00e4ge<\/li>\n\n\n\n<li>Wir begleiten Sie durch die notarielle \u00dcbertragung<\/li>\n<\/ul>\n\n\n\n<h2 class=\"wp-block-heading\"><strong>H\u00e4ufig gestellte Fragen \u00fcber einen Immobilienmakler in Altea<\/strong><\/h2>\n\n\n\n<h3 class=\"wp-block-heading\"><strong>Warum ist ein Altea-Immobilienmakler in Altea wichtig?<\/strong><\/h3>\n\n\n\n<p>Der Immobilienmarkt in Altea ist hart umk\u00e4mpft, und viele der sch\u00f6nsten H\u00e4user werden gerade <strong>privat verkauft<\/strong>. Ein erfahrener Makler \u00f6ffnet die T\u00fcren zu diesen exklusiven Angeboten.<\/p>\n\n\n\n<h3 class=\"wp-block-heading\"><strong>Wie hoch sind die durchschnittlichen Hauspreise in Altea?<\/strong><\/h3>\n\n\n\n<ul class=\"wp-block-list\">\n<li><strong>Wohnung in Mascarat:<\/strong> ab \u20ac250.000<\/li>\n\n\n\n<li><strong>Villa in Altea Hills:<\/strong> ab \u20ac600.000<\/li>\n\n\n\n<li><strong>Historisches Haus im Zentrum von Altea:<\/strong> ab \u20ac350.000<\/li>\n<\/ul>\n\n\n\n<h3 class=\"wp-block-heading\"><strong>Kann ich als Ausl\u00e4nder ein Haus in Altea kaufen?<\/strong><\/h3>\n\n\n\n<p>Ja, Sie haben eine <strong>NIE-Nummer<\/strong> und wir k\u00f6nnen Ihnen bei der Beantragung einer spanischen Hypothek helfen.<\/p>\n\n\n\n<h3 class=\"wp-block-heading\"><strong>Was sind die zus\u00e4tzlichen Kosten beim Kauf eines Hauses in Altea?<\/strong><\/h3>\n\n\n\n<ul class=\"wp-block-list\">\n<li><strong>\u00dcbertragungssteuer (ITP):<\/strong> 6-10%<\/li>\n\n\n\n<li><strong>Notargeb\u00fchren:<\/strong> 1-3%<\/li>\n\n\n\n<li><strong>Gerichtskosten:<\/strong> 1-2%<\/li>\n\n\n\n<li><strong>Geb\u00fchren f\u00fcr die Einrichtung der Hypothek:<\/strong> 1-2%<\/li>\n<\/ul>\n\n\n\n<h3 class=\"wp-block-heading\"><strong>Suchen Sie einen Immobilienmakler f\u00fcr Altea? Nehmen Sie Kontakt auf!<\/strong><\/h3>\n\n\n\n<p>Wir helfen Ihnen dabei, Ihre <strong>Finden Sie die ideale Immobilie in Altea ohne Stress und \u00dcberraschungen<\/strong>. Mit unserem <strong>exklusiver Marktzugang, rechtliche Beratung und pers\u00f6nlicher Service<\/strong> wir garantieren Ihnen das beste Angebot.<\/p>\n\n\n\n<p>Rufen Sie Ihren Altea-Immobilienmakler noch heute f\u00fcr eine unverbindliche Beratung an! Sehen Sie unser Angebot auf <a href=\"https:\/\/dacasas.es\/de\/\">Dacasas.es<\/a>. Ihr Traumhaus in Altea wartet auf Sie! <\/p>\n\n\n\n<p><\/p>","protected":false},"excerpt":{"rendered":"<p>Immobilienmakler Altea: Pers\u00f6nliche Unterst\u00fctzung beim Kauf und Verkauf von H\u00e4usern in Altea Altea ist kein gew\u00f6hnlicher spanischer Badeort. Es ist eine Stadt, in der Exklusivit\u00e4t, Kunst und mediterraner Lebensstil zusammenkommen. Die engen Gassen der Altstadt, die atemberaubenden Ausblicke auf das Mittelmeer und die Luxusvillen in Altea Hills machen diese Stadt...<\/p>","protected":false},"author":2,"featured_media":0,"parent":0,"menu_order":0,"comment_status":"closed","ping_status":"closed","template":"","meta":{"footnotes":""},"class_list":["post-72769","page","type-page","status-publish","hentry"],"_links":{"self":[{"href":"https:\/\/dacasas.es\/de\/wp-json\/wp\/v2\/pages\/72769","targetHints":{"allow":["GET"]}}],"collection":[{"href":"https:\/\/dacasas.es\/de\/wp-json\/wp\/v2\/pages"}],"about":[{"href":"https:\/\/dacasas.es\/de\/wp-json\/wp\/v2\/types\/page"}],"author":[{"embeddable":true,"href":"https:\/\/dacasas.es\/de\/wp-json\/wp\/v2\/users\/2"}],"replies":[{"embeddable":true,"href":"https:\/\/dacasas.es\/de\/wp-json\/wp\/v2\/comments?post=72769"}],"version-history":[{"count":4,"href":"https:\/\/dacasas.es\/de\/wp-json\/wp\/v2\/pages\/72769\/revisions"}],"predecessor-version":[{"id":72834,"href":"https:\/\/dacasas.es\/de\/wp-json\/wp\/v2\/pages\/72769\/revisions\/72834"}],"wp:attachment":[{"href":"https:\/\/dacasas.es\/de\/wp-json\/wp\/v2\/media?parent=72769"}],"curies":[{"name":"wp","href":"https:\/\/api.w.org\/{rel}","templated":true}]}}