{"id":72361,"date":"2024-10-18T10:49:41","date_gmt":"2024-10-18T08:49:41","guid":{"rendered":"https:\/\/dacasas.es\/?page_id=72361"},"modified":"2025-02-10T18:11:04","modified_gmt":"2025-02-10T16:11:04","slug":"haus-kaufen-denia","status":"publish","type":"page","link":"https:\/\/dacasas.es\/de\/huis-kopen-denia\/","title":{"rendered":"Ein Haus in Denia kaufen"},"content":{"rendered":"<figure class=\"wp-block-image size-large\"><img fetchpriority=\"high\" decoding=\"async\" width=\"1024\" height=\"1024\" src=\"https:\/\/dacasas.es\/wp-content\/uploads\/2025\/02\/huis-kopen-denia-1024x1024.jpg\" alt=\"Kaufen Sie ein Haus in Denia, Sie tun es mit Dacasas\" class=\"wp-image-72816\" title=\"\" srcset=\"https:\/\/dacasas.es\/wp-content\/uploads\/2025\/02\/huis-kopen-denia-1024x1024.jpg 1024w, https:\/\/dacasas.es\/wp-content\/uploads\/2025\/02\/huis-kopen-denia-300x300.jpg 300w, https:\/\/dacasas.es\/wp-content\/uploads\/2025\/02\/huis-kopen-denia-150x150.jpg 150w, https:\/\/dacasas.es\/wp-content\/uploads\/2025\/02\/huis-kopen-denia-768x768.jpg 768w, https:\/\/dacasas.es\/wp-content\/uploads\/2025\/02\/huis-kopen-denia-1536x1536.jpg 1536w, https:\/\/dacasas.es\/wp-content\/uploads\/2025\/02\/huis-kopen-denia-210x210.jpg 210w, https:\/\/dacasas.es\/wp-content\/uploads\/2025\/02\/huis-kopen-denia.jpg 1800w\" sizes=\"(max-width: 1024px) 100vw, 1024px\" \/><\/figure>\n\n\n\n<h2 class=\"wp-block-heading\"><strong>Sie wollen ein Haus in Denia kaufen? <\/strong><\/h2>\n\n\n\n<p><strong>Erfahren Sie, wie Sie sicher und erfolgreich eine Immobilie in dieser sch\u00f6nen K\u00fcstenstadt kaufen k\u00f6nnen.<\/strong><\/p>\n\n\n\n<p>Denia, gelegen an der <strong><a href=\"https:\/\/nl.wikipedia.org\/wiki\/Costa_Blanca\" target=\"_blank\" rel=\"noreferrer noopener\">Costa Blanca<\/a><\/strong>ist einer der sch\u00f6nsten Orte, um ein Haus in Spanien zu kaufen. Mit seiner <strong>malerischer Hafen, goldene Sandstr\u00e4nde und malerische Altstadt<\/strong> Denia zieht sowohl internationale K\u00e4ufer als auch Spanier an, die nach einem <strong>Mediterrane Lebensweise<\/strong>.<\/p>\n\n\n\n<p>Ob Sie eine <strong>Feriendomizil, st\u00e4ndiger Wohnsitz oder Anlageobjekt<\/strong> sucht, bietet Denia eine breite Palette von M\u00f6glichkeiten. In diesem Leitfaden erfahren Sie, warum der Kauf eines Hauses in Denia eine kluge Entscheidung ist, welches die besten Wohngegenden sind und wie Sie den Kaufprozess reibungslos bew\u00e4ltigen k\u00f6nnen.<\/p>\n\n\n\n<h2 class=\"wp-block-heading\"><strong>Warum ein Haus in Denia kaufen?<\/strong><\/h2>\n\n\n\n<p>Denia ist ein <strong>einzigartiger Ort<\/strong> mit einer perfekten Mischung aus Natur, Kultur und modernen Annehmlichkeiten. Hier sind einige der Gr\u00fcnde, warum sich immer mehr Menschen f\u00fcr eine Immobilie in Denia entscheiden:<\/p>\n\n\n\n<ul class=\"wp-block-list\">\n<li><strong>Mehr als 320 Sonnentage im Jahr<\/strong>: Genie\u00dfen Sie das ganze Jahr \u00fcber ein wunderbares Klima.<\/li>\n\n\n\n<li><strong>Sch\u00f6ne Str\u00e4nde und Natur<\/strong>Von Sandstr\u00e4nden \u00fcber zerkl\u00fcftete Buchten bis hin zu den beeindruckenden <strong>Montg\u00f3-Gebirge<\/strong>.<\/li>\n\n\n\n<li><strong>Authentischer spanischer Charakter<\/strong>Gem\u00fctliche Tapas-Bars, eine historische Burg und lebhafte M\u00e4rkte.<\/li>\n\n\n\n<li><strong>Ausgezeichnete Einrichtungen<\/strong>Gesch\u00e4fte, Restaurants, internationale Schulen und medizinische Versorgung.<\/li>\n\n\n\n<li><strong>Idealer Standort<\/strong>Zwischen Valencia und Alicante, mit zwei internationalen Flugh\u00e4fen in unmittelbarer N\u00e4he.<\/li>\n\n\n\n<li><strong>Starker Immobilienmarkt<\/strong>Ein beliebter Ort f\u00fcr Privatpersonen und Investoren.<\/li>\n<\/ul>\n\n\n\n<p>Denia ist einer der wenigen Orte, an denen man noch <strong>Erleben Sie das authentische Spanien<\/strong>und gleichzeitig alle modernen Annehmlichkeiten zu genie\u00dfen.<\/p>\n\n\n\n<h2 class=\"wp-block-heading\"><strong>Welche Art von Hauskauf Denia?<\/strong><\/h2>\n\n\n\n<p>Denia bietet ein vielf\u00e4ltiges Wohnungsangebot, von Luxusvillen mit Meerblick bis hin zu erschwinglichen Wohnungen.<\/p>\n\n\n\n<h3 class=\"wp-block-heading\"><strong>Villen in Denia<\/strong><\/h3>\n\n\n\n<p>Perfekt f\u00fcr alle, die Folgendes suchen <strong>Privatsph\u00e4re, Luxus und Raum<\/strong>. Viele Villen haben <strong>einen Swimmingpool, gro\u00dfe G\u00e4rten und einen spektakul\u00e4ren Blick auf das Meer oder die Berge<\/strong>.<\/p>\n\n\n\n<p><strong>Beste Wohngegenden f\u00fcr Villen:<\/strong> Las Rotas, San Juan, Montg\u00f3, La Sella Golf<\/p>\n\n\n\n<h3 class=\"wp-block-heading\"><strong>Wohnungen im Zentrum und in Strandn\u00e4he<\/strong><\/h3>\n\n\n\n<p>Ideal f\u00fcr alle, die alles in Reichweite haben wollen. Wohnungen im Stadtzentrum oder am Strand sind sowohl zur Eigennutzung als auch zur Vermietung beliebt.<\/p>\n\n\n\n<p><strong>Beste Standorte:<\/strong> Denia Zentrum, Las Marinas, Hafengebiet, El Puerto<\/p>\n\n\n\n<h3 class=\"wp-block-heading\"><strong>Fincas und Landh\u00e4user<\/strong><\/h3>\n\n\n\n<p>F\u00fcr wen <strong>Ruhe und Natur<\/strong> sucht, gibt es sch\u00f6ne Fincas und Landh\u00e4user in der N\u00e4he von Denia. Oft mit <strong>gro\u00dfe Grundst\u00fccke, Weinberge und Olivenb\u00e4ume<\/strong>.<\/p>\n\n\n\n<p><strong>Beste Gebiete:<\/strong> Jes\u00fas Pobre, La Xara, Pedreguer<\/p>\n\n\n\n<h3 class=\"wp-block-heading\"><strong>Neue Geb\u00e4ude und moderne H\u00e4user<\/strong><\/h3>\n\n\n\n<p>M\u00f6chten Sie eine <strong>brandneues Zuhause<\/strong> mit modernen Ausstattungen? In Denia werden regelm\u00e4\u00dfig neue Bauprojekte in Angriff genommen, von Luxusvillen bis hin zu Wohnungen mit Gemeinschaftspools.<\/p>\n\n\n\n<p><strong>Beste neue Baugebiete:<\/strong> La Pedrera, El Verger, Las Marinas<\/p>\n\n\n\n<h2 class=\"wp-block-heading\"><strong>Wie kann ich ein Haus in Denia kaufen?<\/strong><\/h2>\n\n\n\n<p>Der Kauf eines Hauses in Spanien funktioniert anders als in den Niederlanden oder Belgien. Hier ist eine praktische <strong>Stra\u00dfenkarte<\/strong> Damit der Prozess reibungslos abl\u00e4uft.<\/p>\n\n\n\n<h3 class=\"wp-block-heading\"><strong>1. Bestimmen Sie Ihr Budget und Ihre Finanzierung<\/strong><\/h3>\n\n\n\n<p>Bevor Sie mit der Suche beginnen, ist es wichtig, dass Sie Ihre <strong>Haushalt<\/strong> bestimmen. Ber\u00fccksichtigen Sie zus\u00e4tzliche Kosten wie z. B.:<\/p>\n\n\n\n<ul class=\"wp-block-list\">\n<li><strong>\u00dcbertragungssteuer (6-10%)<\/strong><\/li>\n\n\n\n<li><strong>Notar- und Eintragungsgeb\u00fchren (1-3%)<\/strong><\/li>\n\n\n\n<li><strong>Hypothekenberatung und Bankgeb\u00fchren (1-2%)<\/strong><\/li>\n<\/ul>\n\n\n\n<p>Wenn Sie eine Hypothek ben\u00f6tigen, k\u00f6nnen Sie bis zu <strong>70% der Wohnwertfinanzierung<\/strong> als Nichtans\u00e4ssiger.<\/p>\n\n\n\n<h3 class=\"wp-block-heading\"><strong>2. W\u00e4hlen Sie den richtigen Standort in Denia<\/strong><\/h3>\n\n\n\n<p>Denia hat mehrere Stadtteile, die alle ihren eigenen Charme haben:<\/p>\n\n\n\n<ul class=\"wp-block-list\">\n<li><strong>Denia Zentrum und Hafengebiet<\/strong>Lebhaft, alles zu Fu\u00df erreichbar.<\/li>\n\n\n\n<li><strong>Las Marinas<\/strong>: Beliebt f\u00fcr Ferienh\u00e4user am Strand.<\/li>\n\n\n\n<li><strong>Las Rotas<\/strong>Exklusive Villen in gr\u00fcner Umgebung.<\/li>\n\n\n\n<li><strong>Montg\u00f3<\/strong>: Atemberaubende Aussicht und luxuri\u00f6se Villen.<\/li>\n\n\n\n<li><strong>La Sella Golf<\/strong>F\u00fcr alle, die Golf und Ruhe lieben.<\/li>\n<\/ul>\n\n\n\n<h3 class=\"wp-block-heading\"><strong>3. Finden Sie einen zuverl\u00e4ssigen Immobilienmakler<\/strong><\/h3>\n\n\n\n<p>A <strong>guter Makler<\/strong> hilft Ihnen, Fallstricke zu vermeiden und die richtige Immobilie zu finden. W\u00e4hlen Sie einen Immobilienmakler, der:<\/p>\n\n\n\n<ul class=\"wp-block-list\">\n<li><strong>Niederl\u00e4ndischsprachig oder Englischsprachig<\/strong><\/li>\n\n\n\n<li><strong>ist transparent in Bezug auf Kosten und Bedingungen<\/strong><\/li>\n\n\n\n<li><strong>verf\u00fcgt \u00fcber gute Kenntnisse des lokalen Marktes<\/strong><\/li>\n<\/ul>\n\n\n\n<h3 class=\"wp-block-heading\"><strong>4. H\u00e4user ansehen und vergleichen<\/strong><\/h3>\n\n\n\n<p>Besichtigungstermine vereinbaren und gut pr\u00fcfen:<\/p>\n\n\n\n<ul class=\"wp-block-list\">\n<li><strong>Architektonischer Zustand<\/strong> - Gibt es versteckte M\u00e4ngel?<\/li>\n\n\n\n<li><strong>Grundst\u00fcckspapiere<\/strong> - Ist die Immobilie korrekt registriert?<\/li>\n\n\n\n<li><strong>Lizenzen<\/strong> - Besonders wichtig bei \u00e4lteren H\u00e4usern und Umbauten.<\/li>\n<\/ul>\n\n\n\n<h3 class=\"wp-block-heading\"><strong>5. Verhandeln und ein Angebot machen<\/strong><\/h3>\n\n\n\n<p>In Spanien ist es <strong>\u00fcblich zu verhandeln<\/strong>. Besprechen Sie mit Ihrem Makler eine <strong>realistisches Angebot<\/strong> Basierend auf:<\/p>\n\n\n\n<ul class=\"wp-block-list\">\n<li>Vergleichbare Verkaufspreise in der N\u00e4he.<\/li>\n\n\n\n<li>Etwaige Renovierungskosten.<\/li>\n\n\n\n<li>Was ist inbegriffen? (M\u00f6bel, Pool, Extras)<\/li>\n<\/ul>\n\n\n\n<p>Nach der Vereinbarung unterzeichnen Sie eine <strong>Reservierungsvertrag (Contrato de Reserva)<\/strong> und Sie zahlen eine Kaution.<\/p>\n\n\n\n<h3 class=\"wp-block-heading\"><strong>6. Rechtliche Kontrolle und Kaufvertrag<\/strong><\/h3>\n\n\n\n<p>A Spanisch <strong>Rechtsanwalt<\/strong> Kontrollen:<\/p>\n\n\n\n<ul class=\"wp-block-list\">\n<li><strong>ob Schulden auf der Immobilie lasten.<\/strong><\/li>\n\n\n\n<li><strong>Ob alle Genehmigungen in Ordnung sind.<\/strong><\/li>\n\n\n\n<li><strong>Die Bedingungen des Kaufvertrags.<\/strong><\/li>\n<\/ul>\n\n\n\n<p>Dann zeichnen Sie die <strong>Kaufvorvertrag (Contrato de Arras)<\/strong> und Sie zahlen normalerweise <strong>10% Anzahlung<\/strong>.<\/p>\n\n\n\n<h3 class=\"wp-block-heading\"><strong>7. Offizielle \u00dcbergabe beim Notar<\/strong><\/h3>\n\n\n\n<p>Der letzte Schritt ist die Unterzeichnung der <strong>escritura p\u00fablica (offizielle Verkaufsurkunde)<\/strong> beim Notar. Sie zahlen den Restkaufpreis und erhalten die Schl\u00fcssel.<\/p>\n\n\n\n<h2 class=\"wp-block-heading\"><strong>H\u00e4ufig gestellte Fragen zum Kauf eines Hauses in Denia<\/strong><\/h2>\n\n\n\n<h3 class=\"wp-block-heading\"><strong>Wie viel kostet ein Haus in Denia im Durchschnitt?<\/strong><\/h3>\n\n\n\n<ul class=\"wp-block-list\">\n<li><strong>Wohnung im Stadtzentrum:<\/strong> ab \u20ac150.000<\/li>\n\n\n\n<li><strong>Villa mit Meerblick:<\/strong> ab \u20ac400.000<\/li>\n\n\n\n<li><strong>Neu gebaute Wohnung:<\/strong> ab \u20ac180.000<\/li>\n<\/ul>\n\n\n\n<h3 class=\"wp-block-heading\"><strong>Kann ich als Ausl\u00e4nder ein Haus in Spanien kaufen?<\/strong><\/h3>\n\n\n\n<p>Ja, als Ausl\u00e4nder k\u00f6nnen Sie ohne Einschr\u00e4nkungen eine Immobilie in Spanien kaufen. Sie ben\u00f6tigen eine <strong>NIE-Nummer<\/strong> ben\u00f6tigt.<\/p>\n\n\n\n<h3 class=\"wp-block-heading\"><strong>Kann ich in Spanien eine Hypothek aufnehmen?<\/strong><\/h3>\n\n\n\n<p>Ja, spanische Banken vergeben Hypotheken bis zu einer H\u00f6he von <strong>70% des Hauswertes<\/strong>.<\/p>\n\n\n\n<h3 class=\"wp-block-heading\"><strong>Was sind die zus\u00e4tzlichen Kosten beim Kauf eines Hauses in Denia?<\/strong><\/h3>\n\n\n\n<ul class=\"wp-block-list\">\n<li><strong>\u00dcbertragungssteuer:<\/strong> 6-10%<\/li>\n\n\n\n<li><strong>Notargeb\u00fchren:<\/strong> 1-3%<\/li>\n\n\n\n<li><strong>Gerichtskosten:<\/strong> 1-2%<\/li>\n\n\n\n<li><strong>Geb\u00fchren f\u00fcr die Einrichtung der Hypothek:<\/strong> 1-2%<\/li>\n<\/ul>\n\n\n\n<h2 class=\"wp-block-heading\"><strong>Fazit - Ihr Traumhaus Denia kaufen? Beginnen Sie hier!<\/strong><\/h2>\n\n\n\n<p>Ob Sie eine <strong>ein Ferienhaus, eine Investition oder ein st\u00e4ndiger Wohnsitz<\/strong> sucht, bietet Denia alles: Sonne, Meer, Kultur und einen florierenden Immobilienmarkt.<\/p>\n\n\n\n<p>M\u00f6chten Sie die besten Immobilien entdecken? <strong>Kontakt <\/strong><a href=\"https:\/\/dacasas.es\/de\/\"><strong>Dacasas.es<\/strong><\/a> f\u00fcr exklusive Angebote und professionelle Beratung! <\/p>","protected":false},"excerpt":{"rendered":"<p>Kaufen Sie ein Haus in Denia? Finden Sie heraus, wie Sie sicher und erfolgreich eine Immobilie in dieser sch\u00f6nen K\u00fcstenstadt kaufen k\u00f6nnen. Denia, an der Costa Blanca gelegen, ist einer der sch\u00f6nsten Orte, um ein Haus in Spanien zu kaufen. Mit seinem malerischen Hafen, den goldenen Sandstr\u00e4nden und der malerischen Altstadt zieht Denia sowohl internationale K\u00e4ufer als auch Spanier an, die...<\/p>","protected":false},"author":2,"featured_media":0,"parent":0,"menu_order":0,"comment_status":"closed","ping_status":"closed","template":"","meta":{"footnotes":""},"class_list":["post-72361","page","type-page","status-publish","hentry"],"_links":{"self":[{"href":"https:\/\/dacasas.es\/de\/wp-json\/wp\/v2\/pages\/72361","targetHints":{"allow":["GET"]}}],"collection":[{"href":"https:\/\/dacasas.es\/de\/wp-json\/wp\/v2\/pages"}],"about":[{"href":"https:\/\/dacasas.es\/de\/wp-json\/wp\/v2\/types\/page"}],"author":[{"embeddable":true,"href":"https:\/\/dacasas.es\/de\/wp-json\/wp\/v2\/users\/2"}],"replies":[{"embeddable":true,"href":"https:\/\/dacasas.es\/de\/wp-json\/wp\/v2\/comments?post=72361"}],"version-history":[{"count":8,"href":"https:\/\/dacasas.es\/de\/wp-json\/wp\/v2\/pages\/72361\/revisions"}],"predecessor-version":[{"id":72826,"href":"https:\/\/dacasas.es\/de\/wp-json\/wp\/v2\/pages\/72361\/revisions\/72826"}],"wp:attachment":[{"href":"https:\/\/dacasas.es\/de\/wp-json\/wp\/v2\/media?parent=72361"}],"curies":[{"name":"wp","href":"https:\/\/api.w.org\/{rel}","templated":true}]}}