{"id":72359,"date":"2024-10-18T10:49:30","date_gmt":"2024-10-18T08:49:30","guid":{"rendered":"https:\/\/dacasas.es\/?page_id=72359"},"modified":"2025-03-18T10:13:04","modified_gmt":"2025-03-18T08:13:04","slug":"haus-kaufen-alicante","status":"publish","type":"page","link":"https:\/\/dacasas.es\/de\/huis-kopen-alicante\/","title":{"rendered":"Ein Haus in Alicante kaufen"},"content":{"rendered":"<figure class=\"wp-block-image size-large\"><img fetchpriority=\"high\" decoding=\"async\" width=\"1024\" height=\"576\" src=\"https:\/\/dacasas.es\/wp-content\/uploads\/2025\/02\/Huis-kopen-Alicante-Dacasas-1024x576.jpg\" alt=\"Haus kaufen Alicante, Sie tun es bei Dacasas.\" class=\"wp-image-72811\" title=\"\" srcset=\"https:\/\/dacasas.es\/wp-content\/uploads\/2025\/02\/Huis-kopen-Alicante-Dacasas-1024x576.jpg 1024w, https:\/\/dacasas.es\/wp-content\/uploads\/2025\/02\/Huis-kopen-Alicante-Dacasas-300x169.jpg 300w, https:\/\/dacasas.es\/wp-content\/uploads\/2025\/02\/Huis-kopen-Alicante-Dacasas-768x432.jpg 768w, https:\/\/dacasas.es\/wp-content\/uploads\/2025\/02\/Huis-kopen-Alicante-Dacasas-1536x864.jpg 1536w, https:\/\/dacasas.es\/wp-content\/uploads\/2025\/02\/Huis-kopen-Alicante-Dacasas-2048x1152.jpg 2048w, https:\/\/dacasas.es\/wp-content\/uploads\/2025\/02\/Huis-kopen-Alicante-Dacasas-150x84.jpg 150w\" sizes=\"(max-width: 1024px) 100vw, 1024px\" \/><\/figure>\n\n\n\n<h2 class=\"wp-block-heading\"><strong>Tr\u00e4umen Sie davon, ein Haus in Alicante zu kaufen? <\/strong><\/h2>\n\n\n\n<p><strong>Erfahren Sie, wie Sie in dieser sch\u00f6nen K\u00fcstenstadt sicher und erfolgreich eine Immobilie kaufen k\u00f6nnen.<\/strong><\/p>\n\n\n\n<p>Alicante, die pulsierende Hauptstadt der <strong><a href=\"https:\/\/nl.wikipedia.org\/wiki\/Costa_Blanca\" target=\"_blank\" rel=\"noopener\">Costa Blanca<\/a><\/strong>ist einer der beliebtesten Orte in Spanien, um ein Haus zu kaufen. Ob Sie ein Haus suchen <strong>Ferienhaus, Dauerwohnsitz oder Anlageobjekt<\/strong>bietet Alicante eine breite Palette von M\u00f6glichkeiten.<\/p>\n\n\n\n<p>Dank der <strong>sonniges Klima, weitl\u00e4ufige Str\u00e4nde und hervorragende Annehmlichkeiten<\/strong> ist diese Stadt ein beliebtes Ziel f\u00fcr spanische und internationale K\u00e4ufer. Aber wie kauft man ein Haus in Alicante und worauf sollte man achten? In diesem Leitfaden f\u00fchren wir Sie Schritt f\u00fcr Schritt durch den Prozess.<\/p>\n\n\n\n<h2 class=\"wp-block-heading\"><strong>Warum ein Haus in Alicante kaufen?<\/strong><\/h2>\n\n\n\n<p>Alicante bietet eine einzigartige Kombination aus <strong>urbane Dynamik und entspanntes Leben an der K\u00fcste<\/strong>. Hier sind einige der Gr\u00fcnde, warum sich so viele Menschen f\u00fcr ein Leben in dieser Region entscheiden:<\/p>\n\n\n\n<ul class=\"wp-block-list\">\n<li><strong>Mehr als 300 Sonnentage im Jahr<\/strong> - Genie\u00dfen Sie das ganze Jahr \u00fcber ein angenehmes Klima.<\/li>\n\n\n\n<li><strong>Ausgezeichnete Zug\u00e4nglichkeit<\/strong> - Der Flughafen Alicante bietet Direktfl\u00fcge in die Niederlande und nach Belgien.<\/li>\n\n\n\n<li><strong>Sch\u00f6ne Str\u00e4nde<\/strong> - Von Playa del Postiguet nach San Juan Beach.<\/li>\n\n\n\n<li><strong>Lebendige Stadt<\/strong> - Historisches Zentrum, Restaurants, Gesch\u00e4fte und pulsierendes Nachtleben.<\/li>\n\n\n\n<li><strong>Erschwingliche Immobilienpreise<\/strong> - G\u00fcnstiger als Barcelona und Madrid, mit hervorragenden Investitionsm\u00f6glichkeiten.<\/li>\n<\/ul>\n\n\n\n<h2 class=\"wp-block-heading\"><strong>Welche Art von Hauskauf in Alicante?<\/strong><\/h2>\n\n\n\n<p>Alicante hat ein breites Angebot an <strong>Immobilienoptionen<\/strong>von der Stadtwohnung bis zur Luxusvilla. Hier sind einige der beliebtesten Angebote:<\/p>\n\n\n\n<h3 class=\"wp-block-heading\"><strong>Wohnungen im Zentrum von Alicante<\/strong><\/h3>\n\n\n\n<p>Perfekt f\u00fcr diejenigen, die mitten in der Stadt wohnen wollen, in der N\u00e4he von Restaurants, Gesch\u00e4ften und dem Strand. Die Wohnungen sind ideal, wenn <strong>Feriendomizil oder Investition<\/strong>.<\/p>\n\n\n\n<p><strong>Beste Nachbarschaften:<\/strong> Casco Antiguo, Ensanche Diputaci\u00f3n, Markt<\/p>\n\n\n\n<h3 class=\"wp-block-heading\"><strong>Luxuri\u00f6se Villen mit Meerblick<\/strong><\/h3>\n\n\n\n<p>F\u00fcr diejenigen, die Exklusivit\u00e4t suchen, gibt es wundersch\u00f6ne Villen an der K\u00fcste. Denken Sie an <strong>San Juan Playa und Cabo de las Huertas<\/strong>wo Sie Luxus und Privatsph\u00e4re genie\u00dfen k\u00f6nnen.<\/p>\n\n\n\n<p><strong>Beste Standorte:<\/strong> Cabo de las Huertas, San Juan Playa, Vistahermosa<\/p>\n\n\n\n<h3 class=\"wp-block-heading\"><strong>Landh\u00e4user und Fincas in der N\u00e4he von Alicante<\/strong><\/h3>\n\n\n\n<p>F\u00fcr Ruhe und Entspannung gibt es charmante <strong>Fincas und Landh\u00e4user<\/strong> im Landesinneren, mit Weinbergen und Natur rundherum.<\/p>\n\n\n\n<p><strong>Beste Regionen:<\/strong> Busot, Mutxamel, El Campello<\/p>\n\n\n\n<h3 class=\"wp-block-heading\"><strong>Neue Bauvorhaben<\/strong><\/h3>\n\n\n\n<p>Es gibt viele <strong>moderne Neubauwohnungen<\/strong> mit Gemeinschaftspools und luxuri\u00f6sen Einrichtungen, die sich sowohl zur Eigennutzung als auch zur Vermietung eignen.<\/p>\n\n\n\n<p><strong>Beste neue Baugebiete:<\/strong> Playa San Juan, PAU 5, Gran Alacant<\/p>\n\n\n\n<h2 class=\"wp-block-heading\"><strong>Wie kann man ein Haus in Alicante kaufen? <\/strong><\/h2>\n\n\n\n<h3 class=\"wp-block-heading\"><strong>1. Bestimmen Sie Ihr Budget und Ihre Finanzierung<\/strong><\/h3>\n\n\n\n<p>Bevor Sie sich auf die Suche nach einem Haus in Alicante machen, sollten Sie sich <strong>Haushalt<\/strong> bestimmen. Ber\u00fccksichtigen Sie:<\/p>\n\n\n\n<ul class=\"wp-block-list\">\n<li><strong>\u00dcbertragungssteuer (6-10%)<\/strong><\/li>\n\n\n\n<li><strong>Notar- und Eintragungsgeb\u00fchren (1-3%)<\/strong><\/li>\n\n\n\n<li><strong>Hypotheken- und Bankgeb\u00fchren (1-2%)<\/strong><\/li>\n<\/ul>\n\n\n\n<p>Wenn Sie eine Hypothek ben\u00f6tigen, k\u00f6nnen Sie diese bei einer spanischen Bank aufnehmen. Ausl\u00e4ndische K\u00e4ufer k\u00f6nnen bis zu <strong>70% des Hauswertes<\/strong> Finanzen.<\/p>\n\n\n\n<h3 class=\"wp-block-heading\"><strong>2. W\u00e4hlen Sie den richtigen Standort<\/strong><\/h3>\n\n\n\n<p>Alicante hat mehrere Stadtviertel, jedes mit seinem eigenen Charme und seinen Vorz\u00fcgen. W\u00e4hlen Sie den Standort nach Ihren Bed\u00fcrfnissen:<\/p>\n\n\n\n<ul class=\"wp-block-list\">\n<li><strong>Zentrum:<\/strong> Lebendige Atmosph\u00e4re, alles in Reichweite.<\/li>\n\n\n\n<li><strong>Playa San Juan:<\/strong> Ideal f\u00fcr Strandliebhaber und Familien.<\/li>\n\n\n\n<li><strong>Cabo de las Huertas:<\/strong> Luxuri\u00f6se und exklusive Wohngegend.<\/li>\n\n\n\n<li><strong>Gran Alacant:<\/strong> Beliebt bei Expats, moderner Neubau.<\/li>\n<\/ul>\n\n\n\n<h3 class=\"wp-block-heading\"><strong>3. Finden Sie einen zuverl\u00e4ssigen Immobilienmakler<\/strong> (Diesen Schritt k\u00f6nnen Sie jetzt schon abhaken, da Sie Dacasas gefunden haben)<\/h3>\n\n\n\n<p>Ein guter Makler wird Ihnen helfen, das beste Angebot zu finden und rechtliche Probleme zu vermeiden. W\u00e4hlen Sie einen Makler, der:<\/p>\n\n\n\n<ul class=\"wp-block-list\">\n<li><strong>Hat Erfahrung mit ausl\u00e4ndischen K\u00e4ufern<\/strong><\/li>\n\n\n\n<li><strong>ist transparent in Bezug auf Kosten und Bedingungen<\/strong><\/li>\n\n\n\n<li><strong>Verf\u00fcgt \u00fcber ein breites Netzwerk f\u00fcr exklusive Angebote<\/strong><\/li>\n<\/ul>\n\n\n\n<h3 class=\"wp-block-heading\"><strong>4. Eigenschaften ansehen und bewerten<\/strong><\/h3>\n\n\n\n<p>Plan <strong>Besichtigungen<\/strong> und achten Sie auf wichtige Details:<\/p>\n\n\n\n<ul class=\"wp-block-list\">\n<li><strong>Ist die Immobilie gut gepflegt?<\/strong><\/li>\n\n\n\n<li><strong>Sind die Eigentumspapiere in Ordnung?<\/strong><\/li>\n\n\n\n<li><strong>Ist der Standort f\u00fcr Ihre Zwecke geeignet (Wohnen, Vermietung, Investition)?<\/strong><\/li>\n<\/ul>\n\n\n\n<h3 class=\"wp-block-heading\"><strong>5. Ein Angebot machen und verhandeln<\/strong><\/h3>\n\n\n\n<p>Haben Sie eine Immobilie gefunden? Dann k\u00f6nnen Sie ein Angebot machen. <strong>Feilschen ist in Spanien \u00fcblich<\/strong>Lassen Sie sich also von Ihrem Makler zu einem realistischen Gegenangebot f\u00fchren.<\/p>\n\n\n\n<p><strong>Faktoren, die bei Verhandlungen zu ber\u00fccksichtigen sind:<\/strong><\/p>\n\n\n\n<ul class=\"wp-block-list\">\n<li>Preise f\u00fcr \u00e4hnliche Immobilien in der N\u00e4he.<\/li>\n\n\n\n<li>Etwaige M\u00e4ngel oder notwendige Renovierungen.<\/li>\n\n\n\n<li>Was ist inbegriffen? (M\u00f6bel, Parken, Extras)<\/li>\n<\/ul>\n\n\n\n<p><strong>6. Rechtliche Kontrolle und Hinterlegung<\/strong><\/p>\n\n\n\n<p>Ein spanischer Immobilienanwalt pr\u00fcft:<\/p>\n\n\n\n<ul class=\"wp-block-list\">\n<li><strong>Eigentumsurkunden und eventuelle Schulden auf der Immobilie.<\/strong><\/li>\n\n\n\n<li><strong>St\u00e4dtebaulicher Status und Genehmigungen.<\/strong><\/li>\n\n\n\n<li><strong>Vertragsbedingungen und Zahlungsmodalit\u00e4ten.<\/strong><\/li>\n<\/ul>\n\n\n\n<p>Nach der Vereinbarung unterzeichnen Sie eine <strong>Vorl\u00e4ufiger Kaufvertrag (Contrato de Arras)<\/strong> und Sie zahlen normalerweise <strong>10% Anzahlung<\/strong>.<\/p>\n\n\n\n<h3 class=\"wp-block-heading\"><strong>7. \u00dcberweisung beim Notar<\/strong><\/h3>\n\n\n\n<p>Der letzte Schritt ist die Unterzeichnung der <strong>escritura p\u00fablica (offizielle Verkaufsurkunde)<\/strong> beim Notar. Sie zahlen den Restkaufpreis und erhalten die Schl\u00fcssel.<\/p>\n\n\n\n<h2 class=\"wp-block-heading\"><strong>H\u00e4ufig gestellte Fragen zum Kauf eines Hauses in Alicante<\/strong><\/h2>\n\n\n\n<h3 class=\"wp-block-heading\"><strong>Was kostet ein Haus in Alicante im Durchschnitt?<\/strong><\/h3>\n\n\n\n<p>Die Preise variieren je nach Standort:<\/p>\n\n\n\n<ul class=\"wp-block-list\">\n<li><strong>Wohnung im Stadtzentrum:<\/strong> ab \u20ac150.000<\/li>\n\n\n\n<li><strong>Villa mit Meerblick:<\/strong> ab \u20ac400.000<\/li>\n\n\n\n<li><strong>Neu gebaute Wohnung:<\/strong> ab \u20ac180.000<\/li>\n<\/ul>\n\n\n\n<h3 class=\"wp-block-heading\"><strong>Kann ich als Ausl\u00e4nder ein Haus in Alicante kaufen?<\/strong><\/h3>\n\n\n\n<p>Ja, das k\u00f6nnen Sie ohne Einschr\u00e4nkungen tun. Sie brauchen nur eine <strong>NIE-Nummer<\/strong> erforderlich (N\u00famero de Identificaci\u00f3n de Extranjero).<\/p>\n\n\n\n<h3 class=\"wp-block-heading\"><strong>Kann ich als Ausl\u00e4nder eine Hypothek in Spanien aufnehmen?<\/strong><\/h3>\n\n\n\n<p>Ja, spanische Banken vergeben Hypotheken bis zu einer H\u00f6he von <strong>70% des Hauswertes<\/strong> f\u00fcr Nicht-Einwohner.<\/p>\n\n\n\n<h3 class=\"wp-block-heading\"><strong>Was sind die zus\u00e4tzlichen Kosten beim Kauf eines Hauses in Alicante?<\/strong><\/h3>\n\n\n\n<ul class=\"wp-block-list\">\n<li><strong>\u00dcbertragungssteuer:<\/strong> 6-10%<\/li>\n\n\n\n<li><strong>Notargeb\u00fchren:<\/strong> 1-3%<\/li>\n\n\n\n<li><strong>Gerichtskosten:<\/strong> 1-2%<\/li>\n\n\n\n<li><strong>Geb\u00fchren f\u00fcr die Einrichtung der Hypothek:<\/strong> 1-2%<\/li>\n<\/ul>\n\n\n\n<h2 class=\"wp-block-heading\"><strong>Fazit - ein Haus in Alicante kaufen? Jetzt ist der richtige Zeitpunkt!<\/strong><\/h2>\n\n\n\n<p>Ob Sie eine <strong>ein Ferienhaus, eine Investition oder ein st\u00e4ndiger Wohnsitz<\/strong> sucht, bietet Alicante alles: Sonne, Meer, Kultur und einen florierenden Immobilienmarkt.<\/p>\n\n\n\n<p>M\u00f6chten Sie die besten Immobilien entdecken? <strong>Kontakt <\/strong><a href=\"https:\/\/dacasas.es\/de\/\"><strong>Dacasas.es<\/strong><\/a> f\u00fcr exklusive Angebote und professionelle Beratung! <\/p>","protected":false},"excerpt":{"rendered":"<p>Tr\u00e4umen Sie davon, ein Haus in Alicante zu kaufen? Finden Sie heraus, wie Sie sicher und erfolgreich eine Immobilie in dieser sch\u00f6nen K\u00fcstenstadt kaufen k\u00f6nnen. Alicante, die pulsierende Hauptstadt der Costa Blanca, ist einer der beliebtesten Orte in Spanien, um ein Haus zu kaufen. Ganz gleich, ob Sie ein Ferienhaus oder einen dauerhaften Wohnsitz suchen...<\/p>","protected":false},"author":2,"featured_media":0,"parent":0,"menu_order":0,"comment_status":"closed","ping_status":"closed","template":"","meta":{"footnotes":""},"class_list":["post-72359","page","type-page","status-publish","hentry"],"_links":{"self":[{"href":"https:\/\/dacasas.es\/de\/wp-json\/wp\/v2\/pages\/72359","targetHints":{"allow":["GET"]}}],"collection":[{"href":"https:\/\/dacasas.es\/de\/wp-json\/wp\/v2\/pages"}],"about":[{"href":"https:\/\/dacasas.es\/de\/wp-json\/wp\/v2\/types\/page"}],"author":[{"embeddable":true,"href":"https:\/\/dacasas.es\/de\/wp-json\/wp\/v2\/users\/2"}],"replies":[{"embeddable":true,"href":"https:\/\/dacasas.es\/de\/wp-json\/wp\/v2\/comments?post=72359"}],"version-history":[{"count":6,"href":"https:\/\/dacasas.es\/de\/wp-json\/wp\/v2\/pages\/72359\/revisions"}],"predecessor-version":[{"id":73080,"href":"https:\/\/dacasas.es\/de\/wp-json\/wp\/v2\/pages\/72359\/revisions\/73080"}],"wp:attachment":[{"href":"https:\/\/dacasas.es\/de\/wp-json\/wp\/v2\/media?parent=72359"}],"curies":[{"name":"wp","href":"https:\/\/api.w.org\/{rel}","templated":true}]}}