{"id":72357,"date":"2024-10-18T10:49:20","date_gmt":"2024-10-18T08:49:20","guid":{"rendered":"https:\/\/dacasas.es\/?page_id=72357"},"modified":"2024-11-22T12:56:23","modified_gmt":"2024-11-22T10:56:23","slug":"ein-haus-in-costa-blanca-kaufen","status":"publish","type":"page","link":"https:\/\/dacasas.es\/de\/huis-kopen-aan-de-costa-blanca\/","title":{"rendered":"Ein Haus an der Costa Blanca kaufen"},"content":{"rendered":"<figure class=\"wp-block-image size-large\"><img fetchpriority=\"high\" decoding=\"async\" width=\"1024\" height=\"768\" src=\"https:\/\/dacasas.es\/wp-content\/uploads\/2024\/11\/huis-kopen-costa-blanca-1024x768.jpg\" alt=\"Ein Haus an der Costa Blanca mit Dacasas kaufen\" class=\"wp-image-72505\" title=\"\" srcset=\"https:\/\/dacasas.es\/wp-content\/uploads\/2024\/11\/huis-kopen-costa-blanca-1024x768.jpg 1024w, https:\/\/dacasas.es\/wp-content\/uploads\/2024\/11\/huis-kopen-costa-blanca-300x225.jpg 300w, https:\/\/dacasas.es\/wp-content\/uploads\/2024\/11\/huis-kopen-costa-blanca-768x576.jpg 768w, https:\/\/dacasas.es\/wp-content\/uploads\/2024\/11\/huis-kopen-costa-blanca-150x113.jpg 150w, https:\/\/dacasas.es\/wp-content\/uploads\/2024\/11\/huis-kopen-costa-blanca-680x510.jpg 680w, https:\/\/dacasas.es\/wp-content\/uploads\/2024\/11\/huis-kopen-costa-blanca.jpg 1400w\" sizes=\"(max-width: 1024px) 100vw, 1024px\" \/><\/figure>\n\n\n\n<p>Die <a href=\"https:\/\/nl.wikipedia.org\/wiki\/Costa_Blanca\" target=\"_blank\" data-type=\"link\" data-id=\"https:\/\/nl.wikipedia.org\/wiki\/Costa_Blanca\" rel=\"noreferrer noopener\">Costa Blanca<\/a> ist eine der beliebtesten Regionen Spaniens f\u00fcr diejenigen, die einen Zweitwohnsitz, einen dauerhaften Wohnsitz oder eine intelligente Immobilieninvestition suchen. Dieser wundersch\u00f6ne K\u00fcstenstreifen, der sich von Denia im Norden bis nach Pilar de la Horadada im S\u00fcden erstreckt, bietet eine Kombination aus Sonne, Meer, Kultur und einem entspannten Lebensstil. Unter <strong>Dacasas<\/strong> wir helfen Ihnen gerne beim Kauf eines Hauses an der Costa Blanca.<\/p>\n\n\n\n<h2 class=\"wp-block-heading\"><strong>Warum die Costa Blanca?<\/strong><\/h2>\n\n\n\n<p>Die Costa Blanca bietet alles, was Sie f\u00fcr ein Leben voller Komfort und Spa\u00df brauchen. Hier sind einige der Gr\u00fcnde, warum diese Region so beliebt ist:<\/p>\n\n\n\n<ol class=\"wp-block-list\">\n<li><strong>Sonniges Klima:<\/strong> Mit mehr als 300 Sonnentagen im Jahr genie\u00dfen Sie hier ein herrliches mediterranes Klima.<\/li>\n\n\n\n<li><strong>Sch\u00f6ne Str\u00e4nde:<\/strong> Von langen Sandstr\u00e4nden bis zu versteckten Buchten ist die K\u00fcste ideal f\u00fcr Entspannung und Wassersport.<\/li>\n\n\n\n<li><strong>Authentische D\u00f6rfer:<\/strong> Entdecken Sie bezaubernde D\u00f6rfer wie Altea, Moraira und Javea, jedes mit seiner eigenen einzigartigen Atmosph\u00e4re.<\/li>\n\n\n\n<li><strong>Gute Einrichtungen:<\/strong> Die Region verf\u00fcgt \u00fcber eine hervorragende Infrastruktur, moderne Krankenh\u00e4user und ein breites Angebot an Gesch\u00e4ften, Restaurants und Schulen.<\/li>\n\n\n\n<li><strong>Zug\u00e4nglichkeit:<\/strong> Mit den internationalen Flugh\u00e4fen in Alicante und Valencia ist die Costa Blanca von ganz Europa aus leicht zu erreichen.<\/li>\n<\/ol>\n\n\n\n<h3 class=\"wp-block-heading\">Ein Haus kaufen <strong>an der Costa Blanca<\/strong> - Unser Angebot<\/h3>\n\n\n\n<p>Unter <strong>Dacasas<\/strong> wir bieten eine breite Palette von Immobilien f\u00fcr unterschiedliche Geschm\u00e4cker und Budgets. Ob Sie eine moderne Wohnung, eine Luxusvilla mit Pool oder eine traditionelle Finca im Landesinneren suchen, wir haben die perfekte Immobilie f\u00fcr Sie.<\/p>\n\n\n\n<p>Unser Portfolio umfasst:<\/p>\n\n\n\n<ul class=\"wp-block-list\">\n<li><strong>Wohnungen:<\/strong> Ideal f\u00fcr diejenigen, die in der N\u00e4he von Annehmlichkeiten und der K\u00fcste leben wollen.<\/li>\n\n\n\n<li><strong>Villen:<\/strong> Ger\u00e4umige H\u00e4user mit privaten Pools und sch\u00f6ner Aussicht.<\/li>\n\n\n\n<li><strong>Fincas:<\/strong> Authentische Landh\u00e4user, ideal f\u00fcr alle, die Ruhe und Natur lieben.<\/li>\n\n\n\n<li><strong>Neue Bauprojekte:<\/strong> Moderne H\u00e4user mit den neuesten Technologien und nachhaltigen Materialien.<\/li>\n<\/ul>\n\n\n\n<div id=\"ere_shortcode_1\"  class=\"ere_latest_properties_ajax ere_ele_property_ajax_target\"><div class=\"home-properties-section-inner-target\"><div class=\"listing-layout inspiry-shortcode\"><div class=\"list-container clearfix\">\n<article class=\"rh_list_card\">\n\n\t<div class=\"rh_list_card__wrap\">\n\n\t\t<figure class=\"rh_list_card__thumbnail\">\n            <div class=\"rh_figure_property_list_one\">\n\t\t\t\n\t\t\t<a href=\"https:\/\/dacasas.es\/de\/woning\/appartementen-las-vilas-villajoyosa\/\">\n\t\t\t\t\t\t\t\t\t\t\t\t\t\t<div class=\"post_thumbnail\" style=\"background: url('https:\/\/fakeimg.pl\/680x510?&#038;text=Dacasas') 50% 50% no-repeat; background-size: cover;\"><\/div>\n\t\t\t\t\t<!-- \/.post_thumbnail -->\n\t\t\t\t\t\t\t<\/a>\n\n\t\t\t<div class=\"rh_overlay\"><\/div>\n\t\t\t<div class=\"rh_overlay__contents rh_overlay__fadeIn-bottom\">\n\t\t\t\t<a href=\"https:\/\/dacasas.es\/de\/woning\/appartementen-las-vilas-villajoyosa\/\">Weitere Informationen<\/a>\n\t\t\t<\/div>\n\t\t\t<!-- \/.rh_overlay__contents -->\n\n\t\t\t            <\/div>\n\n            <div class=\"rh_list_card__btns\">\n\t\t\t\t            <\/div>\n\t\t\t<!-- \/.rh_list_card__btns -->\n\t\t<\/figure>\n\t\t<!-- \/.rh_list_card__thumbnail -->\n\n\t\t<div class=\"rh_list_card__details_wrap\">\n\n\t\t\t<div class=\"rh_list_card__details\">\n\n\t\t\t\t<h3>\n\t\t\t\t\t<a href=\"https:\/\/dacasas.es\/de\/woning\/appartementen-las-vilas-villajoyosa\/\">Wohnungen Villajoyosa<\/a>\n\t\t\t\t<\/h3>\n\t\t\t\t<p class=\"rh_list_card__excerpt\">Komplex mit 32 Wohnungen mit...<\/p>\n\t\t\t\t<!-- \/.rh_list_card__excerpt -->\n\n\t\t\t\t<div class=\"rh_list_card__meta_wrap\">\n\n\t\t\t\t\t\n\t\t\t\t\t\n\t\t\t\t\t\n\t\t\t\t<\/div>\n\t\t\t\t<!-- \/.rh_list_card__meta_wrap -->\n\n\t\t\t<\/div>\n\t\t\t<!-- \/.rh_list_card__details -->\n\n\t\t\t<div class=\"rh_list_card__priceLabel\">\n\n\t\t\t\t<div class=\"rh_list_card__price\">\n\t\t\t\t\t<h4 class=\"status\">\n\t\t\t\t\t\tVerkauft!\t\t\t\t\t<\/h4>\n\t\t\t\t\t<!-- \/.rh_prop_card__type -->\n\n\t\t\t\t\t<p class=\"price\">\n\t\t\t\t\t\tvon \u20ac175.000 \t\t\t\t\t<\/p>\n\t\t\t\t\t<!-- \/.price -->\n\t\t\t\t<\/div>\n\t\t\t\t<!-- \/.rh_list_card__price -->\n\n\t\t\t\t<p class=\"rh_list_card__author\">\n\t\t\t\t\tVon\t\t\t\t\t<span class=\"author\">\n\t\t\t\t\t\tDacasas\t\t\t\t\t<\/span>\n\t\t\t\t\t<!-- \/.name -->\n\t\t\t\t<\/p>\n\t\t\t\t<!-- \/.rh_list_card__author -->\n\n\t\t\t<\/div>\n\t\t\t<!-- \/.rh_list_card__priceLabel -->\n\n\t\t<\/div>\n\t\t<!-- \/.rh_list_card__details_wrap -->\n\n\t<\/div>\n\t<!-- \/.rh_list_card__wrap -->\n\n<\/article>\n<!-- \/.rh_list_card -->\n\n<article class=\"rh_list_card\">\n\n\t<div class=\"rh_list_card__wrap\">\n\n\t\t<figure class=\"rh_list_card__thumbnail\">\n            <div class=\"rh_figure_property_list_one\">\n\t\t\t\n\t\t\t<a href=\"https:\/\/dacasas.es\/de\/woning\/appartement-aan-de-haven-van-denia\/\">\n\t\t\t\t\t\t\t\t\t\t\t\t\t\t<div class=\"post_thumbnail\" style=\"background: url('https:\/\/dacasas.es\/wp-content\/uploads\/2024\/05\/Dacasas-Denia-5-488x326.jpg') 50% 50% no-repeat; background-size: cover;\"><\/div>\n\t\t\t\t\t<!-- \/.post_thumbnail -->\n\t\t\t\t\t\t\t<\/a>\n\n\t\t\t<div class=\"rh_overlay\"><\/div>\n\t\t\t<div class=\"rh_overlay__contents rh_overlay__fadeIn-bottom\">\n\t\t\t\t<a href=\"https:\/\/dacasas.es\/de\/woning\/appartement-aan-de-haven-van-denia\/\">Weitere Informationen<\/a>\n\t\t\t<\/div>\n\t\t\t<!-- \/.rh_overlay__contents -->\n\n\t\t\t            <\/div>\n\n            <div class=\"rh_list_card__btns\">\n\t\t\t\t            <\/div>\n\t\t\t<!-- \/.rh_list_card__btns -->\n\t\t<\/figure>\n\t\t<!-- \/.rh_list_card__thumbnail -->\n\n\t\t<div class=\"rh_list_card__details_wrap\">\n\n\t\t\t<div class=\"rh_list_card__details\">\n\n\t\t\t\t<h3>\n\t\t\t\t\t<a href=\"https:\/\/dacasas.es\/de\/woning\/appartement-aan-de-haven-van-denia\/\">Wohnung im Hafen von Denia<\/a>\n\t\t\t\t<\/h3>\n\t\t\t\t<p class=\"rh_list_card__excerpt\">Sch\u00f6ne Wohnung am Hafen...<\/p>\n\t\t\t\t<!-- \/.rh_list_card__excerpt -->\n\n\t\t\t\t<div class=\"rh_list_card__meta_wrap\">\n\n\t\t\t\t\t\t\t\t\t\t\t<div class=\"rh_list_card__meta\">\n\t\t\t\t\t\t\t<h4>Schlafzimmer<\/h4>\n\t\t\t\t\t\t\t<div>\n\t\t\t\t\t\t\t\t<svg class=\"rh_svg\" xmlns=\"http:\/\/www.w3.org\/2000\/svg\" width=\"24\" height=\"24\" viewbox=\"0 0 24 24\">\n  <path d=\"M1111.91,600.993h16.17a2.635,2.635,0,0,1,2.68,1.773l1.21,11.358a2.456,2.456,0,0,1-2.61,2.875h-18.73a2.46,2.46,0,0,1-2.61-2.875l1.21-11.358A2.635,2.635,0,0,1,1111.91,600.993Zm0.66-7.994h3.86c1.09,0,2.57.135,2.57,1l0.01,3.463c0.14,0.838-1.72,1.539-2.93,1.539h-4.17c-1.21,0-2.07-.7-1.92-1.539l0.37-3.139A2.146,2.146,0,0,1,1112.57,593Zm11,0h3.86a2.123,2.123,0,0,1,2.2,1.325l0.38,3.139c0.14,0.838-.72,1.539-1.93,1.539h-5.17c-1.21,0-2.07-.7-1.92-1.539L1121,594C1121,593.1,1122.48,593,1123.57,593Z\" transform=\"translate(-1108 -593)\"\/>\n<\/svg>\t\t\t\t\t\t\t\t<span class=\"figure\">2<\/span>\n\t\t\t\t\t\t\t<\/div>\n\t\t\t\t\t\t<\/div>\n\t\t\t\t\t\t<!-- \/.rh_list_card__meta -->\n\t\t\t\t\t\n\t\t\t\t\t\t\t\t\t\t\t<div class=\"rh_list_card__meta\">\n\t\t\t\t\t\t\t<h4>Badezimmer<\/h4>\n\t\t\t\t\t\t\t<div>\n\t\t\t\t\t\t\t\t<svg class=\"rh_svg\" xmlns=\"http:\/\/www.w3.org\/2000\/svg\" width=\"23.69\" height=\"24\" viewbox=\"0 0 23.69 24\">\n  <path d=\"M1204,601a8,8,0,0,1,16,0v16h-2V601a6,6,0,0,0-12,0v1h-2v-1Zm7,6a6,6,0,0,0-12,0h12Zm-6,2a1,1,0,0,1,1,1v1a1,1,0,0,1-2,0v-1A1,1,0,0,1,1205,609Zm0,5a1,1,0,0,1,1,1v1a1,1,0,0,1-2,0v-1A1,1,0,0,1,1205,614Zm4.94-5.343a1,1,0,0,1,1.28.6l0.69,0.878a1,1,0,0,1-1.88.685l-0.69-.879A1,1,0,0,1,1209.94,608.657Zm2.05,4.638a1,1,0,0,1,1.28.6l0.35,0.94a1.008,1.008,0,0,1-.6,1.282,1,1,0,0,1-1.28-.6l-0.35-.939A1.008,1.008,0,0,1,1211.99,613.295Zm-11.93-4.638a1,1,0,0,1,.6,1.282l-0.69.879a1,1,0,1,1-1.87-.682l0.68-.88A1,1,0,0,1,1200.06,608.657Zm-2.05,4.639a1,1,0,0,1,.6,1.281l-0.34.941a1,1,0,0,1-1.88-.683l0.34-.94A1,1,0,0,1,1198.01,613.3Z\" transform=\"translate(-1196.31 -593)\"\/>\n<\/svg>\n\t\t\t\t\t\t\t\t<span class=\"figure\">2<\/span>\n\t\t\t\t\t\t\t<\/div>\n\t\t\t\t\t\t<\/div>\n\t\t\t\t\t\t<!-- \/.rh_list_card__meta -->\n\t\t\t\t\t\n\t\t\t\t\t\t\t\t\t\t\t<div class=\"rh_list_card__meta\">\n\t\t\t\t\t\t\t<h4>Bereich<\/h4>\n\t\t\t\t\t\t\t<div>\n\t\t\t\t\t\t\t\t<svg class=\"rh_svg\" version=\"1.1\" xmlns=\"http:\/\/www.w3.org\/2000\/svg\" xmlns:xlink=\"http:\/\/www.w3.org\/1999\/xlink\" x=\"0px\" y=\"0px\"\n\t width=\"24px\" height=\"24px\" viewbox=\"0 0 24 24\" enable-background=\"new 0 0 24 24\" xml:space=\"preserve\">\n<g>\n\t<circle cx=\"2\" cy=\"2\" r=\"2\"\/>\n<\/g>\n<g>\n\t<circle cx=\"2\" cy=\"22\" r=\"2\"\/>\n<\/g>\n<g>\n\t<circle cx=\"22\" cy=\"2\" r=\"2\"\/>\n<\/g>\n<rect x=\"1\" y=\"1\" width=\"2\" height=\"22\"\/>\n<rect x=\"1\" y=\"1\" width=\"22\" height=\"2\"\/>\n<path opacity=\"0.5\" d=\"M23,20.277V1h-2v19.277C20.7,20.452,20.452,20.7,20.277,21H1v2h19.277c0.347,0.596,0.984,1,1.723,1\tc1.104,0,2-0.896,2-2C24,21.262,23.596,20.624,23,20.277z\"\/>\n<\/svg>\n\t\t\t\t\t\t\t\t<span class=\"figure\">\n\t\t\t\t\t\t\t\t\t80\t\t\t\t\t\t\t\t<\/span>\n\t\t\t\t\t\t\t\t\t\t\t\t\t\t\t\t\t<span class=\"label\">\n\t\t\t\t\t\t\t\t\t\tm\u00b2\t\t\t\t\t\t\t\t\t<\/span>\n\t\t\t\t\t\t\t\t\t\t\t\t\t\t\t<\/div>\n\t\t\t\t\t\t<\/div>\n\t\t\t\t\t\t<!-- \/.rh_list_card__meta -->\n\t\t\t\t\t\n\t\t\t\t<\/div>\n\t\t\t\t<!-- \/.rh_list_card__meta_wrap -->\n\n\t\t\t<\/div>\n\t\t\t<!-- \/.rh_list_card__details -->\n\n\t\t\t<div class=\"rh_list_card__priceLabel\">\n\n\t\t\t\t<div class=\"rh_list_card__price\">\n\t\t\t\t\t<h4 class=\"status\">\n\t\t\t\t\t\tVerkauft!\t\t\t\t\t<\/h4>\n\t\t\t\t\t<!-- \/.rh_prop_card__type -->\n\n\t\t\t\t\t<p class=\"price\">\n\t\t\t\t\t\t \u20ac183.000 \t\t\t\t\t<\/p>\n\t\t\t\t\t<!-- \/.price -->\n\t\t\t\t<\/div>\n\t\t\t\t<!-- \/.rh_list_card__price -->\n\n\t\t\t\t<p class=\"rh_list_card__author\">\n\t\t\t\t\tVon\t\t\t\t\t<span class=\"author\">\n\t\t\t\t\t\tDacasas\t\t\t\t\t<\/span>\n\t\t\t\t\t<!-- \/.name -->\n\t\t\t\t<\/p>\n\t\t\t\t<!-- \/.rh_list_card__author -->\n\n\t\t\t<\/div>\n\t\t\t<!-- \/.rh_list_card__priceLabel -->\n\n\t\t<\/div>\n\t\t<!-- \/.rh_list_card__details_wrap -->\n\n\t<\/div>\n\t<!-- \/.rh_list_card__wrap -->\n\n<\/article>\n<!-- \/.rh_list_card -->\n\n<article class=\"rh_list_card\">\n\n\t<div class=\"rh_list_card__wrap\">\n\n\t\t<figure class=\"rh_list_card__thumbnail\">\n            <div class=\"rh_figure_property_list_one\">\n\t\t\t\n\t\t\t<a href=\"https:\/\/dacasas.es\/de\/woning\/half-open-bebouwing-els-poblets\/\">\n\t\t\t\t\t\t\t\t\t\t\t\t\t\t<div class=\"post_thumbnail\" style=\"background: url('https:\/\/dacasas.es\/wp-content\/uploads\/2023\/09\/Dacasas-Denia-sold-488x326.jpg') 50% 50% no-repeat; background-size: cover;\"><\/div>\n\t\t\t\t\t<!-- \/.post_thumbnail -->\n\t\t\t\t\t\t\t<\/a>\n\n\t\t\t<div class=\"rh_overlay\"><\/div>\n\t\t\t<div class=\"rh_overlay__contents rh_overlay__fadeIn-bottom\">\n\t\t\t\t<a href=\"https:\/\/dacasas.es\/de\/woning\/half-open-bebouwing-els-poblets\/\">Weitere Informationen<\/a>\n\t\t\t<\/div>\n\t\t\t<!-- \/.rh_overlay__contents -->\n\n\t\t\t            <span style=\"background: #dd3333\"                  class='property-label'>Ausverkauft!<\/span>\n\t\t\t            <\/div>\n\n            <div class=\"rh_list_card__btns\">\n\t\t\t\t            <\/div>\n\t\t\t<!-- \/.rh_list_card__btns -->\n\t\t<\/figure>\n\t\t<!-- \/.rh_list_card__thumbnail -->\n\n\t\t<div class=\"rh_list_card__details_wrap\">\n\n\t\t\t<div class=\"rh_list_card__details\">\n\n\t\t\t\t<h3>\n\t\t\t\t\t<a href=\"https:\/\/dacasas.es\/de\/woning\/half-open-bebouwing-els-poblets\/\">Halboffene Bebauung Els Poblets<\/a>\n\t\t\t\t<\/h3>\n\t\t\t\t<p class=\"rh_list_card__excerpt\">Wohnanlage mit 15 Doppelhaush\u00e4lften und...<\/p>\n\t\t\t\t<!-- \/.rh_list_card__excerpt -->\n\n\t\t\t\t<div class=\"rh_list_card__meta_wrap\">\n\n\t\t\t\t\t\n\t\t\t\t\t\n\t\t\t\t\t\n\t\t\t\t<\/div>\n\t\t\t\t<!-- \/.rh_list_card__meta_wrap -->\n\n\t\t\t<\/div>\n\t\t\t<!-- \/.rh_list_card__details -->\n\n\t\t\t<div class=\"rh_list_card__priceLabel\">\n\n\t\t\t\t<div class=\"rh_list_card__price\">\n\t\t\t\t\t<h4 class=\"status\">\n\t\t\t\t\t\tZu verkaufen\t\t\t\t\t<\/h4>\n\t\t\t\t\t<!-- \/.rh_prop_card__type -->\n\n\t\t\t\t\t<p class=\"price\">\n\t\t\t\t\t\tab \u20ac199.000 \t\t\t\t\t<\/p>\n\t\t\t\t\t<!-- \/.price -->\n\t\t\t\t<\/div>\n\t\t\t\t<!-- \/.rh_list_card__price -->\n\n\t\t\t\t<p class=\"rh_list_card__author\">\n\t\t\t\t\tVon\t\t\t\t\t<span class=\"author\">\n\t\t\t\t\t\tDacasas\t\t\t\t\t<\/span>\n\t\t\t\t\t<!-- \/.name -->\n\t\t\t\t<\/p>\n\t\t\t\t<!-- \/.rh_list_card__author -->\n\n\t\t\t<\/div>\n\t\t\t<!-- \/.rh_list_card__priceLabel -->\n\n\t\t<\/div>\n\t\t<!-- \/.rh_list_card__details_wrap -->\n\n\t<\/div>\n\t<!-- \/.rh_list_card__wrap -->\n\n<\/article>\n<!-- \/.rh_list_card -->\n<\/div><\/div><div class='ere_pagination_wrapper'><div class='pagination ere-pagination-clean'><a href=\"https:\/\/dacasas.es\/de\/wp-json\/wp\/v2\/pages\/72357\/\" class=\"real-btn current\">1<\/a> <a href=\"https:\/\/dacasas.es\/de\/wp-json\/wp\/v2\/pages\/72357\/page\/2\/\" class=\"real-btn\">2<\/a> <a href=\"https:\/\/dacasas.es\/de\/wp-json\/wp\/v2\/pages\/72357\/page\/3\/\" class=\"real-btn\">3<\/a> <a href=\"https:\/\/dacasas.es\/de\/wp-json\/wp\/v2\/pages\/72357\/page\/4\/\" class=\"real-btn\">4<\/a> <a href=\"https:\/\/dacasas.es\/de\/wp-json\/wp\/v2\/pages\/72357\/page\/2\/\" class=\"real-btn\">Weiter <\/a> <a href=\"https:\/\/dacasas.es\/de\/wp-json\/wp\/v2\/pages\/72357\/page\/44\/\" class=\"real-btn\">Letzte <\/a> <\/div><\/div><\/div><\/div>\n\n\n\n<h3 class=\"wp-block-heading\"><strong>Wo an der Costa Blanca w\u00fcrden Sie gerne leben?<\/strong><\/h3>\n\n\n\n<p>Die Costa Blanca bietet eine Vielfalt von Wohnorten, jeder mit seinem eigenen Charme:<\/p>\n\n\n\n<ul class=\"wp-block-list\">\n<li><strong>Costa Blanca Nord:<\/strong> St\u00e4dte wie Denia, Javea und Altea sind ideal f\u00fcr alle, die die Natur und authentische spanische D\u00f6rfer lieben. Diese Region ist bekannt f\u00fcr ihre gr\u00fcnen H\u00fcgel, Klippen und ruhigen Buchten.<\/li>\n\n\n\n<li><strong>Costa Blanca S\u00fcd:<\/strong> St\u00e4dte wie Torrevieja, Orihuela Costa und Guardamar del Segura bieten lange Sandstr\u00e4nde und eine lebhafte Atmosph\u00e4re.<\/li>\n\n\n\n<li><strong>Zentrale Costa Blanca:<\/strong> Alicante und Benidorm verbinden st\u00e4dtische Annehmlichkeiten mit dem Zugang zu Str\u00e4nden und Natur.<\/li>\n<\/ul>\n\n\n\n<h3 class=\"wp-block-heading\"><strong>Warum \u00fcber Dacasas kaufen?<\/strong><\/h3>\n\n\n\n<p>Ein Haus im Ausland zu kaufen kann \u00fcberw\u00e4ltigend sein, aber mit <strong>Dacasas<\/strong> als Ihr Partner, brauchen Sie sich keine Sorgen zu machen. Wir bieten:<\/p>\n\n\n\n<ul class=\"wp-block-list\">\n<li><strong>Pers\u00f6nliche Beratung:<\/strong> Von der ersten Besichtigung bis zur Schl\u00fcssel\u00fcbergabe sind wir an Ihrer Seite.<\/li>\n\n\n\n<li><strong>Lokales Fachwissen:<\/strong> Wir kennen die Costa Blanca in- und auswendig und k\u00f6nnen Sie \u00fcber die besten Standorte und Immobilien beraten.<\/li>\n\n\n\n<li><strong>Transparenz:<\/strong> Wir stellen sicher, dass Sie \u00fcber alle Schritte des Kaufprozesses umfassend informiert sind.<\/li>\n\n\n\n<li><strong>Rechtliche und finanzielle Unterst\u00fctzung:<\/strong> Unser Team arbeitet mit vertrauensw\u00fcrdigen Anw\u00e4lten und Banken zusammen, um Ihren Kauf reibungslos zu gestalten.<\/li>\n<\/ul>\n\n\n\n<h3 class=\"wp-block-heading\"><strong>Der Weg zu Ihrem Traumhaus<\/strong><\/h3>\n\n\n\n<p>Bei Dacasas gestalten wir den Prozess einfach und stressfrei:<\/p>\n\n\n\n<ol class=\"wp-block-list\">\n<li><strong>Einleitung:<\/strong> Wir besprechen mit Ihnen Ihre Bed\u00fcrfnisse und Ihr Budget, um eine Auswahl geeigneter Immobilien zusammenzustellen.<\/li>\n\n\n\n<li><strong>Besichtigungen:<\/strong> Planen Sie einen Besuch an der Costa Blanca und wir werden Besichtigungen der Immobilien arrangieren, die Ihr Interesse wecken.<\/li>\n\n\n\n<li><strong>Unterst\u00fctzung beim Kauf:<\/strong> Wir begleiten Sie bei den Preisverhandlungen, den rechtlichen Formalit\u00e4ten und der \u00dcbertragung der Immobilie.<\/li>\n\n\n\n<li><strong>Nachsorge:<\/strong> Auch nach dem Kauf stehen wir Ihnen mit Rat und Tat zur Seite, zum Beispiel bei der Vermietung oder Wartung.<\/li>\n<\/ol>\n\n\n\n<p><strong>Tipps f\u00fcr K\u00e4ufer an der Costa Blanca<\/strong><\/p>\n\n\n\n<ol class=\"wp-block-list\">\n<li><strong>Bestimmen Sie Ihr Budget:<\/strong> Ber\u00fccksichtigen Sie zus\u00e4tzliche Kosten wie Steuern, Notargeb\u00fchren und Unterhalt.<\/li>\n\n\n\n<li><strong>Erkunden Sie die Umgebung:<\/strong> Besuchen Sie verschiedene D\u00f6rfer und St\u00e4dte, um herauszufinden, welche am besten zu Ihrem Lebensstil passt.<\/li>\n\n\n\n<li><strong>Lassen Sie sich f\u00fchren:<\/strong> Beauftragen Sie einen lokalen Experten wie Dacasas, damit Sie keine wichtigen Details \u00fcbersehen.<\/li>\n<\/ol>\n\n\n\n<h3 class=\"wp-block-heading\"><strong>Ansprechpartner Dacasas<\/strong><\/h3>\n\n\n\n<p>Sind Sie bereit, Ihr Traumhaus an der Costa Blanca zu finden? Kontaktieren Sie uns noch heute \u00fcber <a href=\"https:\/\/dacasas.es\/de\/\">Dacasas.es<\/a> und finden Sie heraus, wie wir Ihnen helfen k\u00f6nnen. Ganz gleich, ob Sie ein Ferienhaus, ein dauerhaftes Zuhause oder eine Investition suchen, wir machen den Prozess einfach und angenehm.<\/p>\n\n\n\n<p><em>Dacasas - Ihr Partner bei der Suche nach einem Haus an der Costa Blanca.<\/em><\/p>","protected":false},"excerpt":{"rendered":"<p>Die Costa Blanca ist eine der beliebtesten Regionen Spaniens f\u00fcr diejenigen, die einen Zweitwohnsitz, einen dauerhaften Wohnsitz oder eine intelligente Immobilieninvestition suchen. Dieser wundersch\u00f6ne K\u00fcstenstreifen, der sich von Denia im Norden bis nach Pilar de la Horadada im S\u00fcden erstreckt, bietet eine Kombination aus Sonne, Meer, Kultur und...<\/p>","protected":false},"author":2,"featured_media":0,"parent":0,"menu_order":0,"comment_status":"closed","ping_status":"closed","template":"","meta":{"footnotes":""},"class_list":["post-72357","page","type-page","status-publish","hentry"],"_links":{"self":[{"href":"https:\/\/dacasas.es\/de\/wp-json\/wp\/v2\/pages\/72357","targetHints":{"allow":["GET"]}}],"collection":[{"href":"https:\/\/dacasas.es\/de\/wp-json\/wp\/v2\/pages"}],"about":[{"href":"https:\/\/dacasas.es\/de\/wp-json\/wp\/v2\/types\/page"}],"author":[{"embeddable":true,"href":"https:\/\/dacasas.es\/de\/wp-json\/wp\/v2\/users\/2"}],"replies":[{"embeddable":true,"href":"https:\/\/dacasas.es\/de\/wp-json\/wp\/v2\/comments?post=72357"}],"version-history":[{"count":8,"href":"https:\/\/dacasas.es\/de\/wp-json\/wp\/v2\/pages\/72357\/revisions"}],"predecessor-version":[{"id":72513,"href":"https:\/\/dacasas.es\/de\/wp-json\/wp\/v2\/pages\/72357\/revisions\/72513"}],"wp:attachment":[{"href":"https:\/\/dacasas.es\/de\/wp-json\/wp\/v2\/media?parent=72357"}],"curies":[{"name":"wp","href":"https:\/\/api.w.org\/{rel}","templated":true}]}}