{"id":72351,"date":"2024-10-18T10:47:53","date_gmt":"2024-10-18T08:47:53","guid":{"rendered":"https:\/\/dacasas.es\/?page_id=72351"},"modified":"2025-02-10T14:30:39","modified_gmt":"2025-02-10T12:30:39","slug":"wie-man-ein-haus-in-spanien-kauft","status":"publish","type":"page","link":"https:\/\/dacasas.es\/de\/hoe-huis-kopen-spanje\/","title":{"rendered":"Wie man ein Haus in Spanien kauft"},"content":{"rendered":"<figure class=\"wp-block-image size-large\"><img fetchpriority=\"high\" decoding=\"async\" width=\"1024\" height=\"576\" src=\"https:\/\/dacasas.es\/wp-content\/uploads\/2025\/02\/Hoe-huis-kopen-Spanje-1024x576.jpg\" alt=\"Wie kann man ein Haus in Spanien kaufen? Wo soll man anfangen? Wir helfen Ihnen!\" class=\"wp-image-72781\" title=\"\" srcset=\"https:\/\/dacasas.es\/wp-content\/uploads\/2025\/02\/Hoe-huis-kopen-Spanje-1024x576.jpg 1024w, https:\/\/dacasas.es\/wp-content\/uploads\/2025\/02\/Hoe-huis-kopen-Spanje-300x169.jpg 300w, https:\/\/dacasas.es\/wp-content\/uploads\/2025\/02\/Hoe-huis-kopen-Spanje-768x432.jpg 768w, https:\/\/dacasas.es\/wp-content\/uploads\/2025\/02\/Hoe-huis-kopen-Spanje-1536x864.jpg 1536w, https:\/\/dacasas.es\/wp-content\/uploads\/2025\/02\/Hoe-huis-kopen-Spanje-150x84.jpg 150w, https:\/\/dacasas.es\/wp-content\/uploads\/2025\/02\/Hoe-huis-kopen-Spanje.jpg 2000w\" sizes=\"(max-width: 1024px) 100vw, 1024px\" \/><figcaption class=\"wp-element-caption\">Standard<\/figcaption><\/figure>\n\n\n\n<p><strong><strong>Tr\u00e4umen Sie davon, ein eigenes Haus in Spanien zu besitzen? Dann fragen Sie sich bestimmt laut, wie Sie ein Haus in Spanien kaufen k\u00f6nnen?<\/strong><\/strong><\/p>\n\n\n\n<p>A <strong>ein Haus in Spanien kaufen<\/strong> ist ein spannender Prozess, der aber auch Herausforderungen mit sich bringt. Ob Sie ein <strong>Ferienhaus, Anlageobjekt oder st\u00e4ndiger Wohnsitz<\/strong> Durchsuchungen, ist es wichtig, gut vorbereitet zu sein.<\/p>\n\n\n\n<p>In diesem umfassenden Leitfaden erkl\u00e4ren wir Ihnen Schritt f\u00fcr Schritt, wie Sie ein Haus in Spanien kaufen, worauf Sie achten m\u00fcssen und wie Sie h\u00e4ufige Fehler vermeiden.<\/p>\n\n\n\n<h2 class=\"wp-block-heading\"><strong><strong>Warum ein Haus in Spanien kaufen?<\/strong><\/strong><\/h2>\n\n\n\n<p>Spanien ist eines der beliebtesten L\u00e4nder f\u00fcr ausl\u00e4ndische Immobilienk\u00e4ufer, und das aus gutem Grund:<\/p>\n\n\n\n<h3 class=\"wp-block-heading\"><strong>Vorteile beim Kauf eines Hauses in Spanien:<\/strong><\/h3>\n\n\n\n<ol class=\"wp-block-list\">\n<li><strong>Mildes Klima<\/strong>Mehr als 300 Sonnentage im Jahr.<\/li>\n\n\n\n<li><strong>Erschwinglicher Wohnraum<\/strong>: Niedrigere Preise als in vielen anderen europ\u00e4ischen L\u00e4ndern.<\/li>\n\n\n\n<li><strong>Attraktiver Lebensstil<\/strong>Leckeres Essen, sch\u00f6ne Str\u00e4nde und eine entspannte Atmosph\u00e4re.<\/li>\n\n\n\n<li><strong>Gute Investition<\/strong>Hohe Nachfrage nach Mietwohnungen und steigende Immobilienpreise.<\/li>\n<\/ol>\n\n\n\n<p>Ob Sie eine <strong>eine Wohnung an der Costa Blanca, eine Villa auf Mallorca oder eine Finca in Andalusien<\/strong> Bei der Suche unterscheidet sich der Kaufprozess in Spanien leicht von dem in den Niederlanden oder Belgien.<\/p>\n\n\n\n<h3 class=\"wp-block-heading\"><strong>Fahrplan: Wie kaufe ich ein Haus in Spanien?<\/strong><\/h3>\n\n\n\n<p><strong>1. Bestimmen Sie Ihr Budget und Ihre Finanzierung<\/strong><\/p>\n\n\n\n<p>Vor der Suche ist es wichtig, dass Sie Ihre <strong>Haushalt<\/strong> bestimmen. Ber\u00fccksichtigen Sie zus\u00e4tzliche Kosten wie z. B.:<\/p>\n\n\n\n<ul class=\"wp-block-list\">\n<li><strong>\u00dcbertragungssteuer<\/strong> (6-10%)<\/li>\n\n\n\n<li><strong>Notargeb\u00fchren und Gerichtskosten<\/strong> (1-3%)<\/li>\n\n\n\n<li><strong>Hypothekenberatung und Bankgeb\u00fchren<\/strong> (1-2%)<\/li>\n<\/ul>\n\n\n\n<p>Wenn Sie eine Hypothek ben\u00f6tigen, k\u00f6nnen Sie diese \u00fcber eine spanische Bank oder einen internationalen Hypothekarkreditgeber aufnehmen. Im Allgemeinen k\u00f6nnen Sie <strong>Finanzierung von bis zu 70% des Immobilienwerts<\/strong> als Nichtans\u00e4ssiger.<\/p>\n\n\n\n<p><strong>2. W\u00e4hlen Sie den richtigen Standort<\/strong><\/p>\n\n\n\n<p>Die Wahl des Standorts h\u00e4ngt von Ihren Zielen ab:<\/p>\n\n\n\n<ul class=\"wp-block-list\">\n<li><strong>Ferienhaus<\/strong>Beliebte Regionen wie die <a href=\"https:\/\/nl.wikipedia.org\/wiki\/Costa_Blanca\" target=\"_blank\" rel=\"noreferrer noopener\"><em>Costa Blanca<\/em><\/a> sind f\u00fcr Urlauber attraktiv.<\/li>\n\n\n\n<li><strong>St\u00e4ndiger Wohnsitz<\/strong>St\u00e4dte wie <a href=\"https:\/\/dacasas.es\/de\/hausstandort\/alicante\/\" data-type=\"property-city\" data-id=\"113\"><em>Alicante<\/em><\/a>, <a href=\"https:\/\/dacasas.es\/de\/hausstandort\/denia\/\" data-type=\"property-city\" data-id=\"79\"><em>Denia<\/em><\/a>und <a href=\"https:\/\/dacasas.es\/de\/hausstandort\/javea\/\" data-type=\"property-city\" data-id=\"109\"><em>Javea<\/em><\/a> eine hohe Lebensqualit\u00e4t bieten.<\/li>\n\n\n\n<li><strong>Investition<\/strong>Suchen Sie nach Gegenden mit hohen Mietpreisen, wie z. B. touristische K\u00fcstenst\u00e4dte oder St\u00e4dte mit Expats.<\/li>\n<\/ul>\n\n\n\n<p><strong>3. Finden Sie einen zuverl\u00e4ssigen Immobilienmakler<\/strong><\/p>\n\n\n\n<p>A <strong>guter lokaler Immobilienmakler<\/strong> kennt den Markt und hilft Ihnen, Fallstricke zu vermeiden. W\u00e4hlen Sie einen Makler, der:<\/p>\n\n\n\n<p>\u2714 <strong>ist zweisprachig (Niederl\u00e4ndisch\/Spanisch)<\/strong><\/p>\n\n\n\n<p>\u2714 <strong>Hat Erfahrung mit ausl\u00e4ndischen K\u00e4ufern<\/strong><\/p>\n\n\n\n<p>\u2714 <strong>ist transparent in Bezug auf Kosten und Verfahren<\/strong><\/p>\n\n\n\n<p>Vermeiden Sie Makler, die keine klaren Preise nennen oder auf eine schnelle Entscheidung dr\u00e4ngen.<br>Mit Dacasas an Ihrer Seite k\u00f6nnen Sie diese Aufgabe nat\u00fcrlich schon abhaken ;). <\/p>\n\n\n\n<p><strong>4. Besichtigen Sie Immobilien und recherchieren Sie den Markt<\/strong><\/p>\n\n\n\n<p>Plan <strong>Besichtigungen<\/strong> und nehmen Sie sich die Zeit, die Umgebung und den Zustand der Immobilie genau unter die Lupe zu nehmen. Pr\u00fcfen:<\/p>\n\n\n\n<ul class=\"wp-block-list\">\n<li> <strong>Architektonischer Zustand<\/strong>: Gibt es versteckte M\u00e4ngel?<\/li>\n\n\n\n<li><strong>Grundst\u00fcckspapiere<\/strong>Ist die Immobilie korrekt im Grundbuch eingetragen?<\/li>\n\n\n\n<li><strong>Lizenzen<\/strong>Besonders wichtig bei Fincas und Landh\u00e4usern.<\/li>\n<\/ul>\n\n\n\n<p><strong>5. Verhandeln und ein Angebot machen<\/strong><\/p>\n\n\n\n<p>Haben Sie eine geeignete Immobilie gefunden? Dann k\u00f6nnen Sie ein Angebot machen. In Spanien wird viel verhandelt. Bitten Sie Ihren Makler, Ihnen ein realistisches Angebot zu machen:<\/p>\n\n\n\n<ul class=\"wp-block-list\">\n<li>Der Angebotspreis im Vergleich zu den j\u00fcngsten Verkaufspreisen in der Region.<\/li>\n\n\n\n<li>Etwaige M\u00e4ngel, die den Preis mindern k\u00f6nnen.<\/li>\n\n\n\n<li>Zus\u00e4tzliche Bedingungen, wie M\u00f6bel oder Renovierungen.<\/li>\n<\/ul>\n\n\n\n<p><strong>6. Reservieren Sie die Immobilie mit einer Anzahlung<\/strong><\/p>\n\n\n\n<p>Wenn Sie zustimmen, unterzeichnen Sie einen <strong>Reservierungsvertrag (Contrato de Reserva)<\/strong> und Sie zahlen einen Vorschuss, normalerweise <strong>\u20ac3.000 - \u20ac6.000<\/strong>. Dadurch wird sichergestellt, dass die Immobilie vom Markt genommen wird.<\/p>\n\n\n\n<p>Hinweis: Sie verlieren diesen Betrag, wenn Sie vom Verkauf zur\u00fccktreten!<\/p>\n\n\n\n<p><strong>7. Beauftragen Sie einen Anwalt mit der rechtlichen Pr\u00fcfung<\/strong><\/p>\n\n\n\n<p>Ein spanischer Rechtsanwalt (<strong>abogado<\/strong>) pr\u00fcft:<\/p>\n\n\n\n<p>\u2714 <strong>Eigentumsurkunde und Schulden auf der Immobilie<\/strong><\/p>\n\n\n\n<p>\u2714 <strong>St\u00e4dtebaulicher Status und Genehmigungen<\/strong><\/p>\n\n\n\n<p>\u2714 <strong>Hypothekarkosten und etwaige Pf\u00e4ndungen<\/strong><\/p>\n\n\n\n<p>Wenn alles in Ordnung ist, unterzeichnen Sie eine <strong>Vorl\u00e4ufiger Kaufvertrag (Contrato de Arras)<\/strong> und Sie zahlen normalerweise <strong>10% Anzahlung<\/strong>.<\/p>\n\n\n\n<p><strong>8. Abschluss beim Notar<\/strong><\/p>\n\n\n\n<p>Der letzte Schritt ist die Unterzeichnung der <strong>escritura p\u00fablica (offizielle Verkaufsurkunde)<\/strong> beim Notar. Dies geschieht in der Regel <strong>innerhalb von 4-8 Wochen<\/strong> nach Unterzeichnung des Vorvertrags.<\/p>\n\n\n\n<p><strong>Beim Notar zahlen Sie den Restkaufpreis und erhalten die Schl\u00fcssel.<\/strong><\/p>\n\n\n\n<p><strong>9. Registrierung von Eigentum und Versorgungsleistungen<\/strong><\/p>\n\n\n\n<p>Nach der \u00dcbertragung muss die Immobilie im Handelsregister eingetragen werden. <strong>Grundbuchamt (Registro de la Propiedad)<\/strong> und auf Ihren Namen \u00fcbertragen werden. Vergessen Sie das nicht:<\/p>\n\n\n\n<ul class=\"wp-block-list\">\n<li><strong>Die Vertr\u00e4ge f\u00fcr Wasser, Strom und Internet sollen \u00fcbertragen werden.<\/strong><\/li>\n\n\n\n<li><strong>IBI (lokale Grundsteuer) zu begleichen.<\/strong><\/li>\n\n\n\n<li><strong>Jede Mietlizenz, die Sie beantragen m\u00fcssen, wenn Sie vermieten wollen.<\/strong><\/li>\n<\/ul>\n\n\n\n<h3 class=\"wp-block-heading\"><strong>H\u00e4ufige Fehler beim Kauf eines Hauses in Spanien<\/strong><\/h3>\n\n\n\n<ul class=\"wp-block-list\">\n<li><strong>Einkaufen ohne rechtliche Kontrolle<\/strong>: Lassen Sie die Papiere immer von einem Anwalt pr\u00fcfen.<\/li>\n\n\n\n<li><strong>Fehlen eines realistischen Budgets<\/strong>Bitte beachten Sie die zus\u00e4tzlichen Kosten.<\/li>\n\n\n\n<li><strong>Unerwartete Renovierungskosten<\/strong>Besorgen Sie sich ein Geb\u00e4udegutachten.<\/li>\n\n\n\n<li><strong>Kauf einer Immobilie ohne Genehmigung<\/strong>Einige H\u00e4user haben illegale Anbauten.<\/li>\n<\/ul>\n\n\n\n<p><strong>Kauf eines Hauses in Spanien: Kosten und Steuern<\/strong><\/p>\n\n\n\n<p>Wenn Sie eine Immobilie in Spanien kaufen, m\u00fcssen Sie verschiedene Steuern und Kosten ber\u00fccksichtigen:<\/p>\n\n\n\n<ul class=\"wp-block-list\">\n<li><strong>\u00dcbertragungssteuer (ITP):<\/strong> 6-10% (je nach Region)<\/li>\n\n\n\n<li><strong>Notar- und Registrierungsgeb\u00fchren:<\/strong> 1-3%<\/li>\n\n\n\n<li><strong>Gerichtskosten:<\/strong> 1-2%<\/li>\n\n\n\n<li><strong>Maklergeb\u00fchren:<\/strong> H\u00e4ufig vom Verk\u00e4ufer bezahlt<\/li>\n\n\n\n<li><strong>Geb\u00fchren f\u00fcr die Einrichtung der Hypothek:<\/strong> 1-2% (falls zutreffend)<\/li>\n<\/ul>\n\n\n\n<h4 class=\"wp-block-heading\"><strong>H\u00e4ufig gestellte Fragen zum Kauf eines Hauses in Spanien<\/strong><\/h4>\n\n\n\n<p><strong>Kann ich in Spanien ein Haus kaufen, ohne einen Wohnsitz zu haben?<\/strong><\/p>\n\n\n\n<p>Ja, Sie k\u00f6nnen als Ausl\u00e4nder ohne Probleme ein Haus in Spanien kaufen. Sie brauchen eine <strong>NIE-Nummer<\/strong> (N\u00famero de Identificaci\u00f3n de Extranjero), die f\u00fcr die offizielle Registrierung erforderlich ist.<\/p>\n\n\n\n<p><strong>Kann ich als Ausl\u00e4nder eine Hypothek aufnehmen?<\/strong><\/p>\n\n\n\n<p>Ja, spanische Banken bieten Ausl\u00e4ndern Hypotheken an, meist bis zu <strong>70% des Hauswertes<\/strong>.<\/p>\n\n\n\n<p><strong>Kann ich in Spanien ein Haus ohne einen Immobilienmakler kaufen?<\/strong><\/p>\n\n\n\n<p>Ja, aber ein Makler hilft Ihnen, Fallstricke zu vermeiden und den richtigen Preis auszuhandeln.<\/p>\n\n\n\n<p><strong>Ist der Kauf eines Hauses in Spanien eine gute Investition?<\/strong><\/p>\n\n\n\n<p>Ja, vor allem in beliebten Gebieten wie der Costa Blanca, der Costa del Sol und den Balearen. Die Immobilienpreise steigen und die Vermietungen sind lukrativ.<\/p>\n\n\n\n<h3 class=\"wp-block-heading\"><strong>Fazit - Ihr Traumhaus in Spanien kaufen? Beginnen Sie hier!<\/strong><\/h3>\n\n\n\n<p>Der Kauf eines Hauses in Spanien ist eine gro\u00dfartige Sache, vorausgesetzt, Sie sind gut vorbereitet. Folgen Sie uns <strong>Stra\u00dfenkarte<\/strong>arbeiten Sie mit vertrauensw\u00fcrdigen Fachleuten zusammen und treffen Sie eine fundierte Entscheidung.<\/p>\n\n\n\n<p>Neugierig auf die besten Eigenschaften? <strong>Kontakt <\/strong><a href=\"https:\/\/dacasas.es\/de\/\"><strong>Dacasas.es<\/strong><\/a><strong> F\u00fcr pers\u00f6nliche Beratung und ein ma\u00dfgeschneidertes Angebot!<\/strong> <\/p>","protected":false},"excerpt":{"rendered":"<p>Tr\u00e4umen Sie davon, ein eigenes Haus in Spanien zu besitzen? Dann fragen Sie sich bestimmt laut, wie Sie ein Haus in Spanien kaufen k\u00f6nnen? Ein Haus in Spanien zu kaufen ist ein aufregender Prozess, der aber auch mit Herausforderungen verbunden ist. Ob Sie nun ein Ferienhaus, eine Anlageimmobilie oder ein dauerhaftes Zuhause suchen, es ist wichtig, gut vorbereitet zu sein...<\/p>","protected":false},"author":2,"featured_media":72781,"parent":0,"menu_order":0,"comment_status":"closed","ping_status":"closed","template":"","meta":{"footnotes":""},"class_list":["post-72351","page","type-page","status-publish","has-post-thumbnail","hentry"],"_links":{"self":[{"href":"https:\/\/dacasas.es\/de\/wp-json\/wp\/v2\/pages\/72351","targetHints":{"allow":["GET"]}}],"collection":[{"href":"https:\/\/dacasas.es\/de\/wp-json\/wp\/v2\/pages"}],"about":[{"href":"https:\/\/dacasas.es\/de\/wp-json\/wp\/v2\/types\/page"}],"author":[{"embeddable":true,"href":"https:\/\/dacasas.es\/de\/wp-json\/wp\/v2\/users\/2"}],"replies":[{"embeddable":true,"href":"https:\/\/dacasas.es\/de\/wp-json\/wp\/v2\/comments?post=72351"}],"version-history":[{"count":8,"href":"https:\/\/dacasas.es\/de\/wp-json\/wp\/v2\/pages\/72351\/revisions"}],"predecessor-version":[{"id":72792,"href":"https:\/\/dacasas.es\/de\/wp-json\/wp\/v2\/pages\/72351\/revisions\/72792"}],"wp:featuredmedia":[{"embeddable":true,"href":"https:\/\/dacasas.es\/de\/wp-json\/wp\/v2\/media\/72781"}],"wp:attachment":[{"href":"https:\/\/dacasas.es\/de\/wp-json\/wp\/v2\/media?parent=72351"}],"curies":[{"name":"wp","href":"https:\/\/api.w.org\/{rel}","templated":true}]}}