{"id":72343,"date":"2024-10-18T10:47:13","date_gmt":"2024-10-18T08:47:13","guid":{"rendered":"https:\/\/dacasas.es\/?page_id=72343"},"modified":"2025-02-10T16:45:16","modified_gmt":"2025-02-10T14:45:16","slug":"costa-blanca-anlagen","status":"publish","type":"page","link":"https:\/\/dacasas.es\/de\/costa-blanca-investments\/","title":{"rendered":"Investitionen an der Costa Blanca"},"content":{"rendered":"<figure class=\"wp-block-image size-large\"><img fetchpriority=\"high\" decoding=\"async\" width=\"1024\" height=\"595\" src=\"https:\/\/dacasas.es\/wp-content\/uploads\/2025\/02\/denia-huizen-te-koop-1024x595.jpg\" alt=\"Zu verkaufende H\u00e4user in Denia, wie auf dieser Zeichnung aus einem neuen Plan f\u00fcr H\u00e4user in Denia\" class=\"wp-image-72771\" title=\"\" srcset=\"https:\/\/dacasas.es\/wp-content\/uploads\/2025\/02\/denia-huizen-te-koop-1024x595.jpg 1024w, https:\/\/dacasas.es\/wp-content\/uploads\/2025\/02\/denia-huizen-te-koop-300x174.jpg 300w, https:\/\/dacasas.es\/wp-content\/uploads\/2025\/02\/denia-huizen-te-koop-768x446.jpg 768w, https:\/\/dacasas.es\/wp-content\/uploads\/2025\/02\/denia-huizen-te-koop-150x87.jpg 150w, https:\/\/dacasas.es\/wp-content\/uploads\/2025\/02\/denia-huizen-te-koop.jpg 1240w\" sizes=\"(max-width: 1024px) 100vw, 1024px\" \/><figcaption class=\"wp-element-caption\">Denia H\u00e4user zum Verkauf<\/figcaption><\/figure>\n\n\n\n<h2 class=\"wp-block-heading\"><strong><strong>Klug investieren in spanische Immobilien<\/strong><\/strong><\/h2>\n\n\n\n<h4 class=\"wp-block-heading\"><strong>Warum in Immobilien an der Costa Blanca investieren?<\/strong><\/h4>\n\n\n\n<p>Die <strong>Costa Blanca<\/strong> ist eine der beliebtesten Regionen Spaniens f\u00fcr Immobilieninvestoren. Mit <strong>mehr als 300 Sonnentage im Jahr, eine starke Tourismusindustrie und attraktive Immobilienpreise<\/strong> Dieser K\u00fcstenstreifen bietet sowohl privaten als auch institutionellen Anlegern hervorragende M\u00f6glichkeiten.<\/p>\n\n\n\n<p>Ob Sie auf der Suche sind nach <strong>ein Ferienhaus mit hoher Rendite, eine Luxusvilla zur langfristigen Wertsteigerung oder ein Renovierungsprojekt f\u00fcr den Wiederverkauf<\/strong>Der Immobilienmarkt der Costa Blanca bietet viele M\u00f6glichkeiten.<\/p>\n\n\n\n<p>In diesem Leitfaden werden Sie erfahren, warum <strong>Investitionen an der Costa Blanca<\/strong> ein kluger Schachzug ist, welche Regionen die h\u00f6chsten Renditen abwerfen und wie man Schritt f\u00fcr Schritt eine profitable Investition t\u00e4tigt.<\/p>\n\n\n\n<h2 class=\"wp-block-heading\"><strong><strong>Warum Investitionen an der Costa Blanca?<\/strong><\/strong><\/h2>\n\n\n\n<p>Die Costa Blanca ist nicht nur ein beliebtes Ziel f\u00fcr Touristen und Auswanderer, sondern auch ein stabiler und wachsender Immobilienmarkt. Einige wichtige Vorteile einer Investition in dieser Region:<\/p>\n\n\n\n<ul class=\"wp-block-list\">\n<li><strong>Hohe Nachfrage nach Mietwohnungen<\/strong>Sowohl Kurzzeit- als auch Langzeitvermietungen.<\/li>\n\n\n\n<li><strong>Erschwingliche Immobilienpreise<\/strong>Niedrigere Einstiegspreise als in anderen spanischen K\u00fcstenregionen.<\/li>\n\n\n\n<li><strong>Rentabilit\u00e4t der Investition<\/strong>Mieteinnahmen und steigende Immobilienwerte sorgen f\u00fcr solide Renditen.<\/li>\n\n\n\n<li><strong>G\u00fcnstige steuerliche Rahmenbedingungen<\/strong>Niedrigere Steuern als in vielen anderen EU-L\u00e4ndern.<\/li>\n\n\n\n<li><strong>Ausgezeichnete Infrastruktur<\/strong>: Internationale Flugh\u00e4fen, Hochgeschwindigkeitsz\u00fcge und Autobahnen.<\/li>\n<\/ul>\n\n\n\n<p>Egal, ob Sie nach einem <strong>Immobilieninvestitionen in Alicante, Benidorm, J\u00e1vea oder Moraira<\/strong>Die Costa Blanca bietet viele M\u00f6glichkeiten f\u00fcr diejenigen, die intelligent investieren wollen.<\/p>\n\n\n\n<h2 class=\"wp-block-heading\"><strong><strong>Die 4 wichtigsten Investitionsarten an der Costa Blanca<\/strong><\/strong><\/h2>\n\n\n\n<h3 class=\"wp-block-heading\"><strong>1. Renditestarke Ferienh\u00e4user<\/strong><\/h3>\n\n\n\n<p>Eine der rentabelsten Investitionen an der Costa Blanca ist <strong>Kurzzeitmiete<\/strong> \u00fcber Plattformen wie Airbnb und Booking.com. Beliebte Touristenorte wie <strong>Alicante, Benidorm und Denia<\/strong> ziehen jedes Jahr Millionen von Besuchern an, was zu einer hohen Nachfrage nach gut gelegenen Mietobjekten f\u00fchrt.<\/p>\n\n\n\n<p><strong>Vorteile:<\/strong><\/p>\n\n\n\n<p>\u2714 Hohe Auslastung in der Hochsaison<\/p>\n\n\n\n<p>\u2714 M\u00f6glichkeit, die Immobilie selbst zu nutzen und sie f\u00fcr den Rest des Jahres zu vermieten<\/p>\n\n\n\n<p>\u2714 Kurze Amortisationszeit dank des boomenden Tourismus<\/p>\n\n\n\n<p><strong>Beste Investitionsstandorte:<\/strong><\/p>\n\n\n\n<ul class=\"wp-block-list\">\n<li><a href=\"https:\/\/dacasas.es\/de\/hausstandort\/alicante\/\" data-type=\"property-city\" data-id=\"113\"><em>Alicante<\/em><\/a><\/li>\n\n\n\n<li><a href=\"https:\/\/dacasas.es\/de\/hausstandort\/denia\/\" data-type=\"property-city\" data-id=\"79\"><em>Denia<\/em><\/a><\/li>\n\n\n\n<li><a href=\"https:\/\/dacasas.es\/de\/hausstandort\/calpe\/\" data-type=\"property-city\" data-id=\"103\"><em>Calpe<\/em><\/a><\/li>\n\n\n\n<li><a href=\"https:\/\/dacasas.es\/de\/hausstandort\/javea\/\" data-type=\"property-city\" data-id=\"109\"><em>J\u00e1vea<\/em><\/a><\/li>\n<\/ul>\n\n\n\n<h3 class=\"wp-block-heading\"><strong>2. Luxuri\u00f6se Villen und hochwertige Immobilien<\/strong><\/h3>\n\n\n\n<p>F\u00fcr diejenigen, die ein exklusives Publikum ansprechen wollen, bieten sich Luxusvillen in Gebieten wie <strong>Altea Hills, Moraira und Las Colinas Golf<\/strong> eine interessante Wahl. Diese Art von Immobilien wird von internationalen K\u00e4ufern nachgefragt und bietet <strong>langfristige Wertsteigerung<\/strong>.<\/p>\n\n\n\n<p><strong>Vorteile:<\/strong><\/p>\n\n\n\n<ul class=\"wp-block-list\">\n<li>Stabiler Preisanstieg von 5-8% pro Jahr<\/li>\n\n\n\n<li>Hohe Nachfrage von ausl\u00e4ndischen K\u00e4ufern<\/li>\n\n\n\n<li>Weniger Wettbewerb als auf dem Massenmarkt<\/li>\n<\/ul>\n\n\n\n<p><strong>Beste Investitionsstandorte:<\/strong><\/p>\n\n\n\n<ul class=\"wp-block-list\">\n<li><em><a href=\"https:\/\/dacasas.es\/de\/hausstandort\/moraira\/\" data-type=\"property-city\" data-id=\"294\">Moraira<\/a><\/em><\/li>\n\n\n\n<li><a href=\"https:\/\/dacasas.es\/de\/hausstandort\/altea\/\" data-type=\"property-city\" data-id=\"78\"><em>Altea<\/em><\/a><\/li>\n\n\n\n<li><em><a href=\"https:\/\/dacasas.es\/de\/haus\/luxery-apartment-in-las-colinas\/\" data-type=\"property\" data-id=\"66626\">Las Colinas Golf<\/a><\/em><\/li>\n\n\n\n<li><em><a href=\"https:\/\/dacasas.es\/de\/hausstandort\/cumbre-del-sol-benitachell\/\" data-type=\"property-city\" data-id=\"115\">Cumbre del Sol<\/a><\/em><\/li>\n<\/ul>\n\n\n\n<h3 class=\"wp-block-heading\"><strong>3. Wohnungen zur langfristigen Vermietung<\/strong><\/h3>\n\n\n\n<p>F\u00fcr Anleger, die weniger Risiko eingehen wollen <strong>Langzeitmietwohnungen<\/strong> eine ausgezeichnete Option. Besonders in St\u00e4dten wie <strong>Alicante und Elche<\/strong> Es besteht eine st\u00e4ndige Nachfrage nach erschwinglichen Mietwohnungen, die von Ausl\u00e4ndern und Einheimischen getragen wird.<\/p>\n\n\n\n<p><strong>Vorteile:<\/strong><\/p>\n\n\n\n<ul class=\"wp-block-list\">\n<li>Weniger saisonabh\u00e4ngig als Ferienvermietungen<\/li>\n\n\n\n<li>Stabiles Einkommen ohne viel Leerstand<\/li>\n\n\n\n<li>Geringere Verwaltungskosten und weniger Vorschriften als bei touristischen Vermietungen<\/li>\n<\/ul>\n\n\n\n<p><strong>Beste Investitionsstandorte:<\/strong><\/p>\n\n\n\n<ul class=\"wp-block-list\">\n<li><em><a href=\"https:\/\/dacasas.es\/de\/hausstandort\/alicante\/\" data-type=\"property-city\" data-id=\"113\">Alicante<\/a><\/em><\/li>\n\n\n\n<li><em><a href=\"https:\/\/nl.wikipedia.org\/wiki\/Elche\" target=\"_blank\" rel=\"noreferrer noopener\">Elche<\/a><\/em><\/li>\n\n\n\n<li><em><a href=\"https:\/\/dacasas.es\/de\/hausstandort\/torrevieja\/\" data-type=\"property-city\" data-id=\"302\">Torrevieja<\/a><\/em><\/li>\n\n\n\n<li>Guardamar del Segura<\/li>\n<\/ul>\n\n\n\n<h3 class=\"wp-block-heading\"><strong>4. Renovierungsprojekte und Immobilienentwicklung<\/strong><\/h3>\n\n\n\n<p>F\u00fcr erfahrene Investoren oder Bautr\u00e4ger bieten wir <strong>Renovierungsprojekte und neue Bauvorhaben<\/strong> ausgezeichnete Gewinnchancen. Alte H\u00e4user k\u00f6nnen zu niedrigen Preisen gekauft, renoviert und mit Gewinn weiterverkauft oder vermietet werden.<\/p>\n\n\n\n<p><strong>Vorteile:<\/strong><\/p>\n\n\n\n<ul class=\"wp-block-list\">\n<li>Niedriger Anschaffungspreis<\/li>\n\n\n\n<li>F\u00e4higkeit zur Schaffung eines erheblichen Mehrwerts<\/li>\n\n\n\n<li>Chancen in neuen Bereichen<\/li>\n<\/ul>\n\n\n\n<p><strong>Beste Investitionsstandorte:<\/strong><\/p>\n\n\n\n<ul class=\"wp-block-list\">\n<li>Orihuela Costa<\/li>\n\n\n\n<li><a href=\"https:\/\/dacasas.es\/de\/haus-kaufen-denia\/\" data-type=\"page\" data-id=\"72361\"><em>Denia<\/em><\/a><\/li>\n\n\n\n<li>Benitachell<\/li>\n\n\n\n<li>El Campello<\/li>\n<\/ul>\n\n\n\n<h2 class=\"wp-block-heading\"><strong>Wie kann man erfolgreich in Immobilien an der Costa Blanca investieren?<\/strong><\/h2>\n\n\n\n<h3 class=\"wp-block-heading\"><strong>1. Definieren Sie Ihre Anlagestrategie<\/strong><\/h3>\n\n\n\n<p>Stellen Sie sich die folgenden Fragen:<\/p>\n\n\n\n<ul class=\"wp-block-list\">\n<li>M\u00f6chten Sie <strong>schnelle R\u00fcckkehr<\/strong> durch Ferienvermietung oder <strong>langfristige Wertsch\u00f6pfung<\/strong> \u00fcber Luxusimmobilien?<\/li>\n\n\n\n<li>Was ist Ihr <strong>Haushalt<\/strong> und Finanzierungsm\u00f6glichkeiten?<\/li>\n\n\n\n<li>Sie wollen die Immobilie <strong>selbst verwalten oder auslagern<\/strong> An eine Vermietungsfirma?<\/li>\n<\/ul>\n\n\n\n<h3 class=\"wp-block-heading\"><strong>2. Arbeiten Sie mit einem zuverl\u00e4ssigen Immobilienmakler zusammen<\/strong><\/h3>\n\n\n\n<p>Ein erfahrener <strong>Spanischer Immobilienmakler<\/strong> hilft Ihnen dabei, die <strong>beste Angebote<\/strong> Fallstricke finden und vermeiden. W\u00e4hlen Sie einen Makler, der:<\/p>\n\n\n\n<ul class=\"wp-block-list\">\n<li><strong>Hat Erfahrung mit ausl\u00e4ndischen Investoren<\/strong><\/li>\n\n\n\n<li><strong>Zugang zu exklusiven au\u00dferb\u00f6rslichen Angeboten haben<\/strong><\/li>\n\n\n\n<li><strong>ist transparent in Bezug auf Kosten und Vorschriften<\/strong><\/li>\n<\/ul>\n\n\n\n<h3 class=\"wp-block-heading\"><strong>3. Rechtliche und finanzielle Kontrolle<\/strong><\/h3>\n\n\n\n<p>Holen Sie sich einen Spezialisten <strong>Immobilienanwalt<\/strong> pr\u00fcfen, ob:<\/p>\n\n\n\n<ul class=\"wp-block-list\">\n<li>Die Immobilie ist korrekt registriert und schuldenfrei.<\/li>\n\n\n\n<li>Alle Baugenehmigungen und Lizenzen sind in Ordnung.<\/li>\n\n\n\n<li>Finanzielle Machbarkeit und Steuern sind klar.<\/li>\n<\/ul>\n\n\n\n<h3 class=\"wp-block-heading\"><strong>4. Finanzierungen und Hypotheken<\/strong><\/h3>\n\n\n\n<p>Als Nichtans\u00e4ssiger k\u00f6nnen Sie eine <strong>Spanische Hypothek<\/strong> erreichen <strong>70% des Hauswertes<\/strong>. Stellen Sie sicher, dass Sie eine <strong>NIE-Nummer<\/strong> (N\u00famero de Identificaci\u00f3n de Extranjero) beantragen, diese ist f\u00fcr den Kauf erforderlich.<\/p>\n\n\n\n<h3 class=\"wp-block-heading\"><strong>5. Optimierung von Verwaltung und Effizienz<\/strong><\/h3>\n\n\n\n<p>Sie wollen das Beste aus Ihrer Investition herausholen? Dann ist eine gute Immobilienverwaltung unerl\u00e4sslich. Bedenken Sie:<\/p>\n\n\n\n<ul class=\"wp-block-list\">\n<li><strong>Professionelles Vermietungsmanagement<\/strong> f\u00fcr Ferienvermietungen.<\/li>\n\n\n\n<li><strong>Regelm\u00e4\u00dfige Wartung<\/strong> um den Wert zu erhalten.<\/li>\n\n\n\n<li><strong>Steuerliche Optimierung<\/strong> \u00fcber einen spanischen Buchhalter.<\/li>\n<\/ul>\n\n\n\n<h2 class=\"wp-block-heading\"><strong>H\u00e4ufig gestellte Fragen zu Investitionen an der Costa Blanca<\/strong><\/h2>\n\n\n\n<h3 class=\"wp-block-heading\"><strong>Wie viel Rendite kann ich f\u00fcr eine Investition an der Costa Blanca erwarten?<\/strong><\/h3>\n\n\n\n<p>Das h\u00e4ngt von der Lage und der Art der Immobilie ab. Ferienh\u00e4user k\u00f6nnen sein <strong>5-10% Bruttojahresrendite<\/strong> liefern.<\/p>\n\n\n\n<h3 class=\"wp-block-heading\"><strong>Wie hoch sind die zus\u00e4tzlichen Kosten bei einer Investition in eine Immobilie in Spanien?<\/strong><\/h3>\n\n\n\n<p>Denken Sie daran:<\/p>\n\n\n\n<ul class=\"wp-block-list\">\n<li><strong>\u00dcbertragungssteuer (ITP):<\/strong> 6-10%<\/li>\n<\/ul>\n\n\n\n<ul class=\"wp-block-list\">\n<li><strong>Notargeb\u00fchren:<\/strong> 1-3%<\/li>\n\n\n\n<li><strong>Gerichtskosten:<\/strong> 1-2%<\/li>\n\n\n\n<li><strong>Geb\u00fchren f\u00fcr die Einrichtung der Hypothek:<\/strong> 1-2%<\/li>\n<\/ul>\n\n\n\n<h3 class=\"wp-block-heading\"><strong>Kann ich als Ausl\u00e4nder in Spanien investieren?<\/strong><\/h3>\n\n\n\n<p>Ja, Sie m\u00fcssen nicht in Spanien wohnhaft sein, um eine Immobilie zu kaufen. Sie ben\u00f6tigen eine <strong>NIE-Nummer<\/strong> ben\u00f6tigt.<\/p>\n\n\n\n<p><strong>Fazit zu Investitionen an der Costa Blanca: Jetzt ist der richtige Zeitpunkt!<\/strong><\/p>\n\n\n\n<p>Die <strong>Costa Blanca<\/strong> bietet hervorragende Investitionsm\u00f6glichkeiten, egal ob Sie sich f\u00fcr <strong>Ferienvermietung, Luxusimmobilie oder Langzeitvermietung<\/strong>. Angesichts der steigenden Nachfrage nach Wohnraum und der g\u00fcnstigen Marktentwicklung ist jetzt der richtige Zeitpunkt f\u00fcr Investitionen.<\/p>\n\n\n\n<p>Sie m\u00f6chten wissen, welche Investitionen am rentabelsten sind? <strong>Kontakt <\/strong><a href=\"https:\/\/dacasas.es\/de\/\"><strong>Dacasas.es<\/strong><\/a> F\u00fcr exklusive Immobilienangebote und professionelle Beratung! <\/p>","protected":false},"excerpt":{"rendered":"<p>Intelligentes Investieren in spanische Immobilien Warum in Immobilien an der Costa Blanca investieren? Die Costa Blanca ist eine der beliebtesten Regionen Spaniens f\u00fcr Immobilieninvestoren. Mit mehr als 300 Sonnentagen im Jahr, einer starken Tourismusindustrie und attraktiven Immobilienpreisen bietet dieser K\u00fcstenstreifen sowohl privaten als auch institutionellen Anlegern hervorragende M\u00f6glichkeiten. Ob Sie...<\/p>","protected":false},"author":2,"featured_media":0,"parent":0,"menu_order":0,"comment_status":"closed","ping_status":"closed","template":"","meta":{"footnotes":""},"class_list":["post-72343","page","type-page","status-publish","hentry"],"_links":{"self":[{"href":"https:\/\/dacasas.es\/de\/wp-json\/wp\/v2\/pages\/72343","targetHints":{"allow":["GET"]}}],"collection":[{"href":"https:\/\/dacasas.es\/de\/wp-json\/wp\/v2\/pages"}],"about":[{"href":"https:\/\/dacasas.es\/de\/wp-json\/wp\/v2\/types\/page"}],"author":[{"embeddable":true,"href":"https:\/\/dacasas.es\/de\/wp-json\/wp\/v2\/users\/2"}],"replies":[{"embeddable":true,"href":"https:\/\/dacasas.es\/de\/wp-json\/wp\/v2\/comments?post=72343"}],"version-history":[{"count":8,"href":"https:\/\/dacasas.es\/de\/wp-json\/wp\/v2\/pages\/72343\/revisions"}],"predecessor-version":[{"id":72805,"href":"https:\/\/dacasas.es\/de\/wp-json\/wp\/v2\/pages\/72343\/revisions\/72805"}],"wp:attachment":[{"href":"https:\/\/dacasas.es\/de\/wp-json\/wp\/v2\/media?parent=72343"}],"curies":[{"name":"wp","href":"https:\/\/api.w.org\/{rel}","templated":true}]}}