{"id":72339,"date":"2024-10-18T10:46:54","date_gmt":"2024-10-18T08:46:54","guid":{"rendered":"https:\/\/dacasas.es\/?page_id=72339"},"modified":"2025-03-18T10:25:41","modified_gmt":"2025-03-18T08:25:41","slug":"alicante-haus-mit-pool-kaufen","status":"publish","type":"page","link":"https:\/\/dacasas.es\/de\/alicante-huis-met-zwembad-kopen\/","title":{"rendered":"Kaufen Alicante Haus mit Pool"},"content":{"rendered":"<figure class=\"wp-block-image size-large\"><img fetchpriority=\"high\" decoding=\"async\" width=\"1024\" height=\"768\" src=\"https:\/\/dacasas.es\/wp-content\/uploads\/2024\/11\/alicante-huis-met-zwembad-kopen-1-1024x768.jpg\" alt=\"Alicante Haus mit Pool zu kaufen mit Dacasas\" class=\"wp-image-72473\" title=\"\" srcset=\"https:\/\/dacasas.es\/wp-content\/uploads\/2024\/11\/alicante-huis-met-zwembad-kopen-1-1024x768.jpg 1024w, https:\/\/dacasas.es\/wp-content\/uploads\/2024\/11\/alicante-huis-met-zwembad-kopen-1-300x225.jpg 300w, https:\/\/dacasas.es\/wp-content\/uploads\/2024\/11\/alicante-huis-met-zwembad-kopen-1-768x576.jpg 768w, https:\/\/dacasas.es\/wp-content\/uploads\/2024\/11\/alicante-huis-met-zwembad-kopen-1-150x113.jpg 150w, https:\/\/dacasas.es\/wp-content\/uploads\/2024\/11\/alicante-huis-met-zwembad-kopen-1-680x510.jpg 680w, https:\/\/dacasas.es\/wp-content\/uploads\/2024\/11\/alicante-huis-met-zwembad-kopen-1.jpg 1500w\" sizes=\"(max-width: 1024px) 100vw, 1024px\" \/><\/figure>\n\n\n\n<p>Ein Haus mit Pool an der Costa Blanca zu kaufen ist ein wahr gewordener Traum. Diese Region bietet eine Kombination aus wundersch\u00f6nen Landschaften, modernen Annehmlichkeiten und einem entspannten Lebensstil. Unter <strong>Dacasas<\/strong> wir verstehen, dass die Suche nach dem perfekten Zuhause mehr als eine Investition ist; es ist ein Schritt in Richtung einer besseren Lebensqualit\u00e4t.<\/p>\n\n\n\n<h2 class=\"wp-block-heading\"><strong>Warum ein Haus mit Pool an der Costa Blanca kaufen?<\/strong><\/h2>\n\n\n\n<p><a href=\"https:\/\/nl.wikipedia.org\/wiki\/Alicante_(stad)\" target=\"_blank\" rel=\"noreferrer noopener\"><em>Alicante<\/em><\/a> (Costa Blanca) bietet alles, was sich ein Hausbesitzer w\u00fcnschen kann: endlose Str\u00e4nde, malerische D\u00f6rfer, ein mildes Mittelmeerklima und eine reiche Kultur. Ein privater Pool ist ein zus\u00e4tzliches St\u00fcck Luxus. Stellen Sie sich vor, Sie verbringen Sommertage im Wasser, veranstalten Poolpartys mit Freunden oder entspannen einfach nach einem langen Tag.<\/p>\n\n\n\n<h3 class=\"wp-block-heading\"><strong>Vorteile eines Hauses mit Pool an der Costa Blanca:<\/strong><\/h3>\n\n\n\n<ol class=\"wp-block-list\">\n<li><strong>Private Oase:<\/strong> Genie\u00dfen Sie den Luxus und die Privatsph\u00e4re, die ein privater Pool bietet.<\/li>\n\n\n\n<li><strong>Spa\u00df f\u00fcr die ganze Familie:<\/strong> Ideal f\u00fcr Familien mit Kindern; ein Swimmingpool bietet stundenlange Unterhaltung.<\/li>\n\n\n\n<li><strong>H\u00f6herer Immobilienwert:<\/strong> Immobilien mit einem Swimmingpool behalten in der Regel ihren Wert besser und sind bei Mietern und K\u00e4ufern beliebt.<\/li>\n\n\n\n<li><strong>Lebensstil:<\/strong> Der Pool wird oft zum Mittelpunkt des geselligen Beisammenseins und der Entspannung.<\/li>\n<\/ol>\n\n\n\n<h3 class=\"wp-block-heading\"><strong>Was ist das Angebot, das Sie f\u00fcr den Kauf eines Hauses mit Pool an der Costa Blanca haben?<\/strong><\/h3>\n\n\n\n<p>Wir bei Dacasas sind stolz auf unser umfangreiches Angebot an H\u00e4usern mit Pools. Unser Portfolio umfasst:<\/p>\n\n\n\n<ul class=\"wp-block-list\">\n<li><strong>Moderne Villen<\/strong> mit Infinity-Pools und Blick auf das Mittelmeer.<\/li>\n\n\n\n<li><strong>Traditionelle Fincas<\/strong> mit gro\u00dfz\u00fcgigen G\u00e4rten und einer charmanten l\u00e4ndlichen Atmosph\u00e4re.<\/li>\n\n\n\n<li><strong>Wohnkomplexe<\/strong> mit Gemeinschaftspools und hervorragenden Einrichtungen.<\/li>\n<\/ul>\n\n\n\n<p>Jede Immobilie wurde sorgf\u00e4ltig ausgew\u00e4hlt, um unseren hohen Anspr\u00fcchen gerecht zu werden. Ganz gleich, ob Sie auf der Suche nach einem festen Wohnsitz, einem Ferienhaus oder einer Investitionsm\u00f6glichkeit sind, wir haben das perfekte Haus f\u00fcr Sie.<\/p>\n\n\n\n<div id=\"ere_shortcode_1\"  class=\"ere_latest_properties_ajax ere_ele_property_ajax_target\"><div class=\"home-properties-section-inner-target\"><div class=\"listing-layout inspiry-shortcode\"><div class=\"list-container clearfix\">\n<article class=\"rh_list_card\">\n\n\t<div class=\"rh_list_card__wrap\">\n\n\t\t<figure class=\"rh_list_card__thumbnail\">\n            <div class=\"rh_figure_property_list_one\">\n\t\t\t\n\t\t\t<a href=\"https:\/\/dacasas.es\/de\/woning\/villas-panoramic-in-alicante\/\">\n\t\t\t\t\t\t\t\t\t\t\t\t\t\t<div class=\"post_thumbnail\" style=\"background: url('https:\/\/dacasas.es\/wp-content\/uploads\/2022\/04\/Exterior-04-488x326.jpg') 50% 50% no-repeat; background-size: cover;\"><\/div>\n\t\t\t\t\t<!-- \/.post_thumbnail -->\n\t\t\t\t\t\t\t<\/a>\n\n\t\t\t<div class=\"rh_overlay\"><\/div>\n\t\t\t<div class=\"rh_overlay__contents rh_overlay__fadeIn-bottom\">\n\t\t\t\t<a href=\"https:\/\/dacasas.es\/de\/woning\/villas-panoramic-in-alicante\/\">Weitere Informationen<\/a>\n\t\t\t<\/div>\n\t\t\t<!-- \/.rh_overlay__contents -->\n\n\t\t\t            <\/div>\n\n            <div class=\"rh_list_card__btns\">\n\t\t\t\t            <\/div>\n\t\t\t<!-- \/.rh_list_card__btns -->\n\t\t<\/figure>\n\t\t<!-- \/.rh_list_card__thumbnail -->\n\n\t\t<div class=\"rh_list_card__details_wrap\">\n\n\t\t\t<div class=\"rh_list_card__details\">\n\n\t\t\t\t<h3>\n\t\t\t\t\t<a href=\"https:\/\/dacasas.es\/de\/woning\/villas-panoramic-in-alicante\/\">Villen mit Panoramablick in Alicante<\/a>\n\t\t\t\t<\/h3>\n\t\t\t\t<p class=\"rh_list_card__excerpt\">Hochwertige, moderne Villen, mit Hausautomatisierungssystem...<\/p>\n\t\t\t\t<!-- \/.rh_list_card__excerpt -->\n\n\t\t\t\t<div class=\"rh_list_card__meta_wrap\">\n\n\t\t\t\t\t\t\t\t\t\t\t<div class=\"rh_list_card__meta\">\n\t\t\t\t\t\t\t<h4>Schlafzimmer<\/h4>\n\t\t\t\t\t\t\t<div>\n\t\t\t\t\t\t\t\t<svg class=\"rh_svg\" xmlns=\"http:\/\/www.w3.org\/2000\/svg\" width=\"24\" height=\"24\" viewbox=\"0 0 24 24\">\n  <path d=\"M1111.91,600.993h16.17a2.635,2.635,0,0,1,2.68,1.773l1.21,11.358a2.456,2.456,0,0,1-2.61,2.875h-18.73a2.46,2.46,0,0,1-2.61-2.875l1.21-11.358A2.635,2.635,0,0,1,1111.91,600.993Zm0.66-7.994h3.86c1.09,0,2.57.135,2.57,1l0.01,3.463c0.14,0.838-1.72,1.539-2.93,1.539h-4.17c-1.21,0-2.07-.7-1.92-1.539l0.37-3.139A2.146,2.146,0,0,1,1112.57,593Zm11,0h3.86a2.123,2.123,0,0,1,2.2,1.325l0.38,3.139c0.14,0.838-.72,1.539-1.93,1.539h-5.17c-1.21,0-2.07-.7-1.92-1.539L1121,594C1121,593.1,1122.48,593,1123.57,593Z\" transform=\"translate(-1108 -593)\"\/>\n<\/svg>\t\t\t\t\t\t\t\t<span class=\"figure\">3<\/span>\n\t\t\t\t\t\t\t<\/div>\n\t\t\t\t\t\t<\/div>\n\t\t\t\t\t\t<!-- \/.rh_list_card__meta -->\n\t\t\t\t\t\n\t\t\t\t\t\t\t\t\t\t\t<div class=\"rh_list_card__meta\">\n\t\t\t\t\t\t\t<h4>Badezimmer<\/h4>\n\t\t\t\t\t\t\t<div>\n\t\t\t\t\t\t\t\t<svg class=\"rh_svg\" xmlns=\"http:\/\/www.w3.org\/2000\/svg\" width=\"23.69\" height=\"24\" viewbox=\"0 0 23.69 24\">\n  <path d=\"M1204,601a8,8,0,0,1,16,0v16h-2V601a6,6,0,0,0-12,0v1h-2v-1Zm7,6a6,6,0,0,0-12,0h12Zm-6,2a1,1,0,0,1,1,1v1a1,1,0,0,1-2,0v-1A1,1,0,0,1,1205,609Zm0,5a1,1,0,0,1,1,1v1a1,1,0,0,1-2,0v-1A1,1,0,0,1,1205,614Zm4.94-5.343a1,1,0,0,1,1.28.6l0.69,0.878a1,1,0,0,1-1.88.685l-0.69-.879A1,1,0,0,1,1209.94,608.657Zm2.05,4.638a1,1,0,0,1,1.28.6l0.35,0.94a1.008,1.008,0,0,1-.6,1.282,1,1,0,0,1-1.28-.6l-0.35-.939A1.008,1.008,0,0,1,1211.99,613.295Zm-11.93-4.638a1,1,0,0,1,.6,1.282l-0.69.879a1,1,0,1,1-1.87-.682l0.68-.88A1,1,0,0,1,1200.06,608.657Zm-2.05,4.639a1,1,0,0,1,.6,1.281l-0.34.941a1,1,0,0,1-1.88-.683l0.34-.94A1,1,0,0,1,1198.01,613.3Z\" transform=\"translate(-1196.31 -593)\"\/>\n<\/svg>\n\t\t\t\t\t\t\t\t<span class=\"figure\">2<\/span>\n\t\t\t\t\t\t\t<\/div>\n\t\t\t\t\t\t<\/div>\n\t\t\t\t\t\t<!-- \/.rh_list_card__meta -->\n\t\t\t\t\t\n\t\t\t\t\t\n\t\t\t\t<\/div>\n\t\t\t\t<!-- \/.rh_list_card__meta_wrap -->\n\n\t\t\t<\/div>\n\t\t\t<!-- \/.rh_list_card__details -->\n\n\t\t\t<div class=\"rh_list_card__priceLabel\">\n\n\t\t\t\t<div class=\"rh_list_card__price\">\n\t\t\t\t\t<h4 class=\"status\">\n\t\t\t\t\t\tZu verkaufen\t\t\t\t\t<\/h4>\n\t\t\t\t\t<!-- \/.rh_prop_card__type -->\n\n\t\t\t\t\t<p class=\"price\">\n\t\t\t\t\t\tab \u20ac450.000 \t\t\t\t\t<\/p>\n\t\t\t\t\t<!-- \/.price -->\n\t\t\t\t<\/div>\n\t\t\t\t<!-- \/.rh_list_card__price -->\n\n\t\t\t\t<p class=\"rh_list_card__author\">\n\t\t\t\t\tVon\t\t\t\t\t<span class=\"author\">\n\t\t\t\t\t\tDacasas\t\t\t\t\t<\/span>\n\t\t\t\t\t<!-- \/.name -->\n\t\t\t\t<\/p>\n\t\t\t\t<!-- \/.rh_list_card__author -->\n\n\t\t\t<\/div>\n\t\t\t<!-- \/.rh_list_card__priceLabel -->\n\n\t\t<\/div>\n\t\t<!-- \/.rh_list_card__details_wrap -->\n\n\t<\/div>\n\t<!-- \/.rh_list_card__wrap -->\n\n<\/article>\n<!-- \/.rh_list_card -->\n<\/div><\/div><\/div><\/div>\n\n\n\n<h3 class=\"wp-block-heading\"><strong>Schritte zum Kauf eines Hauses mit Pool an der Costa Blanca<\/strong><\/h3>\n\n\n\n<p>Der Kauf eines Hauses im Ausland kann komplex erscheinen, aber bei Dacasas machen wir diesen Prozess einfach und transparent. Hier erfahren Sie, wie wir Sie unterst\u00fctzen:<\/p>\n\n\n\n<ol class=\"wp-block-list\">\n<li><strong>Einleitung:<\/strong><br>Wir beginnen mit einem pers\u00f6nlichen Gespr\u00e4ch, um Ihre Anforderungen zu verstehen. M\u00f6chten Sie ein modernes Haus oder einen eher traditionellen Stil? Wie gro\u00df soll der Pool sein? Welche Ausstattungsmerkmale sind f\u00fcr Sie wichtig?<\/li>\n\n\n\n<li><strong>Auswahl des Geh\u00e4uses:<\/strong><br>Auf der Grundlage Ihrer Pr\u00e4ferenzen pr\u00e4sentieren wir Ihnen eine Auswahl an Immobilien. Dank unserer Ortskenntnisse haben wir Zugang zu exklusiven Objekten, die oft nicht online zu finden sind.<\/li>\n\n\n\n<li><strong>Besichtigungen:<\/strong><br>Bei einem Besuch in Alicante arrangieren wir Besichtigungen und f\u00fchren Sie durch jede Immobilie. Unsere Experten versorgen Sie mit umfassenden Informationen \u00fcber die Immobilie, die Umgebung und eventuelle Renovierungsm\u00f6glichkeiten.<\/li>\n\n\n\n<li><strong>Kaufprozess:<\/strong><br>Von Preisverhandlungen bis hin zu rechtlicher Unterst\u00fctzung und Steuerberatung steht Ihnen unser Team zur Seite. Wir arbeiten mit vertrauensw\u00fcrdigen Anw\u00e4lten und Notaren zusammen, um einen reibungslosen Ablauf zu gew\u00e4hrleisten.<\/li>\n<\/ol>\n\n\n\n<h3 class=\"wp-block-heading\"><strong>Investieren in ein Haus mit Pool in Alicante<\/strong><\/h3>\n\n\n\n<p>Der Kauf eines Hauses mit Pool in Alicante ist nicht nur ein Traumhaus, sondern auch eine kluge Investition. Der Immobilienmarkt in dieser Region w\u00e4chst dank seiner Beliebtheit sowohl bei internationalen K\u00e4ufern als auch bei Touristen weiter. Ein Haus mit Pool kann vor allem in der Hochsaison erhebliche Mieteinnahmen generieren.<\/p>\n\n\n\n<h3 class=\"wp-block-heading\"><strong>Warum Dacasas f\u00fcr den Kauf einer Immobilie mit Pool an der Costa Blanca w\u00e4hlen?<\/strong><\/h3>\n\n\n\n<p>Wir von Dacasas haben eine Mission: Wir wollen unseren Kunden helfen, ihr Traumhaus ohne Stress zu finden. Hier ist der Grund, warum wir der ideale Partner sind:<\/p>\n\n\n\n<ul class=\"wp-block-list\">\n<li><strong>Lokale Marktkenntnisse:<\/strong> Dank unserer langj\u00e4hrigen Erfahrung in der Region Costa-Blanca kennen wir die besten Wohngegenden, Trends und Preise.<\/li>\n\n\n\n<li><strong>Pers\u00f6nlicher Service:<\/strong> Jeder Kunde ist einzigartig und verdient einen ma\u00dfgeschneiderten Ansatz.<\/li>\n\n\n\n<li><strong>Gro\u00dfes Netzwerk:<\/strong> Von Immobilienmaklern und Anw\u00e4lten bis hin zu Bauunternehmern und Innenarchitekten - wir haben die richtigen Kontakte, um Ihren Wohntraum zu verwirklichen.<\/li>\n<\/ul>\n\n\n\n<h3 class=\"wp-block-heading\"><strong>Tipps f\u00fcr den Kauf eines Hauses mit Pool an der Costa Blanca<\/strong><\/h3>\n\n\n\n<p>Damit Ihr Kauferlebnis noch reibungsloser verl\u00e4uft, geben wir Ihnen einige Tipps:<\/p>\n\n\n\n<ul class=\"wp-block-list\">\n<li><strong>Haushalt:<\/strong> Legen Sie ein klares Budget fest und ber\u00fccksichtigen Sie zus\u00e4tzliche Kosten wie Notargeb\u00fchren, Steuern und Instandhaltung.<\/li>\n\n\n\n<li><strong>Standort:<\/strong> Denken Sie \u00fcber Ihre Priorit\u00e4ten nach: M\u00f6chten Sie in Strandn\u00e4he, im Stadtzentrum oder in einem ruhigen Vorort wohnen?<\/li>\n\n\n\n<li><strong>Langfristige Ziele:<\/strong> \u00dcberlegen Sie, ob die Immobilie als st\u00e4ndiger Wohnsitz, als Ferienhaus oder als Mietobjekt geeignet ist.<\/li>\n<\/ul>\n\n\n\n<h4 class=\"wp-block-heading\"><strong>Nehmen Sie noch heute Kontakt auf<\/strong><\/h4>\n\n\n\n<p>Sind Sie bereit, den ersten Schritt in Richtung Ihres Traumhauses zu tun? <strong>Dacasas<\/strong> steht Ihnen mit fachkundiger Beratung und Unterst\u00fctzung zur Seite. Kontaktieren Sie uns \u00fcber<em> <a href=\"https:\/\/dacasas.es\/de\/\">Dacasas.es<\/a><\/em> oder <a href=\"\/de\/kontakt\/\"><em>Vereinbaren Sie einen unverbindlichen Beratungstermin<\/em><\/a>.<\/p>\n\n\n\n<p>Gemeinsam sorgen wir daf\u00fcr, dass Ihr Traum von einem Haus mit Pool an der Costa Blanca Wirklichkeit wird.<\/p>","protected":false},"excerpt":{"rendered":"<p>Ein Haus mit Pool an der Costa Blanca zu kaufen ist ein wahr gewordener Traum. Diese Region bietet eine Kombination aus wundersch\u00f6nen Landschaften, modernen Annehmlichkeiten und einem entspannten Lebensstil. Wir bei Dacasas verstehen, dass die Suche nach dem perfekten Haus mehr als eine Investition ist; es ist ein Schritt in Richtung einer besseren Lebensqualit\u00e4t. Warum?<\/p>","protected":false},"author":2,"featured_media":0,"parent":0,"menu_order":0,"comment_status":"closed","ping_status":"closed","template":"","meta":{"footnotes":""},"class_list":["post-72339","page","type-page","status-publish","hentry"],"_links":{"self":[{"href":"https:\/\/dacasas.es\/de\/wp-json\/wp\/v2\/pages\/72339","targetHints":{"allow":["GET"]}}],"collection":[{"href":"https:\/\/dacasas.es\/de\/wp-json\/wp\/v2\/pages"}],"about":[{"href":"https:\/\/dacasas.es\/de\/wp-json\/wp\/v2\/types\/page"}],"author":[{"embeddable":true,"href":"https:\/\/dacasas.es\/de\/wp-json\/wp\/v2\/users\/2"}],"replies":[{"embeddable":true,"href":"https:\/\/dacasas.es\/de\/wp-json\/wp\/v2\/comments?post=72339"}],"version-history":[{"count":9,"href":"https:\/\/dacasas.es\/de\/wp-json\/wp\/v2\/pages\/72339\/revisions"}],"predecessor-version":[{"id":73084,"href":"https:\/\/dacasas.es\/de\/wp-json\/wp\/v2\/pages\/72339\/revisions\/73084"}],"wp:attachment":[{"href":"https:\/\/dacasas.es\/de\/wp-json\/wp\/v2\/media?parent=72339"}],"curies":[{"name":"wp","href":"https:\/\/api.w.org\/{rel}","templated":true}]}}