{"id":68171,"date":"2024-02-06T16:31:36","date_gmt":"2024-02-06T14:31:36","guid":{"rendered":"https:\/\/dacasas.es\/?page_id=68171"},"modified":"2025-01-08T14:17:09","modified_gmt":"2025-01-08T12:17:09","slug":"bedingungen-und-konditionen-angebot","status":"publish","type":"page","link":"https:\/\/dacasas.es\/de\/voorwaarden-aanbieding\/","title":{"rendered":"Bedingungen und Konditionen Angebot"},"content":{"rendered":"<p>Dacasas bietet Unterst\u00fctzung beim Kauf durch unseren Gestor, der daf\u00fcr sorgt, dass alle rechtlichen, steuerlichen und administrativen Dokumente vor dem Kauf gepr\u00fcft werden.<br>All dies, um sicherzustellen, dass Ihr Kauf reibungslos und ohne Kopfschmerzen vonstatten gehen kann.<br>Beim Kauf einer direkten Immobilie<br>- Kaufwert &lt; 350 000,00 \u20ac 1\/2 R\u00fcckerstattung der Kaufhilfe durch unseren Gestor.<br>- Kaufwert &gt; 350 000,00 \u20ac volle R\u00fcckerstattung der Kaufhilfe durch unseren Gestor.<br>Beim Kauf einer Immobilie in Zusammenarbeit mit einem anderen Makler<br>- Kaufwert &lt; 350 000,00 \u20ac \u00bc R\u00fcckerstattung der Kaufhilfe durch unseren Gestor.<br>- Kaufwert &gt; 350 000,00 \u20ac \u00bd R\u00fcckerstattung der Kaufhilfe durch unseren Gestor.<\/p>","protected":false},"excerpt":{"rendered":"<p>Dacasas bietet eine Kaufberatung durch unseren Gestor an, der daf\u00fcr sorgt, dass alle rechtlichen, steuerlichen und administrativen Dokumente vor dem Kauf gepr\u00fcft werden, damit Ihr Kauf reibungslos und ohne Kopfschmerzen ablaufen kann...<\/p>","protected":false},"author":2,"featured_media":0,"parent":0,"menu_order":0,"comment_status":"closed","ping_status":"closed","template":"","meta":{"footnotes":""},"class_list":["post-68171","page","type-page","status-publish","hentry"],"_links":{"self":[{"href":"https:\/\/dacasas.es\/de\/wp-json\/wp\/v2\/pages\/68171","targetHints":{"allow":["GET"]}}],"collection":[{"href":"https:\/\/dacasas.es\/de\/wp-json\/wp\/v2\/pages"}],"about":[{"href":"https:\/\/dacasas.es\/de\/wp-json\/wp\/v2\/types\/page"}],"author":[{"embeddable":true,"href":"https:\/\/dacasas.es\/de\/wp-json\/wp\/v2\/users\/2"}],"replies":[{"embeddable":true,"href":"https:\/\/dacasas.es\/de\/wp-json\/wp\/v2\/comments?post=68171"}],"version-history":[{"count":3,"href":"https:\/\/dacasas.es\/de\/wp-json\/wp\/v2\/pages\/68171\/revisions"}],"predecessor-version":[{"id":72633,"href":"https:\/\/dacasas.es\/de\/wp-json\/wp\/v2\/pages\/68171\/revisions\/72633"}],"wp:attachment":[{"href":"https:\/\/dacasas.es\/de\/wp-json\/wp\/v2\/media?parent=68171"}],"curies":[{"name":"wp","href":"https:\/\/api.w.org\/{rel}","templated":true}]}}