{"id":5100,"date":"2021-11-01T10:18:32","date_gmt":"2021-11-01T08:18:32","guid":{"rendered":"https:\/\/server2.webdesignhq.shockmedia.nl\/~dacasas\/?page_id=5100"},"modified":"2024-09-23T12:23:53","modified_gmt":"2024-09-23T10:23:53","slug":"uber-uns","status":"publish","type":"page","link":"https:\/\/dacasas.es\/de\/over-ons\/","title":{"rendered":"\u00dcber uns"},"content":{"rendered":"<p>Wer sind <a href=\"https:\/\/dacasas.es\/de\/\">wir<\/a>?<br>Trotz unseres jungen Alters hatten wir immer den Traum, in einem Land mit einem wunderbaren Klima zu leben.<br>Zweifeln ...<br>Das Unbekannte...<br>Und so viel mehr ...<\/p>\n\n\n\n<p>Aber warum warten?<br>Warum nicht die Chance ergreifen und sich dem wahren Leben n\u00e4hern?<\/p>\n\n\n\n<p>Also beschlossen wir, den Schritt zu wagen, alles in Belgien zu verkaufen, unser Gesch\u00e4ft, unser Haus, ... und uns mit unseren beiden Kindern auf ein gro\u00dfes Abenteuer einzulassen ... nach Spanien.<\/p>\n\n\n\n<p>Bei der Suche nach unserem Traumhaus mussten wir feststellen, dass der gute Service bei vielen Maklern auf der Strecke blieb.<\/p>\n\n\n\n<p>Mit unserem Wissen \u00fcber Immobilien und Gesch\u00e4ftspartner in Spanien war der Umzug in unsere Immobilie daher schnell vollzogen.<\/p>\n\n\n\n<p>Wir wollen Ihnen mit unserem Wissen und gutem Service bei der Suche nach Ihrem Traumhaus helfen.&nbsp;<br>Und f\u00fcr die Kunden suchen wir nach dem, was sie wirklich suchen.<br>Mit dem gleichen Elan, als ob es f\u00fcr uns w\u00e4re!<\/p>\n\n\n\n<p>Sie m\u00f6chten Ihr Haus verkaufen? Nat\u00fcrlich k\u00f6nnen wir Ihnen auch dabei helfen! Da wir immer noch in Belgien aktiv sind und viel in Belgien, den Niederlanden und Frankreich werben, glauben wir, dass wir die richtige Kundschaft ansprechen k\u00f6nnen.<\/p>","protected":false},"excerpt":{"rendered":"<p>Wer sind wir?Trotz unseres jungen Alters hatten wir schon immer den Traum, in einem Land mit wunderbarem Klima zu leben.Zweifel...Das Unbekannte...Und so vieles mehr...Aber warum warten?Warum nicht die Chance ergreifen und die Schritte in Richtung des wahren Lebens machen? Also haben wir uns entschieden,...<\/p>","protected":false},"author":2,"featured_media":0,"parent":0,"menu_order":0,"comment_status":"closed","ping_status":"closed","template":"","meta":{"footnotes":""},"class_list":["post-5100","page","type-page","status-publish","hentry"],"_links":{"self":[{"href":"https:\/\/dacasas.es\/de\/wp-json\/wp\/v2\/pages\/5100","targetHints":{"allow":["GET"]}}],"collection":[{"href":"https:\/\/dacasas.es\/de\/wp-json\/wp\/v2\/pages"}],"about":[{"href":"https:\/\/dacasas.es\/de\/wp-json\/wp\/v2\/types\/page"}],"author":[{"embeddable":true,"href":"https:\/\/dacasas.es\/de\/wp-json\/wp\/v2\/users\/2"}],"replies":[{"embeddable":true,"href":"https:\/\/dacasas.es\/de\/wp-json\/wp\/v2\/comments?post=5100"}],"version-history":[{"count":3,"href":"https:\/\/dacasas.es\/de\/wp-json\/wp\/v2\/pages\/5100\/revisions"}],"predecessor-version":[{"id":71454,"href":"https:\/\/dacasas.es\/de\/wp-json\/wp\/v2\/pages\/5100\/revisions\/71454"}],"wp:attachment":[{"href":"https:\/\/dacasas.es\/de\/wp-json\/wp\/v2\/media?parent=5100"}],"curies":[{"name":"wp","href":"https:\/\/api.w.org\/{rel}","templated":true}]}}