{"id":3,"date":"2021-10-12T08:13:48","date_gmt":"2021-10-12T08:13:48","guid":{"rendered":"https:\/\/server2.webdesignhq.shockmedia.nl\/~dacasas\/?page_id=3"},"modified":"2021-11-01T10:14:12","modified_gmt":"2021-11-01T08:14:12","slug":"datenschutzbestimmungen","status":"publish","type":"page","link":"https:\/\/dacasas.es\/de\/privacybeleid\/","title":{"rendered":"Datenschutzbestimmungen"},"content":{"rendered":"<p>Datenschutzbestimmungen f\u00fcr Dacasas, Eigent\u00fcmer von https:\/\/dacasas.online<\/p>\n\n\n\n<p><strong>1) Datenschutzgarantien<\/strong><\/p>\n\n\n\n<p>Die Wahrung der Privatsph\u00e4re der Besucher von https:\/\/dacasas.online ist f\u00fcr uns eine wichtige Aufgabe. Deshalb beschreiben wir in unserer Datenschutzerkl\u00e4rung, welche Informationen wir sammeln und wie wir sie verwenden.<\/p>\n\n\n\n<p><strong>2) Zustimmung<\/strong><\/p>\n\n\n\n<p>Durch die Nutzung der Informationen und Dienstleistungen auf https:\/\/dacasas.online erkl\u00e4ren Sie sich mit unserer Datenschutzpolitik und den hierin enthaltenen Bedingungen einverstanden.<\/p>\n\n\n\n<p><strong>3) Fragen<\/strong><\/p>\n\n\n\n<p>Wenn Sie weitere Informationen w\u00fcnschen oder Fragen zur Datenschutzpolitik von Dacasas und insbesondere zu https:\/\/dacasas.online haben, wenden Sie sich bitte per E-Mail an uns. Unsere E-Mail Adresse lautet info@dacasas.online<\/p>\n\n\n\n<p><strong>4) Verfolgung des Besucherverhaltens<\/strong><\/p>\n\n\n\n<p>https:\/\/dacasas.online verwendet verschiedene Techniken, um zu verfolgen, wer die Website besucht, wie sich dieser Besucher auf der Website verh\u00e4lt und welche Seiten besucht werden. Dies ist eine g\u00e4ngige Praxis f\u00fcr Websites, da sie Informationen liefert, die zur Qualit\u00e4t der Nutzererfahrung beitragen. Zu den Informationen, die wir \u00fcber Cookies aufzeichnen, geh\u00f6ren IP-Adressen, Browser-Typ und besuchte Seiten.<\/p>\n\n\n\n<p>Wir verfolgen auch, wo Besucher die Website zum ersten Mal besuchen und von welcher Seite aus sie die Website verlassen. Diese Informationen bleiben anonym und werden nicht mit anderen pers\u00f6nlichen Daten verkn\u00fcpft.<\/p>\n\n\n\n<p><strong>5) Verwendung von Cookies<\/strong><\/p>\n\n\n\n<p><a href=\"https:\/\/dacasas.online\" target=\"_blank\" rel=\"noopener\"> https:\/\/dacasas.online<\/a> setzt Cookies auf Besucher. Wir tun dies, um Informationen \u00fcber die von den Benutzern auf unserer Website besuchten Seiten zu sammeln, um zu verfolgen, wie oft die Besucher zur\u00fcckkehren, und um zu sehen, welche Seiten auf der Website gut funktionieren. Wir behalten auch im Auge, welche Informationen der Browser weitergibt.<\/p>\n\n\n\n<p><strong>6) Deaktivieren von Cookies<\/strong><\/p>\n\n\n\n<p>Sie haben die M\u00f6glichkeit, Cookies zu deaktivieren. Dazu verwenden Sie die Optionen Ihres Browsers. Weitere Informationen zu diesen Optionen finden Sie auf der Website Ihres Browser-Anbieters.<\/p>\n\n\n\n<p><strong>7) Cookies von Dritten<\/strong><\/p>\n\n\n\n<p>Dritte, wie z. B. Google, k\u00f6nnen auf unserer Website Werbung schalten oder wir k\u00f6nnen einen anderen Dienst nutzen. Zu diesem Zweck platzieren diese Dritten in einigen F\u00e4llen Cookies. Diese Cookies k\u00f6nnen von https:\/\/dacasas.online nicht beeinflusst werden.<\/p>","protected":false},"excerpt":{"rendered":"<p>Datenschutzerkl\u00e4rung f\u00fcr Dacasas, Inhaber von https:\/\/dacasas.online 1) Schutz der Privatsph\u00e4re Der Schutz der Privatsph\u00e4re der Besucher von https:\/\/dacasas.online ist f\u00fcr uns eine wichtige Aufgabe. Deshalb beschreiben wir in unserer Datenschutzrichtlinie, welche Informationen wir sammeln und wie wir sie verwenden. 2) Einverst\u00e4ndnis Mit der Nutzung der Informationen und Dienste auf https:\/\/dacasas.online erkl\u00e4ren Sie sich damit einverstanden...<\/p>","protected":false},"author":2,"featured_media":0,"parent":0,"menu_order":0,"comment_status":"closed","ping_status":"closed","template":"","meta":{"footnotes":""},"class_list":["post-3","page","type-page","status-publish","hentry"],"_links":{"self":[{"href":"https:\/\/dacasas.es\/de\/wp-json\/wp\/v2\/pages\/3","targetHints":{"allow":["GET"]}}],"collection":[{"href":"https:\/\/dacasas.es\/de\/wp-json\/wp\/v2\/pages"}],"about":[{"href":"https:\/\/dacasas.es\/de\/wp-json\/wp\/v2\/types\/page"}],"author":[{"embeddable":true,"href":"https:\/\/dacasas.es\/de\/wp-json\/wp\/v2\/users\/2"}],"replies":[{"embeddable":true,"href":"https:\/\/dacasas.es\/de\/wp-json\/wp\/v2\/comments?post=3"}],"version-history":[{"count":2,"href":"https:\/\/dacasas.es\/de\/wp-json\/wp\/v2\/pages\/3\/revisions"}],"predecessor-version":[{"id":5085,"href":"https:\/\/dacasas.es\/de\/wp-json\/wp\/v2\/pages\/3\/revisions\/5085"}],"wp:attachment":[{"href":"https:\/\/dacasas.es\/de\/wp-json\/wp\/v2\/media?parent=3"}],"curies":[{"name":"wp","href":"https:\/\/api.w.org\/{rel}","templated":true}]}}